{"id":31254,"date":"2024-08-18T19:46:48","date_gmt":"2024-08-24T13:33:58","guid":{"rendered":"https:\/\/staging.nbg.eu\/product\/termek-4\/"},"modified":"2025-01-29T09:09:58","modified_gmt":"2025-01-29T09:09:58","slug":"flex-tok-szin-betetek","status":"publish","type":"product","link":"https:\/\/staging.nbg.eu\/hu\/termek\/flex-tok-szin-betetek\/","title":{"rendered":"Flex Tok Sz\u00edn Bet\u00e9tek"},"content":{"rendered":"<div class=\"product-description\">\n<h2>Flex Tok Sz\u00ednes Bet\u00e9tek<\/h2>\n<p>Szem\u00e9lyre szabhatja Flex tokj\u00e1t ezekkel a l\u00e9zerrel v\u00e1gott m\u0171anyag log\u00f3 bet\u00e9tekkel. K\u00fcl\u00f6nb\u00f6z\u0151 sz\u00ednekben el\u00e9rhet\u0151k.<\/p>\n<ul>\n<li>Egyszer\u0171 felhelyez\u00e9s 3M ragaszt\u00f3val<\/li>\n<li>Elt\u00e1vol\u00edthat\u00f3 sz\u00edncsere c\u00e9lj\u00e1b\u00f3l (elt\u00e1vol\u00edt\u00e1skor elt\u00f6rhet)<\/li>\n<li>\u00c1tl\u00e1tsz\u00f3 v\u00e9d\u0151f\u00f3lia mell\u00e9kelve (elt\u00e1vol\u00edthat\u00f3 a jobb megjelen\u00e9s\u00e9rt)<\/li>\n<\/ul>\n<p>V\u00e1lasszon sz\u00edneink k\u00f6z\u00fcl:<\/p>\n<ul class=\"color-options\">\n<li>Fekete<\/li>\n<li>K\u00e9k<\/li>\n<li>R\u00e9z<\/li>\n<li>Arany<\/li>\n<li>Narancss\u00e1rga<\/li>\n<li>Piros<\/li>\n<li>Ez\u00fcst<\/li>\n<li>S\u00e1rga<\/li>\n<\/ul>\n<p>Friss\u00edtse Flex tokja megjelen\u00e9s\u00e9t ezekkel a sz\u00ednes bet\u00e9tekkel.<\/p>\n<\/div>\n","protected":false},"excerpt":{"rendered":"<p>Testreszabhat\u00f3 sz\u00edn\u0171 bet\u00e9tek a Flex Holsterhez: k\u00f6nnyen felszerelhet\u0151k, elt\u00e1vol\u00edthat\u00f3k.<\/p>\n","protected":false},"featured_media":29700,"template":"","meta":{"_acf_changed":false},"product_brand":[],"product_cat":[12959,12954,12921],"product_tag":[],"class_list":{"0":"post-31254","1":"product","2":"type-product","3":"status-publish","4":"has-post-thumbnail","6":"product_cat-sport-tok","7":"product_cat-tok-kiegeszitok","8":"product_cat-tokk","10":"first","11":"instock","12":"taxable","13":"shipping-taxable","14":"purchasable","15":"product-type-variable","16":"wvs-archive-product-wrapper"},"acf":[],"_links":{"self":[{"href":"https:\/\/staging.nbg.eu\/hu\/wp-json\/wp\/v2\/product\/31254","targetHints":{"allow":["GET"]}}],"collection":[{"href":"https:\/\/staging.nbg.eu\/hu\/wp-json\/wp\/v2\/product"}],"about":[{"href":"https:\/\/staging.nbg.eu\/hu\/wp-json\/wp\/v2\/types\/product"}],"wp:featuredmedia":[{"embeddable":true,"href":"https:\/\/staging.nbg.eu\/hu\/wp-json\/wp\/v2\/media\/29700"}],"wp:attachment":[{"href":"https:\/\/staging.nbg.eu\/hu\/wp-json\/wp\/v2\/media?parent=31254"}],"wp:term":[{"taxonomy":"product_brand","embeddable":true,"href":"https:\/\/staging.nbg.eu\/hu\/wp-json\/wp\/v2\/product_brand?post=31254"},{"taxonomy":"product_cat","embeddable":true,"href":"https:\/\/staging.nbg.eu\/hu\/wp-json\/wp\/v2\/product_cat?post=31254"},{"taxonomy":"product_tag","embeddable":true,"href":"https:\/\/staging.nbg.eu\/hu\/wp-json\/wp\/v2\/product_tag?post=31254"}],"curies":[{"name":"wp","href":"https:\/\/api.w.org\/{rel}","templated":true}]}}