{"id":31091,"date":"2024-08-18T19:53:51","date_gmt":"2024-08-24T13:31:38","guid":{"rendered":"https:\/\/staging.nbg.eu\/product\/daa-dry-fire-practice-mag\/"},"modified":"2024-08-24T13:33:23","modified_gmt":"2024-08-24T13:33:23","slug":"daa-szaraz-gyakorlo-tar","status":"publish","type":"product","link":"https:\/\/staging.nbg.eu\/hu\/termek\/daa-szaraz-gyakorlo-tar\/","title":{"rendered":"Daa Sz\u00e1raz Gyakorl\u00f3 T\u00e1r"},"content":{"rendered":"<div class=\"product-description\">\n<h2>Daa sz\u00e1raz t\u00fczel\u00e9si gyakorl\u00f3 t\u00e1r a Double Alpha Academy-t\u0151l<\/h2>\n<p>Fejlessze l\u00f6v\u00e9szeti k\u00e9pess\u00e9geit a Daa sz\u00e1raz t\u00fczel\u00e9si gyakorl\u00f3 t\u00e1rral. Ez az innovat\u00edv eszk\u00f6z biztons\u00e1gos \u00e9s hat\u00e9kony sz\u00e1raz t\u00fczel\u00e9si edz\u00e9st tesz lehet\u0151v\u00e9 otthon vagy a l\u0151t\u00e9ren.<\/p>\n<ul>\n<li>Kompatibilis a legt\u00f6bb 9mm\/.40-es dupla soros t\u00e1rral<\/li>\n<li>Val\u00f3s\u00e1gh\u0171 s\u00faly \u00e9s \u00e9rzet az autentikus gyakorl\u00e1shoz<\/li>\n<li>Tart\u00f3s kivitel a hossz\u00fa \u00e9lettartam\u00e9rt<\/li>\n<li>Seg\u00edt jav\u00edtani az els\u00fct\u0151 billenty\u0171 kezel\u00e9s\u00e9t \u00e9s az ir\u00e1nyz\u00e9k be\u00e1ll\u00edt\u00e1s\u00e1t<\/li>\n<li>T\u00f6k\u00e9letes IPSC \u00e9s USPSA versenyz\u0151knek<\/li>\n<\/ul>\n<p>Emelje l\u00f6v\u00e9szeti teljes\u00edtm\u00e9ny\u00e9t \u00e9l\u0151 l\u0151szer n\u00e9lk\u00fcl. Rendelje meg Daa sz\u00e1raz t\u00fczel\u00e9si gyakorl\u00f3 t\u00e1r\u00e1t m\u00e9g ma!<\/p>\n<\/div>\n","protected":false},"excerpt":{"rendered":"<p>Daa sz\u00e1razt\u00fczel\u0151 t\u00e1r: Biztons\u00e1gos, val\u00f3s\u00e1gh\u0171 gyakorl\u00e1s k\u00e9zifegyver-k\u00e9szs\u00e9gek fejleszt\u00e9s\u00e9hez.<\/p>\n","protected":false},"featured_media":29838,"template":"","meta":{"_acf_changed":false},"product_brand":[11267],"product_cat":[12934,12955],"product_tag":[],"class_list":{"0":"post-31091","1":"product","2":"type-product","3":"status-publish","4":"has-post-thumbnail","6":"product_brand-doublealpha","7":"product_cat-felszereles","8":"product_cat-szaraz-gyakorlas","10":"first","11":"instock","12":"taxable","13":"shipping-taxable","14":"purchasable","15":"product-type-variable","16":"wvs-archive-product-wrapper"},"acf":[],"_links":{"self":[{"href":"https:\/\/staging.nbg.eu\/hu\/wp-json\/wp\/v2\/product\/31091","targetHints":{"allow":["GET"]}}],"collection":[{"href":"https:\/\/staging.nbg.eu\/hu\/wp-json\/wp\/v2\/product"}],"about":[{"href":"https:\/\/staging.nbg.eu\/hu\/wp-json\/wp\/v2\/types\/product"}],"wp:featuredmedia":[{"embeddable":true,"href":"https:\/\/staging.nbg.eu\/hu\/wp-json\/wp\/v2\/media\/29838"}],"wp:attachment":[{"href":"https:\/\/staging.nbg.eu\/hu\/wp-json\/wp\/v2\/media?parent=31091"}],"wp:term":[{"taxonomy":"product_brand","embeddable":true,"href":"https:\/\/staging.nbg.eu\/hu\/wp-json\/wp\/v2\/product_brand?post=31091"},{"taxonomy":"product_cat","embeddable":true,"href":"https:\/\/staging.nbg.eu\/hu\/wp-json\/wp\/v2\/product_cat?post=31091"},{"taxonomy":"product_tag","embeddable":true,"href":"https:\/\/staging.nbg.eu\/hu\/wp-json\/wp\/v2\/product_tag?post=31091"}],"curies":[{"name":"wp","href":"https:\/\/api.w.org\/{rel}","templated":true}]}}