{"id":31049,"date":"2024-08-19T17:23:05","date_gmt":"2024-08-24T13:28:51","guid":{"rendered":"https:\/\/staging.nbg.eu\/product\/admin-dapper-pouch\/"},"modified":"2024-09-02T13:29:11","modified_gmt":"2024-09-02T13:29:11","slug":"admin-dapper-tasak","status":"publish","type":"product","link":"https:\/\/staging.nbg.eu\/hu\/termek\/admin-dapper-tasak\/","title":{"rendered":"Admin Dapper Tasak"},"content":{"rendered":"<div class=\"product-description\">\n<h2>BlueForceGear Admin Dapper T\u00e1ska<\/h2>\n<p>Szervezze meg alapvet\u0151 felszerel\u00e9s\u00e9t a sokoldal\u00fa Admin Dapper T\u00e1sk\u00e1val a BlueForceGear-t\u0151l. Ez a kompakt, k\u00f6nny\u0171 t\u00e1ska a k\u00f6vetkez\u0151 tulajdons\u00e1gokkal rendelkezik:<\/p>\n<ul>\n<li>Tart\u00f3s 500D Cordura anyag<\/li>\n<li>T\u00f6bb bels\u0151 zseb a hat\u00e9kony t\u00e1rol\u00e1s\u00e9rt<\/li>\n<li>Rugalmas hurkok a biztons\u00e1gos t\u00e1rgymegtart\u00e1s\u00e9rt<\/li>\n<li>YKK cipz\u00e1ras z\u00e1r\u00e1s a gyors hozz\u00e1f\u00e9r\u00e9s\u00e9rt<\/li>\n<\/ul>\n<p>T\u00f6k\u00e9letes katonai, rendv\u00e9delmi vagy mindennapi haszn\u00e1latra, az Admin Dapper T\u00e1ska rendezetten \u00e9s k\u00f6nnyen hozz\u00e1f\u00e9rhet\u0151en tartja felszerel\u00e9s\u00e9t. T\u00f6bb sz\u00ednben kaphat\u00f3, hogy illeszkedjen felszerel\u00e9s\u00e9hez vagy preferenci\u00e1ihoz.<\/p>\n<\/div>\n","protected":false},"excerpt":{"rendered":"<p>Kompakt, sokoldal\u00fa adminisztr\u00e1ci\u00f3s tasak a mindennapi hordoz\u00e1s\u00fa alapvet\u0151 kell\u00e9kekhez. Tart\u00f3s \u00e9s eleg\u00e1ns.<\/p>\n","protected":false},"featured_media":22410,"template":"","meta":{"_acf_changed":false},"product_brand":[11131],"product_cat":[12934,12925],"product_tag":[],"class_list":{"0":"post-31049","1":"product","2":"type-product","3":"status-publish","4":"has-post-thumbnail","6":"product_brand-blue-force-gear","7":"product_cat-felszereles","8":"product_cat-tasakok","10":"first","11":"instock","12":"taxable","13":"shipping-taxable","14":"purchasable","15":"product-type-simple"},"acf":[],"_links":{"self":[{"href":"https:\/\/staging.nbg.eu\/hu\/wp-json\/wp\/v2\/product\/31049","targetHints":{"allow":["GET"]}}],"collection":[{"href":"https:\/\/staging.nbg.eu\/hu\/wp-json\/wp\/v2\/product"}],"about":[{"href":"https:\/\/staging.nbg.eu\/hu\/wp-json\/wp\/v2\/types\/product"}],"wp:featuredmedia":[{"embeddable":true,"href":"https:\/\/staging.nbg.eu\/hu\/wp-json\/wp\/v2\/media\/22410"}],"wp:attachment":[{"href":"https:\/\/staging.nbg.eu\/hu\/wp-json\/wp\/v2\/media?parent=31049"}],"wp:term":[{"taxonomy":"product_brand","embeddable":true,"href":"https:\/\/staging.nbg.eu\/hu\/wp-json\/wp\/v2\/product_brand?post=31049"},{"taxonomy":"product_cat","embeddable":true,"href":"https:\/\/staging.nbg.eu\/hu\/wp-json\/wp\/v2\/product_cat?post=31049"},{"taxonomy":"product_tag","embeddable":true,"href":"https:\/\/staging.nbg.eu\/hu\/wp-json\/wp\/v2\/product_tag?post=31049"}],"curies":[{"name":"wp","href":"https:\/\/api.w.org\/{rel}","templated":true}]}}