{"id":30991,"date":"2024-08-18T19:55:34","date_gmt":"2024-08-24T13:23:44","guid":{"rendered":"https:\/\/staging.nbg.eu\/product\/termek-3\/"},"modified":"2024-08-24T13:26:14","modified_gmt":"2024-08-24T13:26:14","slug":"sordin-supreme-pro-x-hallasvedelem","status":"publish","type":"product","link":"https:\/\/staging.nbg.eu\/hu\/termek\/sordin-supreme-pro-x-hallasvedelem\/","title":{"rendered":"Sordin Supreme-Pro X Hall\u00e1sv\u00e9delem"},"content":{"rendered":"<div class=\"product-description\">\n<h2>Sordin Supreme-Pro X hall\u00e1sv\u00e9d\u0151<\/h2>\n<p>Tapasztalja meg a kiv\u00e1l\u00f3 hall\u00e1sv\u00e9delmet a Sordin Supreme-Pro X-szel. Ezek a fejlett f\u00fclv\u00e9d\u0151k a k\u00f6vetkez\u0151ket k\u00edn\u00e1lj\u00e1k:<\/p>\n<ul>\n<li>Akt\u00edv zajcs\u00f6kkent\u00e9s az optim\u00e1lis biztons\u00e1g\u00e9rt<\/li>\n<li>K\u00f6rnyezeti hang er\u0151s\u00edt\u00e9se a helyzetfelismer\u00e9s \u00e9rdek\u00e9ben<\/li>\n<li>V\u00edz\u00e1ll\u00f3 kialak\u00edt\u00e1s minden id\u0151j\u00e1r\u00e1si k\u00f6r\u00fclm\u00e9nyhez<\/li>\n<li>K\u00e9nyelmes, ergonomikus illeszked\u00e9s a hosszan tart\u00f3 visel\u00e9shez<\/li>\n<li>Karcs\u00fa profil a t\u00f6bbi felszerel\u00e9ssel val\u00f3 z\u00f6kken\u0151mentes integr\u00e1ci\u00f3hoz<\/li>\n<\/ul>\n<p>T\u00f6k\u00e9letes l\u00f6v\u00e9szethez, vad\u00e1szathoz vagy ipari alkalmaz\u00e1sokhoz, a Supreme-Pro X p\u00e1ratlan hall\u00e1sv\u00e9delmet ny\u00fajt an\u00e9lk\u00fcl, hogy kompromisszumot kellene k\u00f6tni a kommunik\u00e1ci\u00f3 vagy a k\u00f6rnyezeti tudatoss\u00e1g ter\u00e9n. V\u00e9dje hall\u00e1s\u00e1t a Sordin \u00e9lvonalbeli technol\u00f3gi\u00e1j\u00e1val.<\/p>\n<\/div>\n","protected":false},"excerpt":{"rendered":"<p>Sordin Supreme-Pro X: Elit f\u00fclv\u00e9delem krist\u00e1lytiszta hangz\u00e1ssal.<\/p>\n","protected":false},"featured_media":30275,"template":"","meta":{"_acf_changed":false},"product_brand":[],"product_cat":[12934,12929,12983],"product_tag":[],"class_list":{"0":"post-30991","1":"product","2":"type-product","3":"status-publish","4":"has-post-thumbnail","6":"product_cat-felszereles","7":"product_cat-hallasvedelem","8":"product_cat-kategorizalatlan","10":"first","11":"instock","12":"taxable","13":"shipping-taxable","14":"purchasable","15":"product-type-variable","16":"wvs-archive-product-wrapper"},"acf":[],"_links":{"self":[{"href":"https:\/\/staging.nbg.eu\/hu\/wp-json\/wp\/v2\/product\/30991","targetHints":{"allow":["GET"]}}],"collection":[{"href":"https:\/\/staging.nbg.eu\/hu\/wp-json\/wp\/v2\/product"}],"about":[{"href":"https:\/\/staging.nbg.eu\/hu\/wp-json\/wp\/v2\/types\/product"}],"wp:featuredmedia":[{"embeddable":true,"href":"https:\/\/staging.nbg.eu\/hu\/wp-json\/wp\/v2\/media\/30275"}],"wp:attachment":[{"href":"https:\/\/staging.nbg.eu\/hu\/wp-json\/wp\/v2\/media?parent=30991"}],"wp:term":[{"taxonomy":"product_brand","embeddable":true,"href":"https:\/\/staging.nbg.eu\/hu\/wp-json\/wp\/v2\/product_brand?post=30991"},{"taxonomy":"product_cat","embeddable":true,"href":"https:\/\/staging.nbg.eu\/hu\/wp-json\/wp\/v2\/product_cat?post=30991"},{"taxonomy":"product_tag","embeddable":true,"href":"https:\/\/staging.nbg.eu\/hu\/wp-json\/wp\/v2\/product_tag?post=30991"}],"curies":[{"name":"wp","href":"https:\/\/api.w.org\/{rel}","templated":true}]}}