{"id":290581,"date":"2025-03-02T07:15:36","date_gmt":"2025-03-02T07:15:36","guid":{"rendered":"https:\/\/staging.nbg.eu\/prodcut\/two-vets-tripod-with-area-419-arcalock-dual-clamp-the-qdt-v2-ls-i\/"},"modified":"2025-03-27T10:50:14","modified_gmt":"2025-03-27T10:50:14","slug":"two-vets-haromlabu-area-419-arcalock-dupla-szoritoval-qdt-v2-ls-i","status":"publish","type":"product","link":"https:\/\/staging.nbg.eu\/hu\/termek\/two-vets-haromlabu-area-419-arcalock-dupla-szoritoval-qdt-v2-ls-i\/","title":{"rendered":"Two Vets H\u00e1roml\u00e1b\u00fa Area 419 ARCALOCK Dupla Szor\u00edt\u00f3val &#8211; QDT V2 LS I"},"content":{"rendered":"<h2>Two Vets Tripod Area 419 ARCALOCK dupla r\u00f6gz\u00edt\u0151vel &#8211; QDT V2 LS I<\/h2>\n<p>A GripChanger l\u00f6v\u00e9szeti kieg\u00e9sz\u00edt\u0151nk \u00faj eleme. Ez az 1 fontos, kompakt t\u00e1ska gyors poz\u00edcion\u00e1l\u00e1sra \u00e9s kis ny\u00edl\u00e1sokban val\u00f3 haszn\u00e1latra alkalmas. Tapad\u00f3s, s\u0171r\u0171n t\u00f6lt\u00f6tt kialak\u00edt\u00e1sa lehet\u0151v\u00e9 teszi, hogy b\u00e1rmilyen fel\u00fcleten megkapaszkodjon, stabil alapot biztos\u00edtva.<\/p>\n<h2>A k\u00e9szlet tartalma:<\/h2>\n<ul>\n<li>1 egyedi Area 419 GripChanger t\u00e1ska<\/li>\n<li>1 ARCALOCK r\u00f6gz\u00edt\u0151<\/li>\n<li>1 Area 419 s\u00ednv\u00e1lt\u00f3 kar<\/li>\n<\/ul>\n<p><strong>M\u00e9retek:<\/strong> 25,4 cm \u00d7 7,62 cm \u00d7 5,08 cm<br \/>\n<strong>Gy\u00e1rt\u00f3:<\/strong> Armageddon Gear<\/p>\n<p>A GripChanger k\u00e9szlet sokoldal\u00fa \u00e9s megb\u00edzhat\u00f3 eszk\u00f6z a l\u00f6v\u00e9szethez.<\/p>\n","protected":false},"excerpt":{"rendered":"<p>Sokoldal\u00fa \u00e1llv\u00e1ny kett\u0151s r\u00f6gz\u00edt\u0151vel a gyors \u00e9s stabil felv\u00e9teli poz\u00edci\u00f3k \u00e9rdek\u00e9ben.<\/p>\n","protected":false},"featured_media":233728,"template":"","meta":{"_acf_changed":false},"product_brand":[11039],"product_cat":[12960,12967],"product_tag":[],"class_list":{"0":"post-290581","1":"product","2":"type-product","3":"status-publish","4":"has-post-thumbnail","6":"product_brand-area-419","7":"product_cat-ketlabuak","8":"product_cat-puska","10":"first","11":"instock","12":"taxable","13":"shipping-taxable","14":"purchasable","15":"product-type-simple"},"acf":[],"_links":{"self":[{"href":"https:\/\/staging.nbg.eu\/hu\/wp-json\/wp\/v2\/product\/290581","targetHints":{"allow":["GET"]}}],"collection":[{"href":"https:\/\/staging.nbg.eu\/hu\/wp-json\/wp\/v2\/product"}],"about":[{"href":"https:\/\/staging.nbg.eu\/hu\/wp-json\/wp\/v2\/types\/product"}],"wp:featuredmedia":[{"embeddable":true,"href":"https:\/\/staging.nbg.eu\/hu\/wp-json\/wp\/v2\/media\/233728"}],"wp:attachment":[{"href":"https:\/\/staging.nbg.eu\/hu\/wp-json\/wp\/v2\/media?parent=290581"}],"wp:term":[{"taxonomy":"product_brand","embeddable":true,"href":"https:\/\/staging.nbg.eu\/hu\/wp-json\/wp\/v2\/product_brand?post=290581"},{"taxonomy":"product_cat","embeddable":true,"href":"https:\/\/staging.nbg.eu\/hu\/wp-json\/wp\/v2\/product_cat?post=290581"},{"taxonomy":"product_tag","embeddable":true,"href":"https:\/\/staging.nbg.eu\/hu\/wp-json\/wp\/v2\/product_tag?post=290581"}],"curies":[{"name":"wp","href":"https:\/\/api.w.org\/{rel}","templated":true}]}}