{"id":290346,"date":"2025-03-02T06:33:52","date_gmt":"2025-03-27T10:02:53","guid":{"rendered":"https:\/\/staging.nbg.eu\/prodcut\/area-419-railchanger-og-bag\/"},"modified":"2025-03-27T10:05:19","modified_gmt":"2025-03-27T10:05:19","slug":"area-419-railchanger-og-taska","status":"publish","type":"product","link":"https:\/\/staging.nbg.eu\/hu\/termek\/area-419-railchanger-og-taska\/","title":{"rendered":"Area 419 &#8211; RailChanger OG Taska"},"content":{"rendered":"<h2>Area 419 &#8211; RailChanger OG T\u00e1ska<\/h2>\n<p>Az Armageddon Gear RailChanger OG t\u00e1sk\u00e1ja az RCX rendszerhez. Ez a teljes m\u00e9ret\u0171 OG GameChanger egyedi l\u00e9zerv\u00e1gott panelekkel rendelkezik a tetej\u00e9n \u00e9s oldal\u00e1n, lehet\u0151v\u00e9 t\u00e9ve az RCX rendszerrel val\u00f3 integr\u00e1ci\u00f3t.<\/p>\n<h2>F\u0151bb jellemz\u0151k:<\/h2>\n<ul>\n<li>Az RCX rendszerhez tervezve<\/li>\n<li>Egyedi l\u00e9zerv\u00e1gott panelek a biztons\u00e1gos r\u00f6gz\u00edt\u00e9shez<\/li>\n<li>Teljes m\u00e9ret\u0171 OG GameChanger kialak\u00edt\u00e1s<\/li>\n<li>Tart\u00f3s konstrukci\u00f3<\/li>\n<\/ul>\n<h2>Specifik\u00e1ci\u00f3k:<\/h2>\n<ul>\n<li>S\u00faly: 3,2 kg<\/li>\n<li>M\u00e9retek: 25,4 \u00d7 17,8 \u00d7 15,2 cm<\/li>\n<li>El\u00e9rhet\u0151 sz\u00ednek: Fekete, B\u00e9zs<\/li>\n<\/ul>\n<p>A RailChanger OG t\u00e1ska pontoss\u00e1got \u00e9s stabilit\u00e1st biztos\u00edt. Ez a t\u00e1ska az RCX rendszer tervez\u00e9sekor elk\u00e9pzelt modell.<\/p>\n","protected":false},"excerpt":{"rendered":"<p>Egyedi GameChanger t\u00e1ska RCX-hez: l\u00e9zerv\u00e1gott panelek, teljes m\u00e9ret\u0171, sokoldal\u00fa.<\/p>\n","protected":false},"featured_media":233471,"template":"","meta":{"_acf_changed":false},"product_brand":[11039],"product_cat":[12967],"product_tag":[],"class_list":{"0":"post-290346","1":"product","2":"type-product","3":"status-publish","4":"has-post-thumbnail","6":"product_brand-area-419","7":"product_cat-puska","9":"first","10":"outofstock","11":"taxable","12":"shipping-taxable","13":"purchasable","14":"product-type-variable","15":"wvs-archive-product-wrapper"},"acf":[],"_links":{"self":[{"href":"https:\/\/staging.nbg.eu\/hu\/wp-json\/wp\/v2\/product\/290346","targetHints":{"allow":["GET"]}}],"collection":[{"href":"https:\/\/staging.nbg.eu\/hu\/wp-json\/wp\/v2\/product"}],"about":[{"href":"https:\/\/staging.nbg.eu\/hu\/wp-json\/wp\/v2\/types\/product"}],"wp:featuredmedia":[{"embeddable":true,"href":"https:\/\/staging.nbg.eu\/hu\/wp-json\/wp\/v2\/media\/233471"}],"wp:attachment":[{"href":"https:\/\/staging.nbg.eu\/hu\/wp-json\/wp\/v2\/media?parent=290346"}],"wp:term":[{"taxonomy":"product_brand","embeddable":true,"href":"https:\/\/staging.nbg.eu\/hu\/wp-json\/wp\/v2\/product_brand?post=290346"},{"taxonomy":"product_cat","embeddable":true,"href":"https:\/\/staging.nbg.eu\/hu\/wp-json\/wp\/v2\/product_cat?post=290346"},{"taxonomy":"product_tag","embeddable":true,"href":"https:\/\/staging.nbg.eu\/hu\/wp-json\/wp\/v2\/product_tag?post=290346"}],"curies":[{"name":"wp","href":"https:\/\/api.w.org\/{rel}","templated":true}]}}