{"id":290220,"date":"2025-03-02T10:02:47","date_gmt":"2025-03-02T10:02:47","guid":{"rendered":"https:\/\/staging.nbg.eu\/prodcut\/area-419-arcalock-rail-for-barrett-mrad-mk22-sniper-system\/"},"modified":"2025-03-27T09:57:33","modified_gmt":"2025-03-27T09:57:33","slug":"area-419-arcalock-sin-barrett-mrad-mk22-mesterlovo-rendszerhez","status":"publish","type":"product","link":"https:\/\/staging.nbg.eu\/hu\/termek\/area-419-arcalock-sin-barrett-mrad-mk22-mesterlovo-rendszerhez\/","title":{"rendered":"Area 419 &#8211; ARCALOCK Sin Barrett MRAD, MK22 Mesterlovo Rendszerhez"},"content":{"rendered":"<div class=\"product-description\">\n<h2>Area 419 &#8211; ARCALOCK s\u00edn Barrett MRAD \u00e9s MK22 mesterl\u00f6v\u00e9sz rendszerekhez<\/h2>\n<p>Az Area 419 ARCALOCK s\u00edn a Barrett MRAD vagy MK22 mesterl\u00f6v\u00e9sz rendszerekhez. Ez a kieg\u00e9sz\u00edt\u0151 a k\u00f6vetkez\u0151ket k\u00edn\u00e1lja:<\/p>\n<ul>\n<li>Kompatibilit\u00e1s Barrett MRAD \u00e9s MK22 platformokkal<\/li>\n<li>7075-T6 alum\u00ednium szerkezet<\/li>\n<li>ARCALOCK r\u00f6gz\u00edt\u00e9si rendszer<\/li>\n<li>Hosszabb fels\u0151 s\u00edn tov\u00e1bbi kieg\u00e9sz\u00edt\u0151k felszerel\u00e9s\u00e9hez<\/li>\n<li>M-LOK kompatibilis oldalak \u00e9s als\u00f3 r\u00e9sz<\/li>\n<li>K\u00f6nny\u0171 kialak\u00edt\u00e1s<\/li>\n<li>Kem\u00e9ny elox\u00e1lt fel\u00fclet korr\u00f3zi\u00f3v\u00e9delemmel<\/li>\n<\/ul>\n<p>Az Area 419 ARCALOCK s\u00edn kieg\u00e9sz\u00edt\u0151 mesterl\u00f6v\u00e9szek \u00e9s katonai szakemberek sz\u00e1m\u00e1ra.<\/p>\n<\/div>\n","protected":false},"excerpt":{"rendered":"<p>Prec\u00edzi\u00f3s gy\u00e1rt\u00e1s\u00fa ARCALOCK s\u00edn Barrett MRAD\/MK22-hez. Jav\u00edtja a pontoss\u00e1got \u00e9s a kieg\u00e9sz\u00edt\u0151k r\u00f6gz\u00edt\u00e9s\u00e9t.<\/p>\n","protected":false},"featured_media":234167,"template":"","meta":{"_acf_changed":false},"product_brand":[11039],"product_cat":[12967,12915],"product_tag":[],"class_list":{"0":"post-290220","1":"product","2":"type-product","3":"status-publish","4":"has-post-thumbnail","6":"product_brand-area-419","7":"product_cat-puska","8":"product_cat-sinek","10":"first","11":"instock","12":"taxable","13":"shipping-taxable","14":"purchasable","15":"product-type-simple"},"acf":[],"_links":{"self":[{"href":"https:\/\/staging.nbg.eu\/hu\/wp-json\/wp\/v2\/product\/290220","targetHints":{"allow":["GET"]}}],"collection":[{"href":"https:\/\/staging.nbg.eu\/hu\/wp-json\/wp\/v2\/product"}],"about":[{"href":"https:\/\/staging.nbg.eu\/hu\/wp-json\/wp\/v2\/types\/product"}],"wp:featuredmedia":[{"embeddable":true,"href":"https:\/\/staging.nbg.eu\/hu\/wp-json\/wp\/v2\/media\/234167"}],"wp:attachment":[{"href":"https:\/\/staging.nbg.eu\/hu\/wp-json\/wp\/v2\/media?parent=290220"}],"wp:term":[{"taxonomy":"product_brand","embeddable":true,"href":"https:\/\/staging.nbg.eu\/hu\/wp-json\/wp\/v2\/product_brand?post=290220"},{"taxonomy":"product_cat","embeddable":true,"href":"https:\/\/staging.nbg.eu\/hu\/wp-json\/wp\/v2\/product_cat?post=290220"},{"taxonomy":"product_tag","embeddable":true,"href":"https:\/\/staging.nbg.eu\/hu\/wp-json\/wp\/v2\/product_tag?post=290220"}],"curies":[{"name":"wp","href":"https:\/\/api.w.org\/{rel}","templated":true}]}}