{"id":290009,"date":"2025-03-06T10:55:57","date_gmt":"2025-03-06T10:55:57","guid":{"rendered":"https:\/\/staging.nbg.eu\/prodcut\/surefire-xr1-a-weapon-light\/"},"modified":"2025-03-26T21:50:33","modified_gmt":"2025-03-26T21:50:33","slug":"surefire-xr1-a-fegyverlampa","status":"publish","type":"product","link":"https:\/\/staging.nbg.eu\/hu\/termek\/surefire-xr1-a-fegyverlampa\/","title":{"rendered":"SureFire XR1-A Fegyverlampa"},"content":{"rendered":"<div class=\"product-description\">\n<h2>SureFire XR1-A Fegyverl\u00e1mpa<\/h2>\n<p>A SureFire XR1-A egy \u00fajrat\u00f6lthet\u0151 fegyverl\u00e1mpa rejtett hord\u00e1shoz. Ez a kompakt eszk\u00f6z 800 lumen f\u00e9nyer\u0151t biztos\u00edt, ami alkalmas k\u00f6zepes m\u00e9ret\u0171, elrejthet\u0151 k\u00e9zifegyverekhez.<\/p>\n<h2>F\u0151 jellemz\u0151k:<\/h2>\n<ul>\n<li>K\u00e9t visszal\u00f6k\u00e9s-\u00e1ll\u00f3 LED 800 lumen f\u00e9nyer\u0151vel<\/li>\n<li>Hibrid f\u00e9nysug\u00e1r mint\u00e1zat azonos\u00edt\u00e1shoz \u00e9s helyzetfelismer\u00e9shez<\/li>\n<li>Gyorsan lev\u00e1laszthat\u00f3, \u00fajrat\u00f6lthet\u0151 l\u00edtium-polimer akkumul\u00e1tor<\/li>\n<li>K\u00f6nny\u0171, kompakt kialak\u00edt\u00e1s (75 gramm)<\/li>\n<li>Katonai min\u0151s\u00e9g\u0171, kem\u00e9nyen elox\u00e1lt rep\u00fcl\u0151g\u00e9p-alum\u00ednium test<\/li>\n<li>Biztons\u00e1gos n\u00e9gypontos s\u00ednr\u00f6gz\u00edt\u00e9s<\/li>\n<li>K\u00e9tkezes pillanatnyi \u00e9s folyamatos bekapcsol\u00e1s<\/li>\n<li>Akkumul\u00e1torra szerelt t\u00f6lt\u00f6tts\u00e9gjelz\u0151<\/li>\n<\/ul>\n<h2>Teljes\u00edtm\u00e9ny:<\/h2>\n<ul>\n<li>Cs\u00facs f\u00e9nyer\u0151ss\u00e9g: 16 000 kandela<\/li>\n<li>\u00dczemid\u0151: 40 perc magas fokozaton<\/li>\n<li>F\u00e9nysug\u00e1r hat\u00f3t\u00e1vols\u00e1g: 250 m\u00e9ter<\/li>\n<\/ul>\n<p>Az XR1-A parabolikus reflektor technol\u00f3gi\u00e1ja egyenletes f\u00e9nysugarat biztos\u00edt. A gyorsan lev\u00e1laszthat\u00f3 akkumul\u00e1tor rendszer lehet\u0151v\u00e9 teszi a k\u00f6nny\u0171 \u00fajrat\u00f6lt\u00e9st an\u00e9lk\u00fcl, hogy a l\u00e1mp\u00e1t le kellene venni a fegyverr\u0151l.<\/p>\n<p>A SureFire XR1-A egy ultra-kompakt fegyverl\u00e1mpa, amely teljes\u00edtm\u00e9nyt, tart\u00f3ss\u00e1got \u00e9s k\u00e9nyelmet ny\u00fajt azoknak, akik j\u00f3 gyenge f\u00e9nyviszonyok k\u00f6z\u00f6tti k\u00e9pess\u00e9geket ig\u00e9nyelnek an\u00e9lk\u00fcl, hogy kompromisszumot k\u00f6tn\u00e9nek a fegyver elrejthet\u0151s\u00e9ge \u00e9s kezelhet\u0151s\u00e9ge ter\u00e9n.<\/p>\n<\/div>\n","protected":false},"excerpt":{"rendered":"<p>SureFire XR1-A: 800 lumenes \u00fajrat\u00f6lthet\u0151 fegyverl\u00e1mpa k\u00e9zi l\u0151fegyverekhez.<\/p>\n","protected":false},"featured_media":241812,"template":"","meta":{"_acf_changed":false},"product_brand":[11863],"product_cat":[12958,12924,12951],"product_tag":[],"class_list":{"0":"post-290009","1":"product","2":"type-product","3":"status-publish","4":"has-post-thumbnail","6":"product_brand-surefire","7":"product_cat-lampak","8":"product_cat-pisztoly","9":"product_cat-pisztoly-lampak","11":"first","12":"instock","13":"taxable","14":"shipping-taxable","15":"purchasable","16":"product-type-simple"},"acf":[],"_links":{"self":[{"href":"https:\/\/staging.nbg.eu\/hu\/wp-json\/wp\/v2\/product\/290009","targetHints":{"allow":["GET"]}}],"collection":[{"href":"https:\/\/staging.nbg.eu\/hu\/wp-json\/wp\/v2\/product"}],"about":[{"href":"https:\/\/staging.nbg.eu\/hu\/wp-json\/wp\/v2\/types\/product"}],"wp:featuredmedia":[{"embeddable":true,"href":"https:\/\/staging.nbg.eu\/hu\/wp-json\/wp\/v2\/media\/241812"}],"wp:attachment":[{"href":"https:\/\/staging.nbg.eu\/hu\/wp-json\/wp\/v2\/media?parent=290009"}],"wp:term":[{"taxonomy":"product_brand","embeddable":true,"href":"https:\/\/staging.nbg.eu\/hu\/wp-json\/wp\/v2\/product_brand?post=290009"},{"taxonomy":"product_cat","embeddable":true,"href":"https:\/\/staging.nbg.eu\/hu\/wp-json\/wp\/v2\/product_cat?post=290009"},{"taxonomy":"product_tag","embeddable":true,"href":"https:\/\/staging.nbg.eu\/hu\/wp-json\/wp\/v2\/product_tag?post=290009"}],"curies":[{"name":"wp","href":"https:\/\/api.w.org\/{rel}","templated":true}]}}