{"id":289898,"date":"2025-03-01T16:08:15","date_gmt":"2025-03-26T21:40:47","guid":{"rendered":"https:\/\/staging.nbg.eu\/prodcut\/area-419-arcalock-barricade-stop\/"},"modified":"2025-03-26T21:43:16","modified_gmt":"2025-03-26T21:43:16","slug":"area-419-arcalock-barikad-utkoz0","status":"publish","type":"product","link":"https:\/\/staging.nbg.eu\/hu\/termek\/area-419-arcalock-barikad-utkoz0\/","title":{"rendered":"Area 419 &#8211; ARCALOCK Barikad Utkoz0"},"content":{"rendered":"<h2>Area 419 &#8211; ARCALOCK Barrik\u00e1d \u00dctk\u00f6z\u0151<\/h2>\n<p>B\u0151v\u00edtse ARCALOCK rendszer\u00e9t ezzel a kieg\u00e9sz\u00edt\u0151 Barrik\u00e1d \u00dctk\u00f6z\u0151vel, amely stabilit\u00e1st \u00e9s pontoss\u00e1got biztos\u00edt.<\/p>\n<h2>F\u0151bb jellemz\u0151k:<\/h2>\n<ul>\n<li>Kompatibilis csavarmint\u00e1zat az Atlas bip\u00f3ddal<\/li>\n<li>Sokoldal\u00fa felszerel\u00e9s: a szor\u00edt\u00f3 \u00e9s a bip\u00f3d k\u00f6z\u00e9 vagy \u00f6n\u00e1ll\u00f3an haszn\u00e1lhat\u00f3<\/li>\n<li>El\u00fcls\u0151 fogak a jobb barrik\u00e1d tapad\u00e1s\u00e9rt<\/li>\n<li>H\u00e1zon bel\u00fcl prec\u00edzi\u00f3s g\u00e9ppel megmunk\u00e1lt 6061-T6 alum\u00edniumb\u00f3l<\/li>\n<li>K\u00f6nny\u0171, mind\u00f6ssze 0,23 kg<\/li>\n<li>Kompakt m\u00e9retek: 15,24 cm \u00d7 8,89 cm \u00d7 5,08 cm<\/li>\n<\/ul>\n<p><strong>Megjegyz\u00e9s:<\/strong> Csak a barrik\u00e1d \u00fctk\u00f6z\u0151; szor\u00edt\u00f3 \u00e9s bip\u00f3d nem tartoz\u00e9k. Nem kompatibilis a Harris Bip\u00f3ddal a Spigot hosszabb\u00edt\u00f3nk n\u00e9lk\u00fcl.<\/p>\n<p>Az Area 419 ARCALOCK Barrik\u00e1d \u00dctk\u00f6z\u0151 stabil tartoz\u00e9k b\u00e1rmilyen k\u00f6rnyezetben.<\/p>\n","protected":false},"excerpt":{"rendered":"<p>Area 419 ARCALOCK Barik\u00e1d \u00dctk\u00f6z\u0151: Biztos fog\u00e1s a prec\u00edzi\u00f3s l\u00f6v\u00e9szethez.<\/p>\n","protected":false},"featured_media":233041,"template":"","meta":{"_acf_changed":false},"product_brand":[11039],"product_cat":[12967,12938,12916,12915],"product_tag":[],"class_list":{"0":"post-289898","1":"product","2":"type-product","3":"status-publish","4":"has-post-thumbnail","6":"product_brand-area-419","7":"product_cat-puska","8":"product_cat-puska-markolatok","9":"product_cat-puska-tuning","10":"product_cat-sinek","12":"first","13":"instock","14":"taxable","15":"shipping-taxable","16":"purchasable","17":"product-type-simple"},"acf":[],"_links":{"self":[{"href":"https:\/\/staging.nbg.eu\/hu\/wp-json\/wp\/v2\/product\/289898","targetHints":{"allow":["GET"]}}],"collection":[{"href":"https:\/\/staging.nbg.eu\/hu\/wp-json\/wp\/v2\/product"}],"about":[{"href":"https:\/\/staging.nbg.eu\/hu\/wp-json\/wp\/v2\/types\/product"}],"wp:featuredmedia":[{"embeddable":true,"href":"https:\/\/staging.nbg.eu\/hu\/wp-json\/wp\/v2\/media\/233041"}],"wp:attachment":[{"href":"https:\/\/staging.nbg.eu\/hu\/wp-json\/wp\/v2\/media?parent=289898"}],"wp:term":[{"taxonomy":"product_brand","embeddable":true,"href":"https:\/\/staging.nbg.eu\/hu\/wp-json\/wp\/v2\/product_brand?post=289898"},{"taxonomy":"product_cat","embeddable":true,"href":"https:\/\/staging.nbg.eu\/hu\/wp-json\/wp\/v2\/product_cat?post=289898"},{"taxonomy":"product_tag","embeddable":true,"href":"https:\/\/staging.nbg.eu\/hu\/wp-json\/wp\/v2\/product_tag?post=289898"}],"curies":[{"name":"wp","href":"https:\/\/api.w.org\/{rel}","templated":true}]}}