{"id":289777,"date":"2025-03-01T16:03:10","date_gmt":"2025-03-26T21:35:41","guid":{"rendered":"https:\/\/staging.nbg.eu\/prodcut\/area-419-arcalock-8-universal-dovetail-rail\/"},"modified":"2025-03-26T21:38:10","modified_gmt":"2025-03-26T21:38:10","slug":"area-419-arcalock-8-univerzalis-fecskefarku-sin","status":"publish","type":"product","link":"https:\/\/staging.nbg.eu\/hu\/termek\/area-419-arcalock-8-univerzalis-fecskefarku-sin\/","title":{"rendered":"Area 419 &#8211; ARCALOCK 8&#8243; Univerzalis Fecskef\u0430\u0440ku Sin"},"content":{"rendered":"<div class=\"product-description\">\n<h2>Area 419 &#8211; ARCALOCK 8&#8243; Univerz\u00e1lis Fecskefark\u00fa S\u00edn<\/h2>\n<p>Az Area 419 ARCALOCK 8&#8243; Univerz\u00e1lis Fecskefark\u00fa S\u00edn jellemz\u0151i:<\/p>\n<ul>\n<li>Rec\u00e9zett oldalak az Area 419 bilincsekkel val\u00f3 mechanikus r\u00f6gz\u00edt\u00e9shez<\/li>\n<li>Kompatibilis a szabv\u00e1nyos ARCA kieg\u00e9sz\u00edt\u0151kkel<\/li>\n<li>8&#8243; hossz\u00fas\u00e1g a teljes el\u0151agy lefed\u00e9s\u00e9hez<\/li>\n<li>K\u00f6nny\u0171 szerkezet, mind\u00f6ssze 3 uncia s\u00faly\u00fa<\/li>\n<li>Megfelel az RRS 1.5&#8243; Fecskefark\u00fa Szabv\u00e1nynak<\/li>\n<li>Lekerek\u00edtett \u00e9lek<\/li>\n<li>3-as t\u00edpus\u00fa kem\u00e9nybevonat\u00fa elox\u00e1lt fel\u00fclet<\/li>\n<li>Az USA-ban k\u00e9sz\u00fclt 6061-T6 alum\u00edniumb\u00f3l<\/li>\n<\/ul>\n<p>Az ARCALOCK s\u00edndrendszer stabilit\u00e1st \u00e9s sokoldal\u00fas\u00e1got biztos\u00edt.<\/p>\n<\/div>\n","protected":false},"excerpt":{"rendered":"<p>Area 419 ARCALOCK: 20 cm-es r\u00f6gz\u00edthet\u0151 fecskefark\u00fa s\u00edn prec\u00edzi\u00f3s pusk\u00e1khoz.<\/p>\n","protected":false},"featured_media":232891,"template":"","meta":{"_acf_changed":false},"product_brand":[11039],"product_cat":[12967,12915,390],"product_tag":[],"class_list":{"0":"post-289777","1":"product","2":"type-product","3":"status-publish","4":"has-post-thumbnail","6":"product_brand-area-419","7":"product_cat-puska","8":"product_cat-sinek","9":"product_cat-aiming","11":"first","12":"instock","13":"taxable","14":"shipping-taxable","15":"purchasable","16":"product-type-simple"},"acf":[],"_links":{"self":[{"href":"https:\/\/staging.nbg.eu\/hu\/wp-json\/wp\/v2\/product\/289777","targetHints":{"allow":["GET"]}}],"collection":[{"href":"https:\/\/staging.nbg.eu\/hu\/wp-json\/wp\/v2\/product"}],"about":[{"href":"https:\/\/staging.nbg.eu\/hu\/wp-json\/wp\/v2\/types\/product"}],"wp:featuredmedia":[{"embeddable":true,"href":"https:\/\/staging.nbg.eu\/hu\/wp-json\/wp\/v2\/media\/232891"}],"wp:attachment":[{"href":"https:\/\/staging.nbg.eu\/hu\/wp-json\/wp\/v2\/media?parent=289777"}],"wp:term":[{"taxonomy":"product_brand","embeddable":true,"href":"https:\/\/staging.nbg.eu\/hu\/wp-json\/wp\/v2\/product_brand?post=289777"},{"taxonomy":"product_cat","embeddable":true,"href":"https:\/\/staging.nbg.eu\/hu\/wp-json\/wp\/v2\/product_cat?post=289777"},{"taxonomy":"product_tag","embeddable":true,"href":"https:\/\/staging.nbg.eu\/hu\/wp-json\/wp\/v2\/product_tag?post=289777"}],"curies":[{"name":"wp","href":"https:\/\/api.w.org\/{rel}","templated":true}]}}