{"id":289676,"date":"2025-03-01T15:55:52","date_gmt":"2025-03-26T21:32:24","guid":{"rendered":"https:\/\/staging.nbg.eu\/prodcut\/area-419-arcalock-4-25-universal-dovetail-rail\/"},"modified":"2025-03-26T21:34:56","modified_gmt":"2025-03-26T21:34:56","slug":"area-419-arcalock-425-univerzalis-fecskefarku-sin","status":"publish","type":"product","link":"https:\/\/staging.nbg.eu\/hu\/termek\/area-419-arcalock-425-univerzalis-fecskefarku-sin\/","title":{"rendered":"Area 419 &#8211; ARCALOCK 4.25&#8243; Univerzalis Fecskef\u0430\u0440ku Sin"},"content":{"rendered":"<h2>Area 419 &#8211; ARCALOCK 4,25&#8243; Univerz\u00e1lis Fecskefark S\u00edn<\/h2>\n<p>Az Area 419 ARCALOCK 4,25&#8243; Univerz\u00e1lis Fecskefark S\u00edn 6061 alum\u00ednium \u00f6tv\u00f6zetb\u0151l k\u00e9sz\u00fcl, ami tart\u00f3ss\u00e1got \u00e9s megb\u00edzhat\u00f3s\u00e1got biztos\u00edt.<\/p>\n<h2>F\u0151 jellemz\u0151k:<\/h2>\n<ul>\n<li>Anyag: 6061 alum\u00ednium \u00f6tv\u00f6zet<\/li>\n<li>Fel\u00fclet: Fekete kem\u00e9nybevonat\u00fa elox\u00e1lt<\/li>\n<li>Hossz: 4,25 h\u00fcvelyk<\/li>\n<li>Univerz\u00e1lis fecskefark kialak\u00edt\u00e1s a sokoldal\u00fa kompatibilit\u00e1s\u00e9rt<\/li>\n<li>Prec\u00edzi\u00f3s megmunk\u00e1l\u00e1s a pontoss\u00e1g \u00e9rdek\u00e9ben<\/li>\n<\/ul>\n<h2>Term\u00e9k specifik\u00e1ci\u00f3k:<\/h2>\n<ul>\n<li>S\u00faly: 0,45 kg<\/li>\n<li>M\u00e9retek: 20,32 \u00d7 10,16 \u00d7 2,54 cm<\/li>\n<li>Gy\u00e1rt\u00f3: Area 419<\/li>\n<\/ul>\n<p>Ez az ARCALOCK s\u00edn stabil \u00e9s biztons\u00e1gos r\u00f6gz\u00edt\u00e9si fel\u00fcletet biztos\u00edt k\u00fcl\u00f6nb\u00f6z\u0151 kieg\u00e9sz\u00edt\u0151k sz\u00e1m\u00e1ra. Versenyl\u00f6v\u0151knek \u00e9s hobbi l\u00f6v\u00e9szeknek egyar\u00e1nt alkalmas.<\/p>\n","protected":false},"excerpt":{"rendered":"<p>Area 419 ARCALOCK: Tart\u00f3s 4,25&#8243; fecskefarok s\u00edn, fekete elox\u00e1lt alum\u00edniumb\u00f3l.<\/p>\n","protected":false},"featured_media":232775,"template":"","meta":{"_acf_changed":false},"product_brand":[11039],"product_cat":[12967,12915,390],"product_tag":[],"class_list":{"0":"post-289676","1":"product","2":"type-product","3":"status-publish","4":"has-post-thumbnail","6":"product_brand-area-419","7":"product_cat-puska","8":"product_cat-sinek","9":"product_cat-aiming","11":"first","12":"instock","13":"taxable","14":"shipping-taxable","15":"purchasable","16":"product-type-simple"},"acf":[],"_links":{"self":[{"href":"https:\/\/staging.nbg.eu\/hu\/wp-json\/wp\/v2\/product\/289676","targetHints":{"allow":["GET"]}}],"collection":[{"href":"https:\/\/staging.nbg.eu\/hu\/wp-json\/wp\/v2\/product"}],"about":[{"href":"https:\/\/staging.nbg.eu\/hu\/wp-json\/wp\/v2\/types\/product"}],"wp:featuredmedia":[{"embeddable":true,"href":"https:\/\/staging.nbg.eu\/hu\/wp-json\/wp\/v2\/media\/232775"}],"wp:attachment":[{"href":"https:\/\/staging.nbg.eu\/hu\/wp-json\/wp\/v2\/media?parent=289676"}],"wp:term":[{"taxonomy":"product_brand","embeddable":true,"href":"https:\/\/staging.nbg.eu\/hu\/wp-json\/wp\/v2\/product_brand?post=289676"},{"taxonomy":"product_cat","embeddable":true,"href":"https:\/\/staging.nbg.eu\/hu\/wp-json\/wp\/v2\/product_cat?post=289676"},{"taxonomy":"product_tag","embeddable":true,"href":"https:\/\/staging.nbg.eu\/hu\/wp-json\/wp\/v2\/product_tag?post=289676"}],"curies":[{"name":"wp","href":"https:\/\/api.w.org\/{rel}","templated":true}]}}