{"id":289565,"date":"2025-03-01T14:21:59","date_gmt":"2025-03-26T21:28:08","guid":{"rendered":"https:\/\/staging.nbg.eu\/prodcut\/area-419-arcalock-10%e2%80%b3-universal-dovetail-rail\/"},"modified":"2025-03-26T21:30:45","modified_gmt":"2025-03-26T21:30:45","slug":"area-419-arcalock-10-univerzalis-fecskefarku-sin","status":"publish","type":"product","link":"https:\/\/staging.nbg.eu\/hu\/termek\/area-419-arcalock-10-univerzalis-fecskefarku-sin\/","title":{"rendered":"Area 419 &#8211; ARCALOCK 10&#8243; Univerzalis Fecskef\u0430\u0440ku Sin"},"content":{"rendered":"<div class=\"product-description\">\n<h2>Area 419 &#8211; ARCALOCK 10&#8243; Univerz\u00e1lis Fecskefark\u00fa S\u00edn<\/h2>\n<p>Az Area 419 ARCALOCK 10&#8243; Univerz\u00e1lis Fecskefark\u00fa S\u00edn jellemz\u0151i:<\/p>\n<ul>\n<li>Rec\u00e9zett oldalak mechanikus r\u00f6gz\u00edt\u00e9shez Area 419 bilincsekkel<\/li>\n<li>Kompatibilis standard Arca kieg\u00e9sz\u00edt\u0151kkel<\/li>\n<li>K\u00f6nny\u0171, 4,1 uncia s\u00faly\u00fa<\/li>\n<li>Megfelel az RRS 1,5&#8243; fecskefark\u00fa szabv\u00e1nynak<\/li>\n<li>Letomp\u00edtott \u00e9lek<\/li>\n<li>3-as t\u00edpus\u00fa kem\u00e9nybevonat\u00fa elox\u00e1lt 6061-T6 alum\u00ednium szerkezet<\/li>\n<li>USA-ban gy\u00e1rtva<\/li>\n<li>M-LOK ny\u00edl\u00e1sok tov\u00e1bbi kieg\u00e9sz\u00edt\u0151k r\u00f6gz\u00edt\u00e9s\u00e9hez<\/li>\n<\/ul>\n<p><strong>Megjegyz\u00e9s:<\/strong> 6 egym\u00e1st k\u00f6vet\u0151 MLOK ny\u00edl\u00e1st ig\u00e9nyel a r\u00f6gz\u00edt\u00e9shez. Kevesebb ny\u00edl\u00e1ssal rendelkez\u0151 tus\u00e1khoz fontolja meg a 12&#8243;-es univerz\u00e1lis s\u00ednt.<\/p>\n<p>ARCALOCK Fecskefark\u00fa S\u00edn Rendszer prec\u00edzi\u00f3s pusk\u00e1khoz.<\/p>\n<\/div>\n","protected":false},"excerpt":{"rendered":"<p>ARCALOCK 10&#8243; univerz\u00e1lis fecskefark\u00fa s\u00edn: Biztons\u00e1gos, sokoldal\u00fa MLOK r\u00f6gz\u00edt\u00e9s prec\u00edzi\u00f3s pusk\u00e1khoz.<\/p>\n","protected":false},"featured_media":232425,"template":"","meta":{"_acf_changed":false},"product_brand":[11039],"product_cat":[12967,12915,390],"product_tag":[],"class_list":{"0":"post-289565","1":"product","2":"type-product","3":"status-publish","4":"has-post-thumbnail","6":"product_brand-area-419","7":"product_cat-puska","8":"product_cat-sinek","9":"product_cat-aiming","11":"first","12":"instock","13":"taxable","14":"shipping-taxable","15":"purchasable","16":"product-type-simple"},"acf":[],"_links":{"self":[{"href":"https:\/\/staging.nbg.eu\/hu\/wp-json\/wp\/v2\/product\/289565","targetHints":{"allow":["GET"]}}],"collection":[{"href":"https:\/\/staging.nbg.eu\/hu\/wp-json\/wp\/v2\/product"}],"about":[{"href":"https:\/\/staging.nbg.eu\/hu\/wp-json\/wp\/v2\/types\/product"}],"wp:featuredmedia":[{"embeddable":true,"href":"https:\/\/staging.nbg.eu\/hu\/wp-json\/wp\/v2\/media\/232425"}],"wp:attachment":[{"href":"https:\/\/staging.nbg.eu\/hu\/wp-json\/wp\/v2\/media?parent=289565"}],"wp:term":[{"taxonomy":"product_brand","embeddable":true,"href":"https:\/\/staging.nbg.eu\/hu\/wp-json\/wp\/v2\/product_brand?post=289565"},{"taxonomy":"product_cat","embeddable":true,"href":"https:\/\/staging.nbg.eu\/hu\/wp-json\/wp\/v2\/product_cat?post=289565"},{"taxonomy":"product_tag","embeddable":true,"href":"https:\/\/staging.nbg.eu\/hu\/wp-json\/wp\/v2\/product_tag?post=289565"}],"curies":[{"name":"wp","href":"https:\/\/api.w.org\/{rel}","templated":true}]}}