{"id":289426,"date":"2025-03-01T15:46:12","date_gmt":"2025-03-26T21:23:59","guid":{"rendered":"https:\/\/staging.nbg.eu\/prodcut\/area-419-arcalock-14-universal-dovetail-rail\/"},"modified":"2025-03-26T21:26:30","modified_gmt":"2025-03-26T21:26:30","slug":"area-419-arcalock-14-univerzalis-fecskefarku-sin","status":"publish","type":"product","link":"https:\/\/staging.nbg.eu\/hu\/termek\/area-419-arcalock-14-univerzalis-fecskefarku-sin\/","title":{"rendered":"Area 419 &#8211; ARCALOCK 14&#8243; Univerzalis Fecskef\u0430\u0440ku Sin"},"content":{"rendered":"<h2>Area 419 &#8211; ARCALOCK 14&#8243; Univerz\u00e1lis Fecskefark\u00fa S\u00edn<\/h2>\n<p>Az Area 419 ARCALOCK 14&#8243; Univerz\u00e1lis Fecskefark\u00fa S\u00edn jellemz\u0151i:<\/p>\n<ul>\n<li>Rec\u00e9zett oldalak az Area 419 bilincsekkel val\u00f3 mechanikus r\u00f6gz\u00edt\u00e9shez<\/li>\n<li>65 r\u00f6gz\u00edt\u00e9si poz\u00edci\u00f3 a 14&#8243; s\u00ednen<\/li>\n<li>Visszafel\u00e9 kompatibilis a standard Arca kieg\u00e9sz\u00edt\u0151kkel<\/li>\n<li>Rec\u00e9zett fix h\u00e1ts\u00f3 akad\u00e1ly\u00fctk\u00f6z\u0151 hosszabb\u00edt\u00f3 dug\u00f3val<\/li>\n<li>K\u00f6nny\u0171 kialak\u00edt\u00e1s, mind\u00f6ssze 5,6 uncia<\/li>\n<li>RRS 1,5&#8243; Fecskefark\u00fa Szabv\u00e1ny szerint k\u00e9sz\u00fclt<\/li>\n<li>Lekerek\u00edtett sarkok \u00e9s \u00e9lszeg\u00e9lyek a k\u00e9nyelem \u00e9rdek\u00e9ben<\/li>\n<li>3-as t\u00edpus\u00fa kem\u00e9nybevonat\u00fa elox\u00e1lt 6061-T6 alum\u00ednium szerkezet<\/li>\n<li>USA-ban gy\u00e1rtva<\/li>\n<\/ul>\n<p>Az ARCALOCK s\u00ednrendszer a pontoss\u00e1g \u00e9s teljes\u00edtm\u00e9ny \u00e9rdek\u00e9ben lett tervezve.<\/p>\n","protected":false},"excerpt":{"rendered":"<p>&#8222;R\u00f6gz\u00edthet\u0151 ARCA s\u00edn prec\u00edzi\u00f3s pusk\u00e1khoz. 35,5 cm, 65 poz\u00edci\u00f3, 159 gramm.&#8221;<\/p>\n","protected":false},"featured_media":232588,"template":"","meta":{"_acf_changed":false},"product_brand":[11039],"product_cat":[12967,12915,390],"product_tag":[],"class_list":{"0":"post-289426","1":"product","2":"type-product","3":"status-publish","4":"has-post-thumbnail","6":"product_brand-area-419","7":"product_cat-puska","8":"product_cat-sinek","9":"product_cat-aiming","11":"first","12":"instock","13":"taxable","14":"shipping-taxable","15":"purchasable","16":"product-type-simple"},"acf":[],"_links":{"self":[{"href":"https:\/\/staging.nbg.eu\/hu\/wp-json\/wp\/v2\/product\/289426","targetHints":{"allow":["GET"]}}],"collection":[{"href":"https:\/\/staging.nbg.eu\/hu\/wp-json\/wp\/v2\/product"}],"about":[{"href":"https:\/\/staging.nbg.eu\/hu\/wp-json\/wp\/v2\/types\/product"}],"wp:featuredmedia":[{"embeddable":true,"href":"https:\/\/staging.nbg.eu\/hu\/wp-json\/wp\/v2\/media\/232588"}],"wp:attachment":[{"href":"https:\/\/staging.nbg.eu\/hu\/wp-json\/wp\/v2\/media?parent=289426"}],"wp:term":[{"taxonomy":"product_brand","embeddable":true,"href":"https:\/\/staging.nbg.eu\/hu\/wp-json\/wp\/v2\/product_brand?post=289426"},{"taxonomy":"product_cat","embeddable":true,"href":"https:\/\/staging.nbg.eu\/hu\/wp-json\/wp\/v2\/product_cat?post=289426"},{"taxonomy":"product_tag","embeddable":true,"href":"https:\/\/staging.nbg.eu\/hu\/wp-json\/wp\/v2\/product_tag?post=289426"}],"curies":[{"name":"wp","href":"https:\/\/api.w.org\/{rel}","templated":true}]}}