{"id":289336,"date":"2024-01-30T18:07:31","date_gmt":"2025-03-26T21:21:46","guid":{"rendered":"https:\/\/staging.nbg.eu\/prodcut\/area-419-arcalock-12-m-lok-dovetail-rail-2\/"},"modified":"2025-03-26T21:24:24","modified_gmt":"2025-03-26T21:24:24","slug":"area-419-arcalock-12-m-lok-fecskefarku-sin","status":"publish","type":"product","link":"https:\/\/staging.nbg.eu\/hu\/termek\/area-419-arcalock-12-m-lok-fecskefarku-sin\/","title":{"rendered":"Area 419 &#8211; ARCALOCK 12&#8243; M-LOK Fecskef\u0430\u0440ku Sin"},"content":{"rendered":"<h2>Area 419 &#8211; ARCALOCK 12&#8243; M-LOK Fecskefark\u00fa S\u00edn<\/h2>\n<p>Az Area 419 ARCALOCK 12&#8243; M-LOK Fecskefark\u00fa S\u00edn jellemz\u0151i:<\/p>\n<ul>\n<li>Rec\u00e9s oldalak az Area 419 bilincsekkel val\u00f3 mechanikai r\u00f6gz\u00edt\u00e9shez<\/li>\n<li>Kompatibilis a standard Arca kieg\u00e9sz\u00edt\u0151kkel<\/li>\n<li>12&#8243; hossz\u00fas\u00e1g az optim\u00e1lis r\u00f6gz\u00edt\u00e9si fel\u00fclet\u00e9rt<\/li>\n<li>K\u00f6nny\u0171 kialak\u00edt\u00e1s, mind\u00f6ssze 111,5 gramm<\/li>\n<li>Megfelel az RRS 1,5&#8243; fecskefark\u00fa szabv\u00e1nynak<\/li>\n<li>Letomp\u00edtott \u00e9lek a k\u00e9nyelem\u00e9rt \u00e9s biztons\u00e1g\u00e9rt<\/li>\n<li>Sokoldal\u00fa r\u00f6gz\u00edt\u00e9si lehet\u0151s\u00e9gek k\u00fcl\u00f6nb\u00f6z\u0151 puskakonfigur\u00e1ci\u00f3khoz<\/li>\n<li>Type 3 kem\u00e9ny bevonat\u00fa elox\u00e1lt 6061-T6 alum\u00ednium szerkezet<\/li>\n<li>Az Egyes\u00fclt \u00c1llamokban k\u00e9sz\u00fclt, kiv\u00e1l\u00f3 min\u0151s\u00e9g\u0171 anyagokb\u00f3l<\/li>\n<\/ul>\n<p>Az ARCALOCK Fecskefark\u00fa S\u00edn rendszer \u00fagy tervezt\u00e9k, hogy kik\u00fcsz\u00f6b\u00f6lje a nyom\u00e1s alatti elmozdul\u00e1st.<\/p>\n","protected":false},"excerpt":{"rendered":"<p>Z\u00e1r\u00f3d\u00f3 12&#8243; ARCA s\u00edn prec\u00edzi\u00f3s pusk\u00e1khoz. Rec\u00e9s oldalak, M-LOK kompatibilis.<\/p>\n","protected":false},"featured_media":232511,"template":"","meta":{"_acf_changed":false},"product_brand":[11039],"product_cat":[12967,12915],"product_tag":[],"class_list":{"0":"post-289336","1":"product","2":"type-product","3":"status-publish","4":"has-post-thumbnail","6":"product_brand-area-419","7":"product_cat-puska","8":"product_cat-sinek","10":"first","11":"instock","12":"taxable","13":"shipping-taxable","14":"purchasable","15":"product-type-variable","16":"wvs-archive-product-wrapper"},"acf":[],"_links":{"self":[{"href":"https:\/\/staging.nbg.eu\/hu\/wp-json\/wp\/v2\/product\/289336","targetHints":{"allow":["GET"]}}],"collection":[{"href":"https:\/\/staging.nbg.eu\/hu\/wp-json\/wp\/v2\/product"}],"about":[{"href":"https:\/\/staging.nbg.eu\/hu\/wp-json\/wp\/v2\/types\/product"}],"wp:featuredmedia":[{"embeddable":true,"href":"https:\/\/staging.nbg.eu\/hu\/wp-json\/wp\/v2\/media\/232511"}],"wp:attachment":[{"href":"https:\/\/staging.nbg.eu\/hu\/wp-json\/wp\/v2\/media?parent=289336"}],"wp:term":[{"taxonomy":"product_brand","embeddable":true,"href":"https:\/\/staging.nbg.eu\/hu\/wp-json\/wp\/v2\/product_brand?post=289336"},{"taxonomy":"product_cat","embeddable":true,"href":"https:\/\/staging.nbg.eu\/hu\/wp-json\/wp\/v2\/product_cat?post=289336"},{"taxonomy":"product_tag","embeddable":true,"href":"https:\/\/staging.nbg.eu\/hu\/wp-json\/wp\/v2\/product_tag?post=289336"}],"curies":[{"name":"wp","href":"https:\/\/api.w.org\/{rel}","templated":true}]}}