{"id":289093,"date":"2025-03-05T07:17:43","date_gmt":"2025-03-26T19:44:39","guid":{"rendered":"https:\/\/staging.nbg.eu\/prodcut\/magpul-ctr-carbine-stock-for-ar15-m4\/"},"modified":"2025-03-26T19:47:12","modified_gmt":"2025-03-26T19:47:12","slug":"magpul-ctr-karabely-tus-ar15-m4-hez","status":"publish","type":"product","link":"https:\/\/staging.nbg.eu\/hu\/termek\/magpul-ctr-karabely-tus-ar15-m4-hez\/","title":{"rendered":"Magpul &#8211; CTR\u2122 Karabely Tus AR15 \/ M4-hez"},"content":{"rendered":"<div class=\"product-description\">\n<h2>Magpul CTR\u2122 Carbine Tus AR15 \/ M4-hez<\/h2>\n<p>A Magpul CTR (Kompakt\/T\u00edpus Korl\u00e1tozott) \u2013 Mil-Spec modell az AR15 \/ M16 karab\u00e9lyhoz. Ez a cser\u00e9lhet\u0151 tusas jellemz\u0151i:<\/p>\n<ul>\n<li>A-keret profil az elakad\u00e1s elker\u00fcl\u00e9s\u00e9re<\/li>\n<li>V\u00e9dett kiold\u00f3 retesz a v\u00e9letlen aktiv\u00e1l\u00e1s megakad\u00e1lyoz\u00e1s\u00e1ra<\/li>\n<li>Kieg\u00e9sz\u00edt\u0151 s\u00farl\u00f3d\u00e1si z\u00e1rrendszer a fegyver stabilit\u00e1s\u00e1nak n\u00f6vel\u00e9s\u00e9re<\/li>\n<li>K\u00e9tkezes QD sz\u00edjr\u00f6gz\u00edt\u0151, kompatibilis a nyom\u00f3gombos sz\u00edjforg\u00f3kkal<\/li>\n<li>0,3 h\u00fcvelyk vastag gumi tusp\u00e1rna a v\u00e1llhoz val\u00f3 illeszked\u00e9shez<\/li>\n<\/ul>\n<p>Kompatibilis a Mil-Spec m\u00e9ret\u0171 fogad\u00f3cs\u00f6vekkel, ez az USA-gy\u00e1rt\u00e1s\u00fa tus 3,3 h\u00fcvelyk hossz\u00fas\u00e1g\u00fa \u00e1ll\u00edt\u00e1si tartom\u00e1nyt k\u00edn\u00e1l. 7,0 h\u00fcvelyk maxim\u00e1lis hossz\u00fas\u00e1ggal \u00e9s 8,9 uncia s\u00fallyal rendelkezik.<\/p>\n<p><strong>Megjegyz\u00e9s:<\/strong> Csak Mil-Spec fogad\u00f3cs\u00f6vekkel kompatibilis. V\u00e1s\u00e1rl\u00e1s el\u0151tt ellen\u0151rizze, hogy karab\u00e9lya megfelel\u0151 cs\u0151vel rendelkezik.<\/p>\n<\/div>\n","protected":false},"excerpt":{"rendered":"<p>Kompakt AR15\/M4 tus. \u00c1ramvonalas, stabil, QD hevederr\u00f6gz\u00edt\u00e9si ponttal.<\/p>\n","protected":false},"featured_media":237496,"template":"","meta":{"_acf_changed":false},"product_brand":[11553],"product_cat":[12967,12916,12927],"product_tag":[],"class_list":{"0":"post-289093","1":"product","2":"type-product","3":"status-publish","4":"has-post-thumbnail","6":"product_brand-magpul","7":"product_cat-puska","8":"product_cat-puska-tuning","9":"product_cat-puskatusok","11":"first","12":"instock","13":"taxable","14":"shipping-taxable","15":"purchasable","16":"product-type-simple"},"acf":[],"_links":{"self":[{"href":"https:\/\/staging.nbg.eu\/hu\/wp-json\/wp\/v2\/product\/289093","targetHints":{"allow":["GET"]}}],"collection":[{"href":"https:\/\/staging.nbg.eu\/hu\/wp-json\/wp\/v2\/product"}],"about":[{"href":"https:\/\/staging.nbg.eu\/hu\/wp-json\/wp\/v2\/types\/product"}],"wp:featuredmedia":[{"embeddable":true,"href":"https:\/\/staging.nbg.eu\/hu\/wp-json\/wp\/v2\/media\/237496"}],"wp:attachment":[{"href":"https:\/\/staging.nbg.eu\/hu\/wp-json\/wp\/v2\/media?parent=289093"}],"wp:term":[{"taxonomy":"product_brand","embeddable":true,"href":"https:\/\/staging.nbg.eu\/hu\/wp-json\/wp\/v2\/product_brand?post=289093"},{"taxonomy":"product_cat","embeddable":true,"href":"https:\/\/staging.nbg.eu\/hu\/wp-json\/wp\/v2\/product_cat?post=289093"},{"taxonomy":"product_tag","embeddable":true,"href":"https:\/\/staging.nbg.eu\/hu\/wp-json\/wp\/v2\/product_tag?post=289093"}],"curies":[{"name":"wp","href":"https:\/\/api.w.org\/{rel}","templated":true}]}}