{"id":288865,"date":"2025-03-05T10:45:22","date_gmt":"2025-03-05T10:45:22","guid":{"rendered":"https:\/\/staging.nbg.eu\/prodcut\/magpul-pmag-ar-m4-gen-m3-10rds\/"},"modified":"2025-03-26T19:10:37","modified_gmt":"2025-03-26T19:10:37","slug":"magpul-pmag-arm4-gen-m3","status":"publish","type":"product","link":"https:\/\/staging.nbg.eu\/hu\/termek\/magpul-pmag-arm4-gen-m3\/","title":{"rendered":"Magpul &#8211; PMAG\u00ae AR\/M4 GEN M3\u2122"},"content":{"rendered":"<h2>Magpul &#8211; PMAG\u00ae AR\/M4 GEN M3\u2122<\/h2>\n<p>A PMAG 10 GEN M3 egy 10 l\u00f6v\u00e9ses m\u0171anyag t\u00e1r AR15\/M4 kompatibilis fegyverekhez. Jellemz\u0151i:<\/p>\n<ul>\n<li>Fejlett polimer szerkezet<\/li>\n<li>Kompatibilis k\u00fcl\u00f6nb\u00f6z\u0151 platformokkal, bele\u00e9rtve a HK\u00ae 416 \u00e9s FN\u00ae SCAR\u2122 MK 16\/16S<\/li>\n<li>N\u00e9gyir\u00e1ny\u00fa adogat\u00f3val<\/li>\n<li>K\u00f6nnyen sz\u00e9tszerelhet\u0151 \u00e9s meger\u0151s\u00edtett aljzat<\/li>\n<li>\u00c1lland\u00f3 g\u00f6rb\u00fclet\u0171 bels\u0151 geometria<\/li>\n<li>Bord\u00e1zott markolat \u00e9s \u00e9rdes fel\u00fclet<\/li>\n<\/ul>\n<p>Az Egyes\u00fclt \u00c1llamokban gy\u00e1rtott PMAG 10 GEN M3 alacsony profil\u00fa, alkalmas hason fekv\u0151 l\u00f6v\u00e9szethez \u00e9s taktikai haszn\u00e1latra.<\/p>\n","protected":false},"excerpt":{"rendered":"<p>Tart\u00f3s, 10 l\u00f6v\u00e9ses AR15\/M4 t\u00e1r tov\u00e1bbfejlesztett funkci\u00f3kkal \u00e9s kompatibilit\u00e1ssal.<\/p>\n","protected":false},"featured_media":239091,"template":"","meta":{"_acf_changed":false},"product_brand":[11553],"product_cat":[12967,12950],"product_tag":[],"class_list":{"0":"post-288865","1":"product","2":"type-product","3":"status-publish","4":"has-post-thumbnail","6":"product_brand-magpul","7":"product_cat-puska","8":"product_cat-puska-tarak","10":"first","11":"instock","12":"taxable","13":"shipping-taxable","14":"product-type-variable","15":"wvs-archive-product-wrapper"},"acf":[],"_links":{"self":[{"href":"https:\/\/staging.nbg.eu\/hu\/wp-json\/wp\/v2\/product\/288865","targetHints":{"allow":["GET"]}}],"collection":[{"href":"https:\/\/staging.nbg.eu\/hu\/wp-json\/wp\/v2\/product"}],"about":[{"href":"https:\/\/staging.nbg.eu\/hu\/wp-json\/wp\/v2\/types\/product"}],"wp:featuredmedia":[{"embeddable":true,"href":"https:\/\/staging.nbg.eu\/hu\/wp-json\/wp\/v2\/media\/239091"}],"wp:attachment":[{"href":"https:\/\/staging.nbg.eu\/hu\/wp-json\/wp\/v2\/media?parent=288865"}],"wp:term":[{"taxonomy":"product_brand","embeddable":true,"href":"https:\/\/staging.nbg.eu\/hu\/wp-json\/wp\/v2\/product_brand?post=288865"},{"taxonomy":"product_cat","embeddable":true,"href":"https:\/\/staging.nbg.eu\/hu\/wp-json\/wp\/v2\/product_cat?post=288865"},{"taxonomy":"product_tag","embeddable":true,"href":"https:\/\/staging.nbg.eu\/hu\/wp-json\/wp\/v2\/product_tag?post=288865"}],"curies":[{"name":"wp","href":"https:\/\/api.w.org\/{rel}","templated":true}]}}