{"id":288709,"date":"2025-03-05T08:15:00","date_gmt":"2025-03-26T18:11:28","guid":{"rendered":"https:\/\/staging.nbg.eu\/prodcut\/magpul-prs-lite-precision-adjustable-stock\/"},"modified":"2025-03-26T18:14:03","modified_gmt":"2025-03-26T18:14:03","slug":"magpul-prs-lite-precizios-allithato-tus","status":"publish","type":"product","link":"https:\/\/staging.nbg.eu\/hu\/termek\/magpul-prs-lite-precizios-allithato-tus\/","title":{"rendered":"Magpul &#8211; PRS Lite Precizios Allithato Tus"},"content":{"rendered":"<div class=\"product-description\">\n<h2>Magpul PRS Lite \u00e1ll\u00edthat\u00f3 tus<\/h2>\n<p>A Magpul PRS Lite 18,7 uncia s\u00faly\u00fa. Kompatibilis a Mil-Spec USGI carbine\/SR25 \u00f6sszecsukhat\u00f3\/A5 cs\u0151toldal\u00e9kokkal .223 \u00e9s .308 kaliber\u0171 pusk\u00e1khoz.<\/p>\n<h3>F\u0151 jellemz\u0151k:<\/h3>\n<ul>\n<li>M\u0171anyag \u00e9s f\u00e9m szerkezet<\/li>\n<li>\u00c1ll\u00edthat\u00f3 f\u00e9s\u0171magass\u00e1g (0-0,8 h\u00fcvelyk, 0,1 h\u00fcvelykes l\u00e9p\u00e9sekben)<\/li>\n<li>\u00c1ll\u00edthat\u00f3 h\u00faz\u00e1shossz (13,85-15,25 h\u00fcvelyk, 0,14 h\u00fcvelykes l\u00e9p\u00e9sekben)<\/li>\n<li>Magass\u00e1gban \u00e9s d\u0151l\u00e9ssz\u00f6gben \u00e1ll\u00edthat\u00f3 gumi tusp\u00e1rna<\/li>\n<li>T\u00f6bbf\u00e9le sz\u00edjr\u00f6gz\u00edt\u00e9si lehet\u0151s\u00e9g<\/li>\n<\/ul>\n<p>A PRS Lite katonai szabv\u00e1nyok szerint k\u00e9sz\u00fclt. A tus gumi tusp\u00e1rn\u00e1val \u00e9s k\u00fcl\u00f6nb\u00f6z\u0151 sz\u00edjr\u00f6gz\u00edt\u00e9si lehet\u0151s\u00e9gekkel rendelkezik.<\/p>\n<p><strong>USA-ban gy\u00e1rtva<\/strong><\/p>\n<\/div>\n","protected":false},"excerpt":{"rendered":"<p>K\u00f6nny\u0171, \u00e1ll\u00edthat\u00f3 AR tus. Pontos f\u00e9s\u0171- \u00e9s agym\u00e9ret-szab\u00e1lyoz\u00e1s.<\/p>\n","protected":false},"featured_media":238456,"template":"","meta":{"_acf_changed":false},"product_brand":[11553],"product_cat":[12967,12916,12927],"product_tag":[],"class_list":{"0":"post-288709","1":"product","2":"type-product","3":"status-publish","4":"has-post-thumbnail","6":"product_brand-magpul","7":"product_cat-puska","8":"product_cat-puska-tuning","9":"product_cat-puskatusok","11":"first","12":"instock","13":"taxable","14":"shipping-taxable","15":"purchasable","16":"product-type-variable","17":"wvs-archive-product-wrapper"},"acf":[],"_links":{"self":[{"href":"https:\/\/staging.nbg.eu\/hu\/wp-json\/wp\/v2\/product\/288709","targetHints":{"allow":["GET"]}}],"collection":[{"href":"https:\/\/staging.nbg.eu\/hu\/wp-json\/wp\/v2\/product"}],"about":[{"href":"https:\/\/staging.nbg.eu\/hu\/wp-json\/wp\/v2\/types\/product"}],"wp:featuredmedia":[{"embeddable":true,"href":"https:\/\/staging.nbg.eu\/hu\/wp-json\/wp\/v2\/media\/238456"}],"wp:attachment":[{"href":"https:\/\/staging.nbg.eu\/hu\/wp-json\/wp\/v2\/media?parent=288709"}],"wp:term":[{"taxonomy":"product_brand","embeddable":true,"href":"https:\/\/staging.nbg.eu\/hu\/wp-json\/wp\/v2\/product_brand?post=288709"},{"taxonomy":"product_cat","embeddable":true,"href":"https:\/\/staging.nbg.eu\/hu\/wp-json\/wp\/v2\/product_cat?post=288709"},{"taxonomy":"product_tag","embeddable":true,"href":"https:\/\/staging.nbg.eu\/hu\/wp-json\/wp\/v2\/product_tag?post=288709"}],"curies":[{"name":"wp","href":"https:\/\/api.w.org\/{rel}","templated":true}]}}