{"id":288565,"date":"2025-03-05T08:00:39","date_gmt":"2025-03-26T17:59:47","guid":{"rendered":"https:\/\/staging.nbg.eu\/prodcut\/magpul-prs-gen3-precision-adjustable-stock\/"},"modified":"2025-03-26T18:02:20","modified_gmt":"2025-03-26T18:02:20","slug":"magpul-prs-gen3-precizios-allithato-tus","status":"publish","type":"product","link":"https:\/\/staging.nbg.eu\/hu\/termek\/magpul-prs-gen3-precizios-allithato-tus\/","title":{"rendered":"Magpul &#8211; PRS\u00ae GEN3 Precizios Allithato Tus"},"content":{"rendered":"<div class=\"product-description\">\n<h2>Magpul &#8211; PRS\u00ae GEN3 Prec\u00edzi\u00f3s \u00e1ll\u00edthat\u00f3 tus<\/h2>\n<p>A PRS GEN3 egy terepi prec\u00edzi\u00f3s tus AR15\/M16 \u00e9s AR10\/SR25 platformokhoz, amely szersz\u00e1m n\u00e9lk\u00fcli \u00e1ll\u00edt\u00e1st k\u00edn\u00e1l a tusshossz \u00e9s az arct\u00e1masz magass\u00e1g\u00e1hoz. F\u00e9lautomata mesterl\u00f6v\u00e9sz vagy k\u00e1rtev\u0151irt\u00f3 pusk\u00e1khoz tervezt\u00e9k, stabil fel\u00fcletet \u00e9s szinte univerz\u00e1lis illeszked\u00e9st biztos\u00edt.<\/p>\n<ul>\n<li>Puska hossz\u00fas\u00e1g\u00fa fogad\u00f3cs\u0151re optimaliz\u00e1lva<\/li>\n<li>Kompatibilis sz\u00e1mos Mil-Spec karab\u00e9ly \u00e9s A5 hossz\u00fas\u00e1g\u00fa cs\u0151vel<\/li>\n<li>D\u0151l\u00e9s\/magass\u00e1g \u00e1ll\u00edthat\u00f3 gumi tusp\u00e1rna<\/li>\n<li>Forg\u00e1sg\u00e1tl\u00f3 QD sz\u00edjr\u00f6gz\u00edt\u0151 foglalatok<\/li>\n<li>M-LOK\u00ae ny\u00edl\u00e1sok h\u00e1ts\u00f3 egyl\u00e1b\u00fa \u00e1llv\u00e1ny r\u00f6gz\u00edt\u00e9s\u00e9hez<\/li>\n<li>USA-ban gy\u00e1rtva<\/li>\n<\/ul>\n<p>Megmunk\u00e1lt alum\u00ednium \u00e1ll\u00edt\u00f3gombokkal, Melonite\u00ae bevonat\u00fa ac\u00e9l tengelyekkel \u00e9s t\u00f6bbf\u00e9le sz\u00edjr\u00f6gz\u00edt\u00e9si lehet\u0151s\u00e9ggel rendelkezik, a PRS GEN3 tart\u00f3ss\u00e1gra \u00e9s sokoldal\u00fas\u00e1gra lett tervezve terepi haszn\u00e1latra.<\/p>\n<\/div>\n","protected":false},"excerpt":{"rendered":"<p>Prec\u00edzi\u00f3s AR tus szersz\u00e1m n\u00e9lk\u00fcli hossz \u00e9s arcmagass\u00e1g \u00e1ll\u00edt\u00e1ssal.<\/p>\n","protected":false},"featured_media":238361,"template":"","meta":{"_acf_changed":false},"product_brand":[11553],"product_cat":[12967,12916,12927],"product_tag":[],"class_list":{"0":"post-288565","1":"product","2":"type-product","3":"status-publish","4":"has-post-thumbnail","6":"product_brand-magpul","7":"product_cat-puska","8":"product_cat-puska-tuning","9":"product_cat-puskatusok","11":"first","12":"instock","13":"taxable","14":"shipping-taxable","15":"purchasable","16":"product-type-variable","17":"wvs-archive-product-wrapper"},"acf":[],"_links":{"self":[{"href":"https:\/\/staging.nbg.eu\/hu\/wp-json\/wp\/v2\/product\/288565","targetHints":{"allow":["GET"]}}],"collection":[{"href":"https:\/\/staging.nbg.eu\/hu\/wp-json\/wp\/v2\/product"}],"about":[{"href":"https:\/\/staging.nbg.eu\/hu\/wp-json\/wp\/v2\/types\/product"}],"wp:featuredmedia":[{"embeddable":true,"href":"https:\/\/staging.nbg.eu\/hu\/wp-json\/wp\/v2\/media\/238361"}],"wp:attachment":[{"href":"https:\/\/staging.nbg.eu\/hu\/wp-json\/wp\/v2\/media?parent=288565"}],"wp:term":[{"taxonomy":"product_brand","embeddable":true,"href":"https:\/\/staging.nbg.eu\/hu\/wp-json\/wp\/v2\/product_brand?post=288565"},{"taxonomy":"product_cat","embeddable":true,"href":"https:\/\/staging.nbg.eu\/hu\/wp-json\/wp\/v2\/product_cat?post=288565"},{"taxonomy":"product_tag","embeddable":true,"href":"https:\/\/staging.nbg.eu\/hu\/wp-json\/wp\/v2\/product_tag?post=288565"}],"curies":[{"name":"wp","href":"https:\/\/api.w.org\/{rel}","templated":true}]}}