{"id":288285,"date":"2025-03-06T10:32:44","date_gmt":"2025-03-06T10:32:44","guid":{"rendered":"https:\/\/staging.nbg.eu\/prodcut\/ftcs-custom-ak-mod-7-handguard-m-lok-short-forward-curved\/"},"modified":"2025-03-26T17:38:58","modified_gmt":"2025-03-26T17:38:58","slug":"ftcs-egyedi-ak-mod-7-eloagy-m-lok-rovid-elore-ivelt","status":"publish","type":"product","link":"https:\/\/staging.nbg.eu\/hu\/termek\/ftcs-egyedi-ak-mod-7-eloagy-m-lok-rovid-elore-ivelt\/","title":{"rendered":"FTCS &#8211; Egyedi AK Mod 7 Eloagy &#8211; M-LOK &#8211; Rovid Elore Ivelt"},"content":{"rendered":"<div class=\"product-description\">\n<h2>FTCS &#8211; Egyedi AK Mod 7 El\u0151agy &#8211; M-LOK &#8211; R\u00f6vid El\u0151re Hajl\u00f3<\/h2>\n<p>Ez az AKM karab\u00e9lyokhoz k\u00e9sz\u00fclt Egyedi AK Mod 7 El\u0151agy r\u00f6vid, el\u0151re hajl\u00f3 kialak\u00edt\u00e1ssal rendelkezik. A k\u00f6nny\u0171 fa el\u0151agy \u00f6tv\u00f6zi a hagyom\u00e1nyos \u00e9s modern elemeket.<\/p>\n<h2>F\u0151bb jellemz\u0151k:<\/h2>\n<ul>\n<li>R\u00f6vid, el\u0151re hajl\u00f3 els\u0151 markolat a jobb ir\u00e1ny\u00edthat\u00f3s\u00e1g\u00e9rt<\/li>\n<li>K\u00f6nny\u0171 fa szerkezet (180g)<\/li>\n<li>Be\u00e9p\u00edtett alum\u00ednium M-LOK s\u00ednek kieg\u00e9sz\u00edt\u0151k r\u00f6gz\u00edt\u00e9s\u00e9hez<\/li>\n<li>Kompatibilis AKM, AKMS \u00e9s AKMN karab\u00e9lyokkal (egyedi illeszt\u00e9s sz\u00fcks\u00e9ges lehet)<\/li>\n<li>Grafit fekete H-146 Cerakote bevonat<\/li>\n<\/ul>\n<p>Ez az M-LOK rendszer\u0171 fa el\u0151agy lehet\u0151v\u00e9 teszi modern kieg\u00e9sz\u00edt\u0151k, p\u00e9ld\u00e1ul l\u00e1mp\u00e1k \u00e9s l\u00e9zerek felszerel\u00e9s\u00e9t. Megjegyz\u00e9s: M\u00f3dos\u00edt\u00e1s n\u00e9lk\u00fcl nem kompatibilis mar\u00e1ssal k\u00e9sz\u00fclt AK karab\u00e9lyokkal.<\/p>\n<p>M\u00e9retek: 160 x 120 x 35 mm<\/p>\n<\/div>\n","protected":false},"excerpt":{"rendered":"<p>FTCS AK Mod 7 el\u0151agy: R\u00f6vid, \u00edvelt fa kialak\u00edt\u00e1s M-LOK s\u00ednrendszerrel.<\/p>\n","protected":false},"featured_media":241206,"template":"","meta":{"_acf_changed":false},"product_brand":[11316],"product_cat":[12901,12967,12916,12915],"product_tag":[],"class_list":{"0":"post-288285","1":"product","2":"type-product","3":"status-publish","4":"has-post-thumbnail","6":"product_brand-ftcs","7":"product_cat-ak-tuning","8":"product_cat-puska","9":"product_cat-puska-tuning","10":"product_cat-sinek","12":"first","13":"outofstock","14":"taxable","15":"shipping-taxable","16":"purchasable","17":"product-type-simple"},"acf":[],"_links":{"self":[{"href":"https:\/\/staging.nbg.eu\/hu\/wp-json\/wp\/v2\/product\/288285","targetHints":{"allow":["GET"]}}],"collection":[{"href":"https:\/\/staging.nbg.eu\/hu\/wp-json\/wp\/v2\/product"}],"about":[{"href":"https:\/\/staging.nbg.eu\/hu\/wp-json\/wp\/v2\/types\/product"}],"wp:featuredmedia":[{"embeddable":true,"href":"https:\/\/staging.nbg.eu\/hu\/wp-json\/wp\/v2\/media\/241206"}],"wp:attachment":[{"href":"https:\/\/staging.nbg.eu\/hu\/wp-json\/wp\/v2\/media?parent=288285"}],"wp:term":[{"taxonomy":"product_brand","embeddable":true,"href":"https:\/\/staging.nbg.eu\/hu\/wp-json\/wp\/v2\/product_brand?post=288285"},{"taxonomy":"product_cat","embeddable":true,"href":"https:\/\/staging.nbg.eu\/hu\/wp-json\/wp\/v2\/product_cat?post=288285"},{"taxonomy":"product_tag","embeddable":true,"href":"https:\/\/staging.nbg.eu\/hu\/wp-json\/wp\/v2\/product_tag?post=288285"}],"curies":[{"name":"wp","href":"https:\/\/api.w.org\/{rel}","templated":true}]}}