{"id":288171,"date":"2025-03-06T10:17:52","date_gmt":"2025-03-26T17:21:58","guid":{"rendered":"https:\/\/staging.nbg.eu\/prodcut\/ftcs-dong-handguard-m-lok-akm\/"},"modified":"2025-03-26T17:24:25","modified_gmt":"2025-03-26T17:24:25","slug":"ftcs-dong-eloagy-m-lok-akm","status":"publish","type":"product","link":"https:\/\/staging.nbg.eu\/hu\/termek\/ftcs-dong-eloagy-m-lok-akm\/","title":{"rendered":"FTCS &#8211; &#8222;Dong&#8221; Eloagy &#8211; M-LOK &#8211; AKM"},"content":{"rendered":"<div class=\"product-description\">\n<h2>FTCS &#8211; &#8222;Dong&#8221; El\u0151agy &#8211; M-LOK &#8211; AKM<\/h2>\n<p>Az FTCS &#8222;Dong&#8221; El\u0151agy AKM\/AKMS pusk\u00e1khoz. Ez a klasszikus AIMS-st\u00edlus\u00fa el\u0151agy jellemz\u0151i:<\/p>\n<ul>\n<li>K\u00f6nny\u0171 fa szerkezet<\/li>\n<li>Be\u00e9p\u00edtett els\u0151 markolat<\/li>\n<li>M-LOK r\u00f6gz\u00edt\u00e9si pontok kieg\u00e9sz\u00edt\u0151kh\u00f6z<\/li>\n<li>Kompatibilis al\u00e1hajthat\u00f3 tus\u00e1kkal<\/li>\n<li>Grafit fekete Cerakote bevonat<\/li>\n<\/ul>\n<p>141g s\u00faly\u00fa \u00e9s 160x120x35mm m\u00e9ret\u0171. Az oldals\u00f3 M-LOK s\u00ednek lehet\u0151v\u00e9 teszik l\u00e1mp\u00e1k, l\u00e9zerek \u00e9s egy\u00e9b kieg\u00e9sz\u00edt\u0151k r\u00f6gz\u00edt\u00e9s\u00e9t.<\/p>\n<p>Az FTCS &#8222;Dong&#8221; El\u0151agy AKM pusk\u00e1khoz.<\/p>\n<\/div>\n","protected":false},"excerpt":{"rendered":"<p>Klasszikus AIMS-st\u00edlus\u00fa fa AKM el\u0151agy M-LOK s\u00ednrendszerrel.<\/p>\n","protected":false},"featured_media":240996,"template":"","meta":{"_acf_changed":false},"product_brand":[11316],"product_cat":[12901,12938,12916],"product_tag":[],"class_list":{"0":"post-288171","1":"product","2":"type-product","3":"status-publish","4":"has-post-thumbnail","6":"product_brand-ftcs","7":"product_cat-ak-tuning","8":"product_cat-puska-markolatok","9":"product_cat-puska-tuning","11":"first","12":"instock","13":"taxable","14":"shipping-taxable","15":"purchasable","16":"product-type-simple"},"acf":[],"_links":{"self":[{"href":"https:\/\/staging.nbg.eu\/hu\/wp-json\/wp\/v2\/product\/288171","targetHints":{"allow":["GET"]}}],"collection":[{"href":"https:\/\/staging.nbg.eu\/hu\/wp-json\/wp\/v2\/product"}],"about":[{"href":"https:\/\/staging.nbg.eu\/hu\/wp-json\/wp\/v2\/types\/product"}],"wp:featuredmedia":[{"embeddable":true,"href":"https:\/\/staging.nbg.eu\/hu\/wp-json\/wp\/v2\/media\/240996"}],"wp:attachment":[{"href":"https:\/\/staging.nbg.eu\/hu\/wp-json\/wp\/v2\/media?parent=288171"}],"wp:term":[{"taxonomy":"product_brand","embeddable":true,"href":"https:\/\/staging.nbg.eu\/hu\/wp-json\/wp\/v2\/product_brand?post=288171"},{"taxonomy":"product_cat","embeddable":true,"href":"https:\/\/staging.nbg.eu\/hu\/wp-json\/wp\/v2\/product_cat?post=288171"},{"taxonomy":"product_tag","embeddable":true,"href":"https:\/\/staging.nbg.eu\/hu\/wp-json\/wp\/v2\/product_tag?post=288171"}],"curies":[{"name":"wp","href":"https:\/\/api.w.org\/{rel}","templated":true}]}}