{"id":287741,"date":"2025-03-05T11:14:35","date_gmt":"2025-03-05T11:14:35","guid":{"rendered":"https:\/\/staging.nbg.eu\/prodcut\/clawgear-ak47-long-slick-handguard-m-lok\/"},"modified":"2025-03-26T12:40:02","modified_gmt":"2025-03-26T12:40:02","slug":"clawgear-ak47-hosszu-sima-eloagy-m-lok","status":"publish","type":"product","link":"https:\/\/staging.nbg.eu\/hu\/termek\/clawgear-ak47-hosszu-sima-eloagy-m-lok\/","title":{"rendered":"Clawgear AK47 Hosszu Sima Eloagy M-LOK"},"content":{"rendered":"<div class=\"product-description\">\n<h2>Clawgear AK47 Hossz\u00fa Handguard M-LOK<\/h2>\n<p>AK47 kieg\u00e9sz\u00edt\u0151 handguard. Jellemz\u0151k:<\/p>\n<ul>\n<li>Matt fekete bevonat a f\u00e9nyvisszaver\u0151d\u00e9s cs\u00f6kkent\u00e9s\u00e9re<\/li>\n<li>QD sz\u00edjr\u00f6gz\u00edt\u00e9si pont a h\u00e1ts\u00f3 r\u00e9szen<\/li>\n<li>M-LOK r\u00f6gz\u00edt\u0151rendszer kieg\u00e9sz\u00edt\u0151kh\u00f6z<\/li>\n<li>Kompatibilis sajtolt \u00e9s mart tokkal<\/li>\n<li>6061 alum\u00ednium szerkezet, MIL-SPEC III t\u00edpus\u00fa elox\u00e1lt fel\u00fclettel<\/li>\n<\/ul>\n<p>M\u00e9retek: 37,2 cm (H) x 4,8 cm (Sz) x 4,8 cm (M)<\/p>\n<p>S\u00faly: 0,25 kg<\/p>\n<p>AK47 funkcionalit\u00e1s\u00e1t \u00e9s megjelen\u00e9s\u00e9t jav\u00edt\u00f3 kieg\u00e9sz\u00edt\u0151.<\/p>\n<\/div>\n","protected":false},"excerpt":{"rendered":"<p>Eleg\u00e1ns M-LOK AK47 el\u0151agy: k\u00f6nny\u0171, sokoldal\u00fa, QD hevederr\u00f6gz\u00edt\u00e9sre k\u00e9sz.<\/p>\n","protected":false},"featured_media":239370,"template":"","meta":{"_acf_changed":false},"product_brand":[11216],"product_cat":[12901,12967,12916,12915],"product_tag":[],"class_list":{"0":"post-287741","1":"product","2":"type-product","3":"status-publish","4":"has-post-thumbnail","6":"product_brand-clawgear","7":"product_cat-ak-tuning","8":"product_cat-puska","9":"product_cat-puska-tuning","10":"product_cat-sinek","12":"first","13":"instock","14":"taxable","15":"shipping-taxable","16":"purchasable","17":"product-type-simple"},"acf":[],"_links":{"self":[{"href":"https:\/\/staging.nbg.eu\/hu\/wp-json\/wp\/v2\/product\/287741","targetHints":{"allow":["GET"]}}],"collection":[{"href":"https:\/\/staging.nbg.eu\/hu\/wp-json\/wp\/v2\/product"}],"about":[{"href":"https:\/\/staging.nbg.eu\/hu\/wp-json\/wp\/v2\/types\/product"}],"wp:featuredmedia":[{"embeddable":true,"href":"https:\/\/staging.nbg.eu\/hu\/wp-json\/wp\/v2\/media\/239370"}],"wp:attachment":[{"href":"https:\/\/staging.nbg.eu\/hu\/wp-json\/wp\/v2\/media?parent=287741"}],"wp:term":[{"taxonomy":"product_brand","embeddable":true,"href":"https:\/\/staging.nbg.eu\/hu\/wp-json\/wp\/v2\/product_brand?post=287741"},{"taxonomy":"product_cat","embeddable":true,"href":"https:\/\/staging.nbg.eu\/hu\/wp-json\/wp\/v2\/product_cat?post=287741"},{"taxonomy":"product_tag","embeddable":true,"href":"https:\/\/staging.nbg.eu\/hu\/wp-json\/wp\/v2\/product_tag?post=287741"}],"curies":[{"name":"wp","href":"https:\/\/api.w.org\/{rel}","templated":true}]}}