{"id":287714,"date":"2025-03-05T11:33:07","date_gmt":"2025-03-05T11:33:07","guid":{"rendered":"https:\/\/staging.nbg.eu\/prodcut\/clawgear-ak47-medium-slick-handguard-m-lok\/"},"modified":"2025-03-26T12:49:16","modified_gmt":"2025-03-26T12:49:16","slug":"clawgear-ak47-kozepes-sima-eloagy-m-lok","status":"publish","type":"product","link":"https:\/\/staging.nbg.eu\/hu\/termek\/clawgear-ak47-kozepes-sima-eloagy-m-lok\/","title":{"rendered":"Clawgear AK47 Kozepes Sima Eloagy M-LOK"},"content":{"rendered":"<div class=\"product-description\">\n<h2>Clawgear AK47 K\u00f6zepes Sima El\u0151agy M-LOK<\/h2>\n<p>AK47 el\u0151agy Clawgeart\u00f3l. Matt fekete bevonattal rendelkezik. Az M-LOK rendszer lehet\u0151v\u00e9 teszi kieg\u00e9sz\u00edt\u0151k csatlakoztat\u00e1s\u00e1t, \u00e9s QD sz\u00edjr\u00f6gz\u00edt\u00e9si ponttal rendelkezik.<\/p>\n<ul>\n<li>Kompatibilis pr\u00e9selt \u00e9s mart tokkal<\/li>\n<li>6061 alum\u00edniumb\u00f3l k\u00e9sz\u00fclt<\/li>\n<li>MIL-SPEC Type III kem\u00e9nybevonat\u00fa elox\u00e1lt fel\u00fclet<\/li>\n<li>S\u00faly: 0,15 kg<\/li>\n<li>M\u00e9retek: 26,2 cm (H) x 4,3 cm (Sz) x 4,3 cm (M)<\/li>\n<\/ul>\n<p>Ez az el\u0151agy jav\u00edtja az AK47 funkcionalit\u00e1s\u00e1t \u00e9s megjelen\u00e9s\u00e9t.<\/p>\n<\/div>\n","protected":false},"excerpt":{"rendered":"<p>K\u00f6nny\u0171 M-LOK AK47 el\u0151agy QD hevederr\u00f6gz\u00edt\u00e9si ponttal \u00e9s matt fel\u00fclettel.<\/p>\n","protected":false},"featured_media":239648,"template":"","meta":{"_acf_changed":false},"product_brand":[11216],"product_cat":[12901,12967,12916,12915],"product_tag":[],"class_list":{"0":"post-287714","1":"product","2":"type-product","3":"status-publish","4":"has-post-thumbnail","6":"product_brand-clawgear","7":"product_cat-ak-tuning","8":"product_cat-puska","9":"product_cat-puska-tuning","10":"product_cat-sinek","12":"first","13":"instock","14":"taxable","15":"shipping-taxable","16":"purchasable","17":"product-type-simple"},"acf":[],"_links":{"self":[{"href":"https:\/\/staging.nbg.eu\/hu\/wp-json\/wp\/v2\/product\/287714","targetHints":{"allow":["GET"]}}],"collection":[{"href":"https:\/\/staging.nbg.eu\/hu\/wp-json\/wp\/v2\/product"}],"about":[{"href":"https:\/\/staging.nbg.eu\/hu\/wp-json\/wp\/v2\/types\/product"}],"wp:featuredmedia":[{"embeddable":true,"href":"https:\/\/staging.nbg.eu\/hu\/wp-json\/wp\/v2\/media\/239648"}],"wp:attachment":[{"href":"https:\/\/staging.nbg.eu\/hu\/wp-json\/wp\/v2\/media?parent=287714"}],"wp:term":[{"taxonomy":"product_brand","embeddable":true,"href":"https:\/\/staging.nbg.eu\/hu\/wp-json\/wp\/v2\/product_brand?post=287714"},{"taxonomy":"product_cat","embeddable":true,"href":"https:\/\/staging.nbg.eu\/hu\/wp-json\/wp\/v2\/product_cat?post=287714"},{"taxonomy":"product_tag","embeddable":true,"href":"https:\/\/staging.nbg.eu\/hu\/wp-json\/wp\/v2\/product_tag?post=287714"}],"curies":[{"name":"wp","href":"https:\/\/api.w.org\/{rel}","templated":true}]}}