{"id":287640,"date":"2025-03-06T20:23:37","date_gmt":"2025-03-06T20:23:37","guid":{"rendered":"https:\/\/staging.nbg.eu\/prodcut\/clawgear-ak47-short-slick-handguard-m-lok\/"},"modified":"2025-03-26T12:36:22","modified_gmt":"2025-03-26T12:36:22","slug":"clawgear-ak47-roevid-sima-eloagy-m-lok","status":"publish","type":"product","link":"https:\/\/staging.nbg.eu\/hu\/termek\/clawgear-ak47-roevid-sima-eloagy-m-lok\/","title":{"rendered":"Clawgear &#8211; AK47 r\u00f6vid sima el\u0151agy M-LOK"},"content":{"rendered":"<h2>Clawgear &#8211; AK47 R\u00f6vid El\u0151agy M-LOK<\/h2>\n<p>AK47 el\u0151agy a k\u00f6vetkez\u0151 jellemz\u0151kkel:<\/p>\n<ul>\n<li>M-LOK r\u00f6gz\u00edt\u0151rendszer kieg\u00e9sz\u00edt\u0151k csatlakoztat\u00e1s\u00e1hoz<\/li>\n<li>Matt fekete fel\u00fclet<\/li>\n<li>QD hevederr\u00f6gz\u00edt\u00e9si pont a h\u00e1ts\u00f3 r\u00e9szen<\/li>\n<li>Kompatibilis pr\u00e9selt \u00e9s mart tokkal<\/li>\n<li>6061 alum\u00edniumb\u00f3l k\u00e9sz\u00fclt<\/li>\n<li>MIL-SPEC Type III kem\u00e9ny elox\u00e1lt fel\u00fclet<\/li>\n<\/ul>\n<p>M\u00e9retek: 16,4cm (H) x 4,5cm (Sz) x 4cm (M)<\/p>\n<p>S\u00faly: 0,16kg<\/p>\n<p>AK47 el\u0151agy taktikai felhaszn\u00e1l\u00f3k sz\u00e1m\u00e1ra.<\/p>\n","protected":false},"excerpt":{"rendered":"<p>K\u00f6nny\u0171 M-LOK el\u0151agy AK47-hez. QD gyorscsatlakoz\u00f3s sz\u00edjr\u00f6gz\u00edt\u00e9si pont. T\u00f6bbf\u00e9le tokhoz illeszkedik.<\/p>\n","protected":false},"featured_media":245163,"template":"","meta":{"_acf_changed":false},"product_brand":[],"product_cat":[12901,12967,12916],"product_tag":[],"class_list":{"0":"post-287640","1":"product","2":"type-product","3":"status-publish","4":"has-post-thumbnail","6":"product_cat-ak-tuning","7":"product_cat-puska","8":"product_cat-puska-tuning","10":"first","11":"instock","12":"taxable","13":"shipping-taxable","14":"purchasable","15":"product-type-simple"},"acf":[],"_links":{"self":[{"href":"https:\/\/staging.nbg.eu\/hu\/wp-json\/wp\/v2\/product\/287640","targetHints":{"allow":["GET"]}}],"collection":[{"href":"https:\/\/staging.nbg.eu\/hu\/wp-json\/wp\/v2\/product"}],"about":[{"href":"https:\/\/staging.nbg.eu\/hu\/wp-json\/wp\/v2\/types\/product"}],"wp:featuredmedia":[{"embeddable":true,"href":"https:\/\/staging.nbg.eu\/hu\/wp-json\/wp\/v2\/media\/245163"}],"wp:attachment":[{"href":"https:\/\/staging.nbg.eu\/hu\/wp-json\/wp\/v2\/media?parent=287640"}],"wp:term":[{"taxonomy":"product_brand","embeddable":true,"href":"https:\/\/staging.nbg.eu\/hu\/wp-json\/wp\/v2\/product_brand?post=287640"},{"taxonomy":"product_cat","embeddable":true,"href":"https:\/\/staging.nbg.eu\/hu\/wp-json\/wp\/v2\/product_cat?post=287640"},{"taxonomy":"product_tag","embeddable":true,"href":"https:\/\/staging.nbg.eu\/hu\/wp-json\/wp\/v2\/product_tag?post=287640"}],"curies":[{"name":"wp","href":"https:\/\/api.w.org\/{rel}","templated":true}]}}