{"id":285425,"date":"2025-03-04T19:02:48","date_gmt":"2025-03-25T14:27:48","guid":{"rendered":"https:\/\/staging.nbg.eu\/product\/magpul-ctr-moe-cheek-riser-0-75\/"},"modified":"2025-03-25T14:30:12","modified_gmt":"2025-03-25T14:30:12","slug":"magpul-ctr-moe-pofa-emelo-075","status":"publish","type":"product","link":"https:\/\/staging.nbg.eu\/hu\/termek\/magpul-ctr-moe-pofa-emelo-075\/","title":{"rendered":"Magpul &#8211; CTR \/ MOE pofa emel\u0151 &#8211; 0.75&#8243;"},"content":{"rendered":"<div class=\"product-description\">\n<h2>Magpul &#8211; CTR \/ MOE Arca Magas\u00edt\u00f3 &#8211; 0,75&#8243;<\/h2>\n<p>A Magpul CTR \/ MOE Arca Magas\u00edt\u00f3 egy r\u00e1csatolhat\u00f3 kieg\u00e9sz\u00edt\u0151, amely 3\/4 h\u00fcvelykkel emeli meg az arca t\u00e1maszt\u00e9kot, jav\u00edtva a k\u00e9nyelmet \u00e9s a c\u00e9lz\u00e1st k\u00fcl\u00f6nb\u00f6z\u0151 l\u0151fegyver alkalmaz\u00e1sokn\u00e1l.<\/p>\n<ul>\n<li>Kompatibilis CTR, MOE\u00ae, DT \u00e9s PR karab\u00e9ly tus\u00e1kkal<\/li>\n<li>Alkalmas nem AR15\/M4 rendszerekhez, p\u00e9ld\u00e1ul M14 karab\u00e9ly tusa \u00e1talak\u00edt\u00e1sokhoz<\/li>\n<li>Egyszer\u0171 r\u00e1csatolhat\u00f3 telep\u00edt\u00e9s<\/li>\n<li>USA-ban gy\u00e1rtva<\/li>\n<li>NSN: MAG327-BLK 1005-01-591-6041<\/li>\n<\/ul>\n<p><strong>Megjegyz\u00e9s:<\/strong> Zavarhatja a t\u00f6lt\u0151foganty\u00fa m\u0171k\u00f6d\u00e9s\u00e9t AR15\/M4 platformokon, hacsak a tusa nincs teljesen kih\u00fazva.<\/p>\n<\/div>\n","protected":false},"excerpt":{"rendered":"<p>&#8220;Felcsatolhat\u00f3 0,75&#8221; arcmegt\u00e1maszt\u00f3 a fokozott k\u00e9nyelem \u00e9s pontoss\u00e1g \u00e9rdek\u00e9ben.&#8221;<\/p>\n","protected":false},"featured_media":237152,"template":"","meta":{"_acf_changed":false},"product_brand":[11553],"product_cat":[12967,12916,12927],"product_tag":[],"class_list":{"0":"post-285425","1":"product","2":"type-product","3":"status-publish","4":"has-post-thumbnail","6":"product_brand-magpul","7":"product_cat-puska","8":"product_cat-puska-tuning","9":"product_cat-puskatusok","11":"first","12":"instock","13":"taxable","14":"shipping-taxable","15":"purchasable","16":"product-type-variable","17":"wvs-archive-product-wrapper"},"acf":[],"_links":{"self":[{"href":"https:\/\/staging.nbg.eu\/hu\/wp-json\/wp\/v2\/product\/285425","targetHints":{"allow":["GET"]}}],"collection":[{"href":"https:\/\/staging.nbg.eu\/hu\/wp-json\/wp\/v2\/product"}],"about":[{"href":"https:\/\/staging.nbg.eu\/hu\/wp-json\/wp\/v2\/types\/product"}],"wp:featuredmedia":[{"embeddable":true,"href":"https:\/\/staging.nbg.eu\/hu\/wp-json\/wp\/v2\/media\/237152"}],"wp:attachment":[{"href":"https:\/\/staging.nbg.eu\/hu\/wp-json\/wp\/v2\/media?parent=285425"}],"wp:term":[{"taxonomy":"product_brand","embeddable":true,"href":"https:\/\/staging.nbg.eu\/hu\/wp-json\/wp\/v2\/product_brand?post=285425"},{"taxonomy":"product_cat","embeddable":true,"href":"https:\/\/staging.nbg.eu\/hu\/wp-json\/wp\/v2\/product_cat?post=285425"},{"taxonomy":"product_tag","embeddable":true,"href":"https:\/\/staging.nbg.eu\/hu\/wp-json\/wp\/v2\/product_tag?post=285425"}],"curies":[{"name":"wp","href":"https:\/\/api.w.org\/{rel}","templated":true}]}}