{"id":285369,"date":"2025-03-04T19:02:27","date_gmt":"2025-03-25T14:27:19","guid":{"rendered":"https:\/\/staging.nbg.eu\/product\/magpul-ctr-moe-cheek-riser-0-5\/"},"modified":"2025-03-25T14:29:41","modified_gmt":"2025-03-25T14:29:41","slug":"magpul-ctr-moe-pofa-emelo-05","status":"publish","type":"product","link":"https:\/\/staging.nbg.eu\/hu\/termek\/magpul-ctr-moe-pofa-emelo-05\/","title":{"rendered":"Magpul &#8211; CTR \/ MOE pofa emel\u0151 &#8211; 0.5&#8243;"},"content":{"rendered":"<div class=\"product-description\">\n<h2>Magpul &#8211; CTR \/ MOE Arcmegt\u00e1maszt\u00f3 &#8211; 0,5&#8243;<\/h2>\n<p>A Magpul CTR \/ MOE Arcmegt\u00e1maszt\u00f3 egy felcsatolhat\u00f3 kieg\u00e9sz\u00edt\u0151, amely a CTR, MOE\u00ae, DT \u00e9s PR Carbine tus\u00e1khoz k\u00e9sz\u00fclt.<\/p>\n<ul>\n<li>Az arct\u00e1maszt 1\/2 h\u00fcvelykkel emeli meg<\/li>\n<li>Nem AR15\/M4 alkalmaz\u00e1sokhoz aj\u00e1nlott<\/li>\n<li>M14 karab\u00e9ly tusa \u00e1talak\u00edt\u00e1sokhoz alkalmas<\/li>\n<li>Az USA-ban gy\u00e1rtva<\/li>\n<li>NSN: MAG326-BLK 1005-01-591-6035<\/li>\n<\/ul>\n<p><strong>Megjegyz\u00e9s:<\/strong> AR15\/M4 platformokn\u00e1l zavarhatja a t\u00f6lt\u0151foganty\u00fa m\u0171k\u00f6d\u00e9s\u00e9t, hacsak a tusa nincs teljesen kih\u00fazva.<\/p>\n<p>Ez a Magpul arcmegt\u00e1maszt\u00f3 jav\u00edtja a puska ergon\u00f3mi\u00e1j\u00e1t \u00e9s seg\u00edt a k\u00f6vetkezetesebb c\u00e9lk\u00e9pben.<\/p>\n<\/div>\n","protected":false},"excerpt":{"rendered":"<p>R\u00e1csatolhat\u00f3 arcmagas\u00edt\u00f3 nem AR15\/M4 t\u00edpus\u00fa tus\u00e1khoz. 0,5 h\u00fcvelykkel (kb. 1,27 cm-rel) emeli meg a fegyver \u00e9s az arc \u00e9rintkez\u00e9si pontj\u00e1t.<\/p>\n","protected":false},"featured_media":237036,"template":"","meta":{"_acf_changed":false},"product_brand":[11553],"product_cat":[12967,12916,12927],"product_tag":[],"class_list":{"0":"post-285369","1":"product","2":"type-product","3":"status-publish","4":"has-post-thumbnail","6":"product_brand-magpul","7":"product_cat-puska","8":"product_cat-puska-tuning","9":"product_cat-puskatusok","11":"first","12":"instock","13":"taxable","14":"shipping-taxable","15":"purchasable","16":"product-type-variable","17":"wvs-archive-product-wrapper"},"acf":[],"_links":{"self":[{"href":"https:\/\/staging.nbg.eu\/hu\/wp-json\/wp\/v2\/product\/285369","targetHints":{"allow":["GET"]}}],"collection":[{"href":"https:\/\/staging.nbg.eu\/hu\/wp-json\/wp\/v2\/product"}],"about":[{"href":"https:\/\/staging.nbg.eu\/hu\/wp-json\/wp\/v2\/types\/product"}],"wp:featuredmedia":[{"embeddable":true,"href":"https:\/\/staging.nbg.eu\/hu\/wp-json\/wp\/v2\/media\/237036"}],"wp:attachment":[{"href":"https:\/\/staging.nbg.eu\/hu\/wp-json\/wp\/v2\/media?parent=285369"}],"wp:term":[{"taxonomy":"product_brand","embeddable":true,"href":"https:\/\/staging.nbg.eu\/hu\/wp-json\/wp\/v2\/product_brand?post=285369"},{"taxonomy":"product_cat","embeddable":true,"href":"https:\/\/staging.nbg.eu\/hu\/wp-json\/wp\/v2\/product_cat?post=285369"},{"taxonomy":"product_tag","embeddable":true,"href":"https:\/\/staging.nbg.eu\/hu\/wp-json\/wp\/v2\/product_tag?post=285369"}],"curies":[{"name":"wp","href":"https:\/\/api.w.org\/{rel}","templated":true}]}}