{"id":285235,"date":"2025-03-04T18:44:51","date_gmt":"2025-03-25T14:25:40","guid":{"rendered":"https:\/\/staging.nbg.eu\/product\/magpul-ctr-moe-cheek-riser-0-25\/"},"modified":"2025-03-25T14:28:01","modified_gmt":"2025-03-25T14:28:01","slug":"magpul-ctr-moe-pofa-emelo-025","status":"publish","type":"product","link":"https:\/\/staging.nbg.eu\/hu\/termek\/magpul-ctr-moe-pofa-emelo-025\/","title":{"rendered":"Magpul &#8211; CTR \/ MOE pofa emel\u0151 &#8211; 0.25&#8221;"},"content":{"rendered":"<div class=\"product-description\">\n<h2>Magpul &#8211; CTR \/ MOE arcmagas\u00edt\u00f3 &#8211; 0,25&#8243;<\/h2>\n<p>A Magpul CTR \/ MOE arcmagas\u00edt\u00f3 egy r\u00e1pattinthat\u00f3 kieg\u00e9sz\u00edt\u0151, amely 1\/4 h\u00fcvelykkel emeli meg az arct\u00e1maszt, jav\u00edtva a k\u00e9nyelmet \u00e9s a pontoss\u00e1got nem AR15\/M4 alkalmaz\u00e1sok eset\u00e9n.<\/p>\n<ul>\n<li>Kompatibilis CTR, MOE\u00ae, DT \u00e9s PR karab\u00e9ly tus\u00e1kkal<\/li>\n<li>Alkalmas M14 karab\u00e9ly tusa \u00e1talak\u00edt\u00e1sokhoz<\/li>\n<li>USA-ban gy\u00e1rtva<\/li>\n<li>NSN: MAG325-BLK 1005-01-591-6018<\/li>\n<\/ul>\n<p><strong>Megjegyz\u00e9s:<\/strong> Ez a magas\u00edt\u00f3 zavarhatja a t\u00f6lt\u0151foganty\u00fa m\u0171k\u00f6d\u00e9s\u00e9t AR15\/M4 platformokon, hacsak a tusa nincs teljesen kih\u00fazva.<\/p>\n<p>Ez a Magpul arcmagas\u00edt\u00f3 jav\u00edtja a fegyver ergon\u00f3mi\u00e1j\u00e1t \u00e9s pontoss\u00e1g\u00e1t.<\/p>\n<\/div>\n","protected":false},"excerpt":{"rendered":"<p>Arcmagas\u00edt\u00f3 nem AR15\/M4 t\u00edpus\u00fa tus\u00e1khoz. 0,25 h\u00fcvelykkel emeli a r\u00f6gz\u00edt\u00e9si pontot. USA-ban gy\u00e1rtott.<\/p>\n","protected":false},"featured_media":236938,"template":"","meta":{"_acf_changed":false},"product_brand":[11553],"product_cat":[12967,12916,12927],"product_tag":[],"class_list":{"0":"post-285235","1":"product","2":"type-product","3":"status-publish","4":"has-post-thumbnail","6":"product_brand-magpul","7":"product_cat-puska","8":"product_cat-puska-tuning","9":"product_cat-puskatusok","11":"first","12":"instock","13":"taxable","14":"shipping-taxable","15":"purchasable","16":"product-type-variable","17":"wvs-archive-product-wrapper"},"acf":[],"_links":{"self":[{"href":"https:\/\/staging.nbg.eu\/hu\/wp-json\/wp\/v2\/product\/285235","targetHints":{"allow":["GET"]}}],"collection":[{"href":"https:\/\/staging.nbg.eu\/hu\/wp-json\/wp\/v2\/product"}],"about":[{"href":"https:\/\/staging.nbg.eu\/hu\/wp-json\/wp\/v2\/types\/product"}],"wp:featuredmedia":[{"embeddable":true,"href":"https:\/\/staging.nbg.eu\/hu\/wp-json\/wp\/v2\/media\/236938"}],"wp:attachment":[{"href":"https:\/\/staging.nbg.eu\/hu\/wp-json\/wp\/v2\/media?parent=285235"}],"wp:term":[{"taxonomy":"product_brand","embeddable":true,"href":"https:\/\/staging.nbg.eu\/hu\/wp-json\/wp\/v2\/product_brand?post=285235"},{"taxonomy":"product_cat","embeddable":true,"href":"https:\/\/staging.nbg.eu\/hu\/wp-json\/wp\/v2\/product_cat?post=285235"},{"taxonomy":"product_tag","embeddable":true,"href":"https:\/\/staging.nbg.eu\/hu\/wp-json\/wp\/v2\/product_tag?post=285235"}],"curies":[{"name":"wp","href":"https:\/\/api.w.org\/{rel}","templated":true}]}}