{"id":285054,"date":"2025-03-02T07:13:28","date_gmt":"2025-03-25T14:10:05","guid":{"rendered":"https:\/\/staging.nbg.eu\/product\/the-railchanger-from-area-419-armageddon-gear-and-reasor-precision\/"},"modified":"2025-03-25T14:12:19","modified_gmt":"2025-03-25T14:12:19","slug":"the-railchanger-area-419-tol-armageddon-gear-es-reasor-precision","status":"publish","type":"product","link":"https:\/\/staging.nbg.eu\/hu\/termek\/the-railchanger-area-419-tol-armageddon-gear-es-reasor-precision\/","title":{"rendered":"The RailChanger \u2013 Area 419-t\u0151l, Armageddon Gear \u00e9s Reasor Precision"},"content":{"rendered":"<div class=\"product-description\">\n<h2>RailChanger: GripChanger v\u00e1ltozat<\/h2>\n<p>A RailChanger term\u00e9kcsal\u00e1d \u00faj tagja: a GripChanger. Ez a kompakt, sokoldal\u00fa t\u00e1ska alkalmas gyors poz\u00edci\u00f3\u00e9p\u00edt\u00e9sre \u00e9s kis ny\u00edl\u00e1sokban val\u00f3 haszn\u00e1latra.<\/p>\n<h2>Jellemz\u0151k:<\/h2>\n<ul>\n<li>Kicsi, tapad\u00f3s \u00e9s s\u0171r\u0171n t\u00f6lt\u00f6tt<\/li>\n<li>S\u00falya k\u00f6r\u00fclbel\u00fcl 0,45 kg<\/li>\n<li>B\u00e1rmilyen fel\u00fcleten megtapad<\/li>\n<li>Stabil alapot biztos\u00edt a gyors be\u00e1ll\u00edt\u00e1shoz<\/li>\n<\/ul>\n<h2>A k\u00e9szlet tartalma:<\/h2>\n<ul>\n<li>1 egyedi Area 419 GripChanger t\u00e1ska<\/li>\n<li>1 ARCALOCK szor\u00edt\u00f3<\/li>\n<li>1 Area 419 Rail Changer kar<\/li>\n<\/ul>\n<h2>M\u0171szaki adatok:<\/h2>\n<ul>\n<li>S\u00faly: 0,45 kg<\/li>\n<li>M\u00e9retek: 25,4 \u00d7 7,6 \u00d7 5,1 cm<\/li>\n<li>Gy\u00e1rt\u00f3: Armageddon Gear<\/li>\n<\/ul>\n<p>A GripChanger az Area 419, az Armageddon Gear \u00e9s a Reasor Precision egy\u00fcttm\u0171k\u00f6d\u00e9s\u00e9nek eredm\u00e9nye.<\/p>\n<\/div>\n","protected":false},"excerpt":{"rendered":"<p>Sokoldal\u00fa, tapad\u00f3s t\u00e1ska gyors \u00e9s stabil l\u00f6v\u00e9szpoz\u00edci\u00f3khoz.<\/p>\n","protected":false},"featured_media":233702,"template":"","meta":{"_acf_changed":false},"product_brand":[11039],"product_cat":[12967],"product_tag":[],"class_list":{"0":"post-285054","1":"product","2":"type-product","3":"status-publish","4":"has-post-thumbnail","6":"product_brand-area-419","7":"product_cat-puska","9":"first","10":"instock","11":"taxable","12":"shipping-taxable","13":"purchasable","14":"product-type-variable","15":"wvs-archive-product-wrapper"},"acf":[],"_links":{"self":[{"href":"https:\/\/staging.nbg.eu\/hu\/wp-json\/wp\/v2\/product\/285054","targetHints":{"allow":["GET"]}}],"collection":[{"href":"https:\/\/staging.nbg.eu\/hu\/wp-json\/wp\/v2\/product"}],"about":[{"href":"https:\/\/staging.nbg.eu\/hu\/wp-json\/wp\/v2\/types\/product"}],"wp:featuredmedia":[{"embeddable":true,"href":"https:\/\/staging.nbg.eu\/hu\/wp-json\/wp\/v2\/media\/233702"}],"wp:attachment":[{"href":"https:\/\/staging.nbg.eu\/hu\/wp-json\/wp\/v2\/media?parent=285054"}],"wp:term":[{"taxonomy":"product_brand","embeddable":true,"href":"https:\/\/staging.nbg.eu\/hu\/wp-json\/wp\/v2\/product_brand?post=285054"},{"taxonomy":"product_cat","embeddable":true,"href":"https:\/\/staging.nbg.eu\/hu\/wp-json\/wp\/v2\/product_cat?post=285054"},{"taxonomy":"product_tag","embeddable":true,"href":"https:\/\/staging.nbg.eu\/hu\/wp-json\/wp\/v2\/product_tag?post=285054"}],"curies":[{"name":"wp","href":"https:\/\/api.w.org\/{rel}","templated":true}]}}