{"id":284344,"date":"2025-03-06T20:15:14","date_gmt":"2025-03-06T20:15:14","guid":{"rendered":"https:\/\/staging.nbg.eu\/product\/clawgear-ak47-gas-tube-cover\/"},"modified":"2025-03-25T13:01:00","modified_gmt":"2025-03-25T13:01:00","slug":"clawgear-ak47-gazcso-fedel","status":"publish","type":"product","link":"https:\/\/staging.nbg.eu\/hu\/termek\/clawgear-ak47-gazcso-fedel\/","title":{"rendered":"Clawgear &#8211; AK47 g\u00e1zcs\u0151 fed\u00e9l"},"content":{"rendered":"<h2>Clawgear &#8211; AK47 G\u00e1zcs\u0151 Bor\u00edt\u00e1s<\/h2>\n<p>AK47 fejleszt\u00e9s a Clawgear G\u00e1zcs\u0151 Bor\u00edt\u00e1ssal, amelyet kiz\u00e1r\u00f3lag a CG Slimline El\u0151aggyal val\u00f3 haszn\u00e1latra terveztek. Jellemz\u0151i:<\/p>\n<ul>\n<li>Mil-STD 1913 Picatinny \/ Stanag 4694 s\u00edn a tetej\u00e9n<\/li>\n<li>Er\u0151s alum\u00ednium szerkezet<\/li>\n<li>Tart\u00f3s fekete katonai min\u0151s\u00e9g\u0171 bevonat<\/li>\n<\/ul>\n<p>A g\u00e1zcs\u0151 bor\u00edt\u00e1s 10 cm hossz\u00fa \u00e9s 80 g s\u00faly\u00fa, illeszkedik az AK47 kialak\u00edt\u00e1s\u00e1hoz.<\/p>\n<p><strong>Megjegyz\u00e9s:<\/strong> Ez a term\u00e9k <em>csak<\/em> a Clawgear AK47 Slimline El\u0151aggyal kompatibilis.<\/p>\n<p>A Clawgear AK47 G\u00e1zcs\u0151 Bor\u00edt\u00e1s kieg\u00e9sz\u00edt\u0151 az AK47-hez.<\/p>\n","protected":false},"excerpt":{"rendered":"<p>Tart\u00f3s AK47 g\u00e1zcs\u0151 burkolat Picatinny s\u00ednnel a karcs\u00fas\u00edtott el\u0151agyhoz.<\/p>\n","protected":false},"featured_media":244886,"template":"","meta":{"_acf_changed":false},"product_brand":[11216],"product_cat":[12901,12967,12915],"product_tag":[],"class_list":{"0":"post-284344","1":"product","2":"type-product","3":"status-publish","4":"has-post-thumbnail","6":"product_brand-clawgear","7":"product_cat-ak-tuning","8":"product_cat-puska","9":"product_cat-sinek","11":"first","12":"instock","13":"taxable","14":"shipping-taxable","15":"purchasable","16":"product-type-simple"},"acf":[],"_links":{"self":[{"href":"https:\/\/staging.nbg.eu\/hu\/wp-json\/wp\/v2\/product\/284344","targetHints":{"allow":["GET"]}}],"collection":[{"href":"https:\/\/staging.nbg.eu\/hu\/wp-json\/wp\/v2\/product"}],"about":[{"href":"https:\/\/staging.nbg.eu\/hu\/wp-json\/wp\/v2\/types\/product"}],"wp:featuredmedia":[{"embeddable":true,"href":"https:\/\/staging.nbg.eu\/hu\/wp-json\/wp\/v2\/media\/244886"}],"wp:attachment":[{"href":"https:\/\/staging.nbg.eu\/hu\/wp-json\/wp\/v2\/media?parent=284344"}],"wp:term":[{"taxonomy":"product_brand","embeddable":true,"href":"https:\/\/staging.nbg.eu\/hu\/wp-json\/wp\/v2\/product_brand?post=284344"},{"taxonomy":"product_cat","embeddable":true,"href":"https:\/\/staging.nbg.eu\/hu\/wp-json\/wp\/v2\/product_cat?post=284344"},{"taxonomy":"product_tag","embeddable":true,"href":"https:\/\/staging.nbg.eu\/hu\/wp-json\/wp\/v2\/product_tag?post=284344"}],"curies":[{"name":"wp","href":"https:\/\/api.w.org\/{rel}","templated":true}]}}