{"id":284183,"date":"2025-03-05T08:21:40","date_gmt":"2025-03-25T10:48:04","guid":{"rendered":"https:\/\/staging.nbg.eu\/product\/magpul-moe-sl-enhanced-rubber-butt-pad-0-70\/"},"modified":"2025-03-25T10:50:42","modified_gmt":"2025-03-25T10:50:42","slug":"magpul-moe-sl-megerositett-gumi-agytalp-070","status":"publish","type":"product","link":"https:\/\/staging.nbg.eu\/hu\/termek\/magpul-moe-sl-megerositett-gumi-agytalp-070\/","title":{"rendered":"Magpul &#8211; MOE SL\u00ae meger\u0151s\u00edtett gumi agytalp, 0.70"},"content":{"rendered":"<h2>Magpul &#8211; MOE SL\u00ae Tov\u00e1bbfejlesztett Gumi Tusatalp, 0,70 h\u00fcvelyk<\/h2>\n<p>Fejlessze Magpul tus\u00e1j\u00e1t a MOE SL\u00ae Tov\u00e1bbfejlesztett Gumi Tusatalppal, 0,70&#8243;. Ez a k\u00f6zvetlen cseretalp jobb k\u00e9nyelmet \u00e9s funkcionalit\u00e1st biztos\u00edt fegyver\u00e9nek.<\/p>\n<h3>F\u0151 jellemz\u0151k:<\/h3>\n<ul>\n<li>Kompatibilis a DT Carbine, MOE SL\u00ae, MOE\u00ae SL-S\u2122, UBR\u00ae GEN2, MOE\u00ae AK, Zhukov-S\u00ae, X-22 Backpacker \u00e9s PC Backpacker tus\u00e1kkal<\/li>\n<li>Cs\u00fasz\u00e1smentes bord\u00e1zott fel\u00fclet a biztos kezel\u00e9shez<\/li>\n<li>Vastagabb, szell\u0151ztetett kialak\u00edt\u00e1s a jobb k\u00e9nyelem \u00e9rdek\u00e9ben<\/li>\n<li>K\u00f6r\u00fclbel\u00fcl 3\/8 h\u00fcvelykkel n\u00f6veli a h\u00faz\u00e1shosszt<\/li>\n<li>S\u00falya kevesebb mint 1 uncia<\/li>\n<li>Ferde, rec\u00e9zett als\u00f3 r\u00e9sz a k\u00f6nny\u0171 felszerel\u00e9shez<\/li>\n<li>\u00cdvelt fels\u0151 r\u00e9sz a k\u00e9nyelmes v\u00e1llhoz illeszked\u00e9shez<\/li>\n<\/ul>\n<p>Ez az Egyes\u00fclt \u00c1llamokban gy\u00e1rtott tusatalp tart\u00f3ss\u00e1got \u00e9s fejlesztett kialak\u00edt\u00e1st \u00f6tv\u00f6z. K\u00f6nnyen felszerelhet\u0151 a megl\u00e9v\u0151 alkatr\u00e9szekkel, azonnali fejleszt\u00e9st biztos\u00edtva Magpul tus\u00e1j\u00e1hoz.<\/p>\n<p><strong>Fejlessze l\u00f6v\u00e9szeti \u00e9lm\u00e9ny\u00e9t a Magpul MOE SL\u00ae Tov\u00e1bbfejlesztett Gumi Tusatalppal.<\/strong><\/p>\n","protected":false},"excerpt":{"rendered":"<p>K\u00e9nyelmes, cs\u00fasz\u00e1smentes 0,70&#8243; gumi tusatalp Magpul tus\u00e1khoz.<\/p>\n","protected":false},"featured_media":238694,"template":"","meta":{"_acf_changed":false},"product_brand":[11553],"product_cat":[12967,12916,12927],"product_tag":[],"class_list":{"0":"post-284183","1":"product","2":"type-product","3":"status-publish","4":"has-post-thumbnail","6":"product_brand-magpul","7":"product_cat-puska","8":"product_cat-puska-tuning","9":"product_cat-puskatusok","11":"first","12":"instock","13":"taxable","14":"shipping-taxable","15":"purchasable","16":"product-type-simple"},"acf":[],"_links":{"self":[{"href":"https:\/\/staging.nbg.eu\/hu\/wp-json\/wp\/v2\/product\/284183","targetHints":{"allow":["GET"]}}],"collection":[{"href":"https:\/\/staging.nbg.eu\/hu\/wp-json\/wp\/v2\/product"}],"about":[{"href":"https:\/\/staging.nbg.eu\/hu\/wp-json\/wp\/v2\/types\/product"}],"wp:featuredmedia":[{"embeddable":true,"href":"https:\/\/staging.nbg.eu\/hu\/wp-json\/wp\/v2\/media\/238694"}],"wp:attachment":[{"href":"https:\/\/staging.nbg.eu\/hu\/wp-json\/wp\/v2\/media?parent=284183"}],"wp:term":[{"taxonomy":"product_brand","embeddable":true,"href":"https:\/\/staging.nbg.eu\/hu\/wp-json\/wp\/v2\/product_brand?post=284183"},{"taxonomy":"product_cat","embeddable":true,"href":"https:\/\/staging.nbg.eu\/hu\/wp-json\/wp\/v2\/product_cat?post=284183"},{"taxonomy":"product_tag","embeddable":true,"href":"https:\/\/staging.nbg.eu\/hu\/wp-json\/wp\/v2\/product_tag?post=284183"}],"curies":[{"name":"wp","href":"https:\/\/api.w.org\/{rel}","templated":true}]}}