{"id":284062,"date":"2025-03-05T07:25:38","date_gmt":"2025-03-25T10:18:04","guid":{"rendered":"https:\/\/staging.nbg.eu\/product\/magpul-daka-window-pouch-large\/"},"modified":"2025-03-25T10:20:19","modified_gmt":"2025-03-25T10:20:19","slug":"magpul-daka-atlatszo-tok-nagy","status":"publish","type":"product","link":"https:\/\/staging.nbg.eu\/hu\/termek\/magpul-daka-atlatszo-tok-nagy\/","title":{"rendered":"Magpul &#8211; DAKA\u00ae \u00e1tl\u00e1tsz\u00f3 tok, nagy"},"content":{"rendered":"<div class=\"product-description\">\n<h2>Magpul &#8211; DAKA\u00ae Window tasak, nagy<\/h2>\n<p>A Magpul DAKA\u00ae Window tasak. Ez a nagy, tart\u00f3s tasak szervez\u00e9sre k\u00e9sz\u00fclt neh\u00e9z k\u00f6rnyezetekben.<\/p>\n<ul>\n<li>Polimerrel meger\u0151s\u00edtett textil konstrukci\u00f3 RF-hegesztett varratokkal<\/li>\n<li>YKK\u00ae v\u00edz\u00e1ll\u00f3 cipz\u00e1r a megb\u00edzhat\u00f3 v\u00e9delem\u00e9rt<\/li>\n<li>\u00c1tl\u00e1tsz\u00f3 ablak a tartalom k\u00f6nny\u0171 azonos\u00edt\u00e1s\u00e1hoz<\/li>\n<li>Cs\u00fasz\u00e1sg\u00e1tl\u00f3 fel\u00fclet \u00e9s meger\u0151s\u00edtett sz\u00f6vet a tart\u00f3ss\u00e1g \u00e9rdek\u00e9ben<\/li>\n<li>Karabiner r\u00f6gz\u00edt\u00e9si pontok v\u00e1ltozatos hordoz\u00e1si lehet\u0151s\u00e9gekhez<\/li>\n<li>550 paracord cipz\u00e1rh\u00faz\u00f3 zsugorcs\u0151vel a jobb fog\u00e1s \u00e9rdek\u00e9ben<\/li>\n<li>Fest\u00e9k toll pontm\u00e1trix szem\u00e9lyre szabott jel\u00f6l\u00e9shez<\/li>\n<\/ul>\n<p>M\u00e9retek: 23 cm x 33 cm, 25 cm-es cipz\u00e1rhosszal. Alkalmas szersz\u00e1mok, l\u0151szerek vagy elektronikai kieg\u00e9sz\u00edt\u0151k t\u00e1rol\u00e1s\u00e1ra neh\u00e9z k\u00fclt\u00e9ri k\u00f6r\u00fclm\u00e9nyek k\u00f6z\u00f6tt.<\/p>\n<\/div>\n","protected":false},"excerpt":{"rendered":"<p>Tart\u00f3s, v\u00edz\u00e1ll\u00f3 tasak ablakkal a k\u00f6nny\u0171 rendszerez\u00e9s \u00e9rdek\u00e9ben.<\/p>\n","protected":false},"featured_media":237662,"template":"","meta":{"_acf_changed":false},"product_brand":[11553],"product_cat":[12934,12925],"product_tag":[],"class_list":{"0":"post-284062","1":"product","2":"type-product","3":"status-publish","4":"has-post-thumbnail","6":"product_brand-magpul","7":"product_cat-felszereles","8":"product_cat-tasakok","10":"first","11":"instock","12":"taxable","13":"shipping-taxable","14":"purchasable","15":"product-type-simple"},"acf":[],"_links":{"self":[{"href":"https:\/\/staging.nbg.eu\/hu\/wp-json\/wp\/v2\/product\/284062","targetHints":{"allow":["GET"]}}],"collection":[{"href":"https:\/\/staging.nbg.eu\/hu\/wp-json\/wp\/v2\/product"}],"about":[{"href":"https:\/\/staging.nbg.eu\/hu\/wp-json\/wp\/v2\/types\/product"}],"wp:featuredmedia":[{"embeddable":true,"href":"https:\/\/staging.nbg.eu\/hu\/wp-json\/wp\/v2\/media\/237662"}],"wp:attachment":[{"href":"https:\/\/staging.nbg.eu\/hu\/wp-json\/wp\/v2\/media?parent=284062"}],"wp:term":[{"taxonomy":"product_brand","embeddable":true,"href":"https:\/\/staging.nbg.eu\/hu\/wp-json\/wp\/v2\/product_brand?post=284062"},{"taxonomy":"product_cat","embeddable":true,"href":"https:\/\/staging.nbg.eu\/hu\/wp-json\/wp\/v2\/product_cat?post=284062"},{"taxonomy":"product_tag","embeddable":true,"href":"https:\/\/staging.nbg.eu\/hu\/wp-json\/wp\/v2\/product_tag?post=284062"}],"curies":[{"name":"wp","href":"https:\/\/api.w.org\/{rel}","templated":true}]}}