{"id":283947,"date":"2025-03-05T07:31:40","date_gmt":"2025-03-05T07:31:40","guid":{"rendered":"https:\/\/staging.nbg.eu\/product\/magpul-daka-window-pouch-medium\/"},"modified":"2025-03-25T09:55:04","modified_gmt":"2025-03-25T09:55:04","slug":"magpul-daka-atlatszo-tok-koezepes","status":"publish","type":"product","link":"https:\/\/staging.nbg.eu\/hu\/termek\/magpul-daka-atlatszo-tok-koezepes\/","title":{"rendered":"Magpul &#8211; DAKA\u00ae \u00e1tl\u00e1tsz\u00f3 tok, k\u00f6zepes"},"content":{"rendered":"<h2>Magpul &#8211; DAKA\u00ae Ablakos Tasak, K\u00f6zepes<\/h2>\n<p>A Magpul DAKA\u00ae V\u00edz\u00e1ll\u00f3 Ablakos Tasak v\u00e9di \u00e9rt\u00e9keit. Ez a k\u00f6zepes m\u00e9ret\u0171 tasak a k\u00f6vetkez\u0151ket tartalmazza:<\/p>\n<ul>\n<li>IPX7 min\u0151s\u00edt\u00e9s\u0171 oldals\u00f3 cipz\u00e1rak teljes v\u00edz\u00e1ll\u00f3s\u00e1g\u00e9rt<\/li>\n<li>Tart\u00f3s 550 paracord cipz\u00e1rh\u00faz\u00f3k h\u0151re zsugorod\u00f3 cs\u0151vel<\/li>\n<li>\u00c1tl\u00e1tsz\u00f3 ablakpanel a tartalom k\u00f6nny\u0171 azonos\u00edt\u00e1s\u00e1hoz<\/li>\n<li>K\u00e9t extra nagy karabiner \u00e1tvezet\u0151 sokoldal\u00fa r\u00f6gz\u00edt\u00e9shez<\/li>\n<li>Er\u0151s RF hegesztett konstrukci\u00f3 \u00e1thatolhatatlan t\u00f6m\u00edt\u00e9sekkel<\/li>\n<li>Egyedi polimer-inf\u00fazi\u00f3s anyag tov\u00e1bbi v\u00e9delem\u00e9rt<\/li>\n<\/ul>\n<p>M\u00e9retek: 7&#8243; x 12&#8243; (k\u00fcls\u0151), 6,75&#8243; x 11,75&#8243; (bels\u0151)<\/p>\n<p>A DAKA\u00ae V\u00edz\u00e1ll\u00f3 Ablakos Tasak hasznos, amikor v\u00edzbe mer\u00fcl\u00e9s lehets\u00e9ges. Tart\u00f3s kialak\u00edt\u00e1sa \u00e9s k\u00f6nnyen haszn\u00e1lhat\u00f3 funkci\u00f3i alkalmass\u00e1 teszik a t\u00e1rgyak biztons\u00e1gos t\u00e1rol\u00e1s\u00e1ra b\u00e1rmilyen k\u00f6rnyezetben.<\/p>\n","protected":false},"excerpt":{"rendered":"<p>V\u00edz\u00e1ll\u00f3 tasak ablakkal a k\u00f6nny\u0171 azonos\u00edt\u00e1s \u00e9rdek\u00e9ben. Tart\u00f3s, v\u00edz al\u00e1 mer\u00edthet\u0151.<\/p>\n","protected":false},"featured_media":237802,"template":"","meta":{"_acf_changed":false},"product_brand":[11553],"product_cat":[12934,12925],"product_tag":[],"class_list":{"0":"post-283947","1":"product","2":"type-product","3":"status-publish","4":"has-post-thumbnail","6":"product_brand-magpul","7":"product_cat-felszereles","8":"product_cat-tasakok","10":"first","11":"instock","12":"taxable","13":"shipping-taxable","14":"purchasable","15":"product-type-simple"},"acf":[],"_links":{"self":[{"href":"https:\/\/staging.nbg.eu\/hu\/wp-json\/wp\/v2\/product\/283947","targetHints":{"allow":["GET"]}}],"collection":[{"href":"https:\/\/staging.nbg.eu\/hu\/wp-json\/wp\/v2\/product"}],"about":[{"href":"https:\/\/staging.nbg.eu\/hu\/wp-json\/wp\/v2\/types\/product"}],"wp:featuredmedia":[{"embeddable":true,"href":"https:\/\/staging.nbg.eu\/hu\/wp-json\/wp\/v2\/media\/237802"}],"wp:attachment":[{"href":"https:\/\/staging.nbg.eu\/hu\/wp-json\/wp\/v2\/media?parent=283947"}],"wp:term":[{"taxonomy":"product_brand","embeddable":true,"href":"https:\/\/staging.nbg.eu\/hu\/wp-json\/wp\/v2\/product_brand?post=283947"},{"taxonomy":"product_cat","embeddable":true,"href":"https:\/\/staging.nbg.eu\/hu\/wp-json\/wp\/v2\/product_cat?post=283947"},{"taxonomy":"product_tag","embeddable":true,"href":"https:\/\/staging.nbg.eu\/hu\/wp-json\/wp\/v2\/product_tag?post=283947"}],"curies":[{"name":"wp","href":"https:\/\/api.w.org\/{rel}","templated":true}]}}