{"id":283829,"date":"2025-03-06T09:57:41","date_gmt":"2025-03-25T09:35:19","guid":{"rendered":"https:\/\/staging.nbg.eu\/product\/clawgear-ar15-gasblock-0-750\/"},"modified":"2025-03-25T09:37:38","modified_gmt":"2025-03-25T09:37:38","slug":"clawgear-ar15-gazblokk-0750","status":"publish","type":"product","link":"https:\/\/staging.nbg.eu\/hu\/termek\/clawgear-ar15-gazblokk-0750\/","title":{"rendered":"Clawgear AR15 g\u00e1zblokk 0.750"},"content":{"rendered":"<h2>Clawgear AR15 G\u00e1zblokk 0.750<\/h2>\n<p>A Clawgear AR15 G\u00e1zblokk 0.750 jav\u00edtja az AR15 teljes\u00edtm\u00e9ny\u00e9t. Az alacsony profil\u00fa kialak\u00edt\u00e1s csiszolt fel\u00fclettel rendelkezik, \u00e9s k\u00f6nnyen illeszkedik a legt\u00f6bb szabadon \u00fasz\u00f3 el\u0151agy al\u00e1, biztos\u00edtva az optim\u00e1lis cs\u0151pontoss\u00e1got.<\/p>\n<h2>F\u0151bb jellemz\u0151k:<\/h2>\n<ul>\n<li>Egyr\u00e9szes ac\u00e9l konstrukci\u00f3 a tart\u00f3ss\u00e1g \u00e9rdek\u00e9ben<\/li>\n<li>Prec\u00edzen megmunk\u00e1lt a g\u00e1zsziv\u00e1rg\u00e1s minimaliz\u00e1l\u00e1s\u00e1ra<\/li>\n<li>0.750&#8243; cs\u0151k\u00fcls\u0151 \u00e1tm\u00e9r\u0151h\u00f6z tervezve a g\u00e1zny\u00edl\u00e1sn\u00e1l<\/li>\n<li>Ellen\u00e1ll a forr\u00f3 g\u00e1zoknak m\u00e9g sz\u00e9ls\u0151s\u00e9ges k\u00f6r\u00fclm\u00e9nyek k\u00f6z\u00f6tt is<\/li>\n<\/ul>\n<h2>M\u0171szaki adatok:<\/h2>\n<ul>\n<li>M\u00e9retek: 2.8 x 2.8 x 2.4 cm<\/li>\n<li>S\u00faly: 0.05 kg<\/li>\n<\/ul>\n<p>Fejlessze AR15-\u00e9t a Clawgear AR15 G\u00e1zblokk 0.750-nel a jobb teljes\u00edtm\u00e9ny \u00e9s megb\u00edzhat\u00f3s\u00e1g \u00e9rdek\u00e9ben.<\/p>\n","protected":false},"excerpt":{"rendered":"<p>Alacsony profil\u00fa AR15 g\u00e1zblokk, 0,750&#8243;-es cs\u00f6vekre illeszkedik. Tart\u00f3s ac\u00e9l szerkezet.<\/p>\n","protected":false},"featured_media":240389,"template":"","meta":{"_acf_changed":false},"product_brand":[11216],"product_cat":[12966,12967,12916],"product_tag":[],"class_list":{"0":"post-283829","1":"product","2":"type-product","3":"status-publish","4":"has-post-thumbnail","6":"product_brand-clawgear","7":"product_cat-gazblokkok","8":"product_cat-puska","9":"product_cat-puska-tuning","11":"first","12":"instock","13":"taxable","14":"shipping-taxable","15":"purchasable","16":"product-type-simple"},"acf":[],"_links":{"self":[{"href":"https:\/\/staging.nbg.eu\/hu\/wp-json\/wp\/v2\/product\/283829","targetHints":{"allow":["GET"]}}],"collection":[{"href":"https:\/\/staging.nbg.eu\/hu\/wp-json\/wp\/v2\/product"}],"about":[{"href":"https:\/\/staging.nbg.eu\/hu\/wp-json\/wp\/v2\/types\/product"}],"wp:featuredmedia":[{"embeddable":true,"href":"https:\/\/staging.nbg.eu\/hu\/wp-json\/wp\/v2\/media\/240389"}],"wp:attachment":[{"href":"https:\/\/staging.nbg.eu\/hu\/wp-json\/wp\/v2\/media?parent=283829"}],"wp:term":[{"taxonomy":"product_brand","embeddable":true,"href":"https:\/\/staging.nbg.eu\/hu\/wp-json\/wp\/v2\/product_brand?post=283829"},{"taxonomy":"product_cat","embeddable":true,"href":"https:\/\/staging.nbg.eu\/hu\/wp-json\/wp\/v2\/product_cat?post=283829"},{"taxonomy":"product_tag","embeddable":true,"href":"https:\/\/staging.nbg.eu\/hu\/wp-json\/wp\/v2\/product_tag?post=283829"}],"curies":[{"name":"wp","href":"https:\/\/api.w.org\/{rel}","templated":true}]}}