{"id":283714,"date":"2025-03-06T10:14:28","date_gmt":"2025-03-06T10:14:28","guid":{"rendered":"https:\/\/staging.nbg.eu\/product\/clawgear-snap-cap-12-gauge-2-pack\/"},"modified":"2025-03-25T09:28:23","modified_gmt":"2025-03-25T09:28:23","slug":"clawgear-dummy-toelteny-12-gauge-2-darabos-csomag","status":"publish","type":"product","link":"https:\/\/staging.nbg.eu\/hu\/termek\/clawgear-dummy-toelteny-12-gauge-2-darabos-csomag\/","title":{"rendered":"Clawgear dummy t\u00f6lt\u00e9ny 12 Gauge 2 darabos csomag"},"content":{"rendered":"<h2>Clawgear Snap Cap 12-es kaliber\u0171, 2 darabos csomag<\/h2>\n<p>A Clawgear Snap Cap 12-es kaliber\u0171, 2 darabos csomag seg\u00edt a fegyver gyakorl\u00e1s\u00e1ban \u00e9s karbantart\u00e1s\u00e1ban. Ezek a snap cap-ek v\u00e9denek a fegyver \u00fct\u0151szeg\u00e9t \u00e9s m\u0171k\u00f6d\u00e9s\u00e9t sz\u00e1raz t\u00fczel\u00e9s, m\u0171k\u00f6d\u00e9si teszt \u00e9s t\u00e1rol\u00e1s sor\u00e1n.<\/p>\n<h2>F\u0151 jellemz\u0151k:<\/h2>\n<ul>\n<li>2 darabos csomag<\/li>\n<li>Tart\u00f3s kivitelez\u00e9s hossz\u00fa haszn\u00e1latra<\/li>\n<li>Megakad\u00e1lyozza az \u00fct\u0151szeg \u00e9s a m\u0171k\u00f6d\u00e9s k\u00e1rosod\u00e1s\u00e1t<\/li>\n<li>Alkalmas sz\u00e1raz t\u00fczel\u00e9sre \u00e9s m\u0171k\u00f6d\u00e9si tesztre<\/li>\n<\/ul>\n<h2>Term\u00e9k m\u00e9retei:<\/h2>\n<ul>\n<li>Hossz\u00fas\u00e1g: 5,5 cm<\/li>\n<li>Sz\u00e9less\u00e9g: 2,1 cm<\/li>\n<li>Magass\u00e1g: 2,1 cm<\/li>\n<li>S\u00faly: 0,106 kg<\/li>\n<\/ul>\n<p>A Clawgear Snap Cap 12-es kaliber\u0171, 2 darabos csomag seg\u00edt a l\u00f6v\u00e9szeti k\u00e9szs\u00e9gek fejleszt\u00e9s\u00e9ben \u00e9s a fegyver karbantart\u00e1s\u00e1ban.<\/p>\n","protected":false},"excerpt":{"rendered":"<p>&#8220;Tart\u00f3s 12-es kaliber\u0171 vakt\u00f6lt\u00e9nyek, 2 darabos csomag. T\u00f6k\u00e9letes a biztons\u00e1gos sz\u00e1razl\u00f6v\u00e9szet gyakorl\u00e1s\u00e1hoz.&#8221;<\/p>\n","protected":false},"featured_media":240947,"template":"","meta":{"_acf_changed":false},"product_brand":[11216],"product_cat":[12942],"product_tag":[],"class_list":{"0":"post-283714","1":"product","2":"type-product","3":"status-publish","4":"has-post-thumbnail","6":"product_brand-clawgear","7":"product_cat-loszer","9":"first","10":"instock","11":"taxable","12":"shipping-taxable","13":"purchasable","14":"product-type-simple"},"acf":[],"_links":{"self":[{"href":"https:\/\/staging.nbg.eu\/hu\/wp-json\/wp\/v2\/product\/283714","targetHints":{"allow":["GET"]}}],"collection":[{"href":"https:\/\/staging.nbg.eu\/hu\/wp-json\/wp\/v2\/product"}],"about":[{"href":"https:\/\/staging.nbg.eu\/hu\/wp-json\/wp\/v2\/types\/product"}],"wp:featuredmedia":[{"embeddable":true,"href":"https:\/\/staging.nbg.eu\/hu\/wp-json\/wp\/v2\/media\/240947"}],"wp:attachment":[{"href":"https:\/\/staging.nbg.eu\/hu\/wp-json\/wp\/v2\/media?parent=283714"}],"wp:term":[{"taxonomy":"product_brand","embeddable":true,"href":"https:\/\/staging.nbg.eu\/hu\/wp-json\/wp\/v2\/product_brand?post=283714"},{"taxonomy":"product_cat","embeddable":true,"href":"https:\/\/staging.nbg.eu\/hu\/wp-json\/wp\/v2\/product_cat?post=283714"},{"taxonomy":"product_tag","embeddable":true,"href":"https:\/\/staging.nbg.eu\/hu\/wp-json\/wp\/v2\/product_tag?post=283714"}],"curies":[{"name":"wp","href":"https:\/\/api.w.org\/{rel}","templated":true}]}}