{"id":283341,"date":"2025-03-06T10:27:47","date_gmt":"2025-03-25T08:07:39","guid":{"rendered":"https:\/\/staging.nbg.eu\/product\/ftcs-buttstock-adapter-ar15-for-akm\/"},"modified":"2025-03-25T08:09:51","modified_gmt":"2025-03-25T08:09:51","slug":"ftcs-tusadapter-ar15-akm-hez","status":"publish","type":"product","link":"https:\/\/staging.nbg.eu\/hu\/termek\/ftcs-tusadapter-ar15-akm-hez\/","title":{"rendered":"FTCS &#8211; tusadapter AR15 AKM-hez"},"content":{"rendered":"<h2>FTCS &#8211; Tusatold\u00f3 adapter AR15-h\u00f6z AKM-hez<\/h2>\n<p>Az FTCS Tusatold\u00f3 adapter AR15 lehet\u0151v\u00e9 teszi AR15 tus\u00e1k felszerel\u00e9s\u00e9t AKM pusk\u00e1kra. Az adapter alum\u00edniumb\u00f3l k\u00e9sz\u00fclt \u00e9s Cerakote H-146 bevonattal rendelkezik.<\/p>\n<h3>F\u0151 jellemz\u0151k:<\/h3>\n<ul>\n<li>AKM csal\u00e1dhoz k\u00e9sz\u00fclt<\/li>\n<li>Kompatibilis AR karab\u00e9ly tus\u00e1kkal<\/li>\n<li>MIL-SPEC szabv\u00e1ny<\/li>\n<li>Egyszer\u0171 felszerel\u00e9s &#8211; nincs sz\u00fcks\u00e9g tov\u00e1bbi alkatr\u00e9szekre<\/li>\n<li>Alum\u00ednium szerkezet Cerakote bevonattal<\/li>\n<li>Tartalmaz vezet\u0151t \u00e9s csukl\u00f3p\u00e1ntot r\u00f6gz\u00edt\u00e9ssel<\/li>\n<\/ul>\n<h3>M\u0171szaki adatok:<\/h3>\n<ul>\n<li>Kompatibilit\u00e1s: AKM<\/li>\n<li>Alkalmaz\u00e1s: AR15 tusa<\/li>\n<li>Anyag: Alum\u00ednium<\/li>\n<li>Bevonat: Cerakote H-146<\/li>\n<li>M\u00e9retek: 202 x 28 x 36 mm<\/li>\n<li>S\u00faly: 221 g<\/li>\n<\/ul>\n<p>Ez a tusatold\u00f3 adapter lehet\u0151v\u00e9 teszi az AKM sokoldal\u00fas\u00e1g\u00e1nak n\u00f6vel\u00e9s\u00e9t.<\/p>\n","protected":false},"excerpt":{"rendered":"<p>AR15 puskatusadapter AKM-hez. Alum\u00ednium, Cerakote bevonattal, katonai szabv\u00e1ny szerint.<\/p>\n","protected":false},"featured_media":241113,"template":"","meta":{"_acf_changed":false},"product_brand":[11316],"product_cat":[12901,12967,12916],"product_tag":[],"class_list":{"0":"post-283341","1":"product","2":"type-product","3":"status-publish","4":"has-post-thumbnail","6":"product_brand-ftcs","7":"product_cat-ak-tuning","8":"product_cat-puska","9":"product_cat-puska-tuning","11":"first","12":"instock","13":"taxable","14":"shipping-taxable","15":"purchasable","16":"product-type-simple"},"acf":[],"_links":{"self":[{"href":"https:\/\/staging.nbg.eu\/hu\/wp-json\/wp\/v2\/product\/283341","targetHints":{"allow":["GET"]}}],"collection":[{"href":"https:\/\/staging.nbg.eu\/hu\/wp-json\/wp\/v2\/product"}],"about":[{"href":"https:\/\/staging.nbg.eu\/hu\/wp-json\/wp\/v2\/types\/product"}],"wp:featuredmedia":[{"embeddable":true,"href":"https:\/\/staging.nbg.eu\/hu\/wp-json\/wp\/v2\/media\/241113"}],"wp:attachment":[{"href":"https:\/\/staging.nbg.eu\/hu\/wp-json\/wp\/v2\/media?parent=283341"}],"wp:term":[{"taxonomy":"product_brand","embeddable":true,"href":"https:\/\/staging.nbg.eu\/hu\/wp-json\/wp\/v2\/product_brand?post=283341"},{"taxonomy":"product_cat","embeddable":true,"href":"https:\/\/staging.nbg.eu\/hu\/wp-json\/wp\/v2\/product_cat?post=283341"},{"taxonomy":"product_tag","embeddable":true,"href":"https:\/\/staging.nbg.eu\/hu\/wp-json\/wp\/v2\/product_tag?post=283341"}],"curies":[{"name":"wp","href":"https:\/\/api.w.org\/{rel}","templated":true}]}}