{"id":282232,"date":"2025-03-06T10:40:18","date_gmt":"2025-03-06T10:40:18","guid":{"rendered":"https:\/\/staging.nbg.eu\/product\/ftcs-rear-sights-mounting-for-optics-ak-pmk-2-0-picatinny\/"},"modified":"2025-03-24T13:24:31","modified_gmt":"2025-03-24T13:24:31","slug":"ftcs-hatso-iranyzek-szerelek-optikahoz-ak-pmk-20-picatinny","status":"publish","type":"product","link":"https:\/\/staging.nbg.eu\/hu\/termek\/ftcs-hatso-iranyzek-szerelek-optikahoz-ak-pmk-20-picatinny\/","title":{"rendered":"FTCS &#8211; h\u00e1ts\u00f3 ir\u00e1nyz\u00e9k szerel\u00e9k optik\u00e1hoz AK, PMK 2.0 Picatinny"},"content":{"rendered":"<div class=\"product-description\">\n<h2>FTCS &#8211; H\u00e1ts\u00f3 ir\u00e1nyz\u00e9k szerel\u00e9k optik\u00e1khoz AK, PMK 2.0 Picatinny<\/h2>\n<p>Az FTCS PMK 2.0 Picatinny szerel\u00e9k lehet\u0151v\u00e9 teszi modern optik\u00e1k felszerel\u00e9s\u00e9t AK t\u00edpus\u00fa fegyverekre.<\/p>\n<ul>\n<li>Kompatibilis AK\/AKS, AKM\/AKMS, AK-74\/AKS-74 \u00e9s m\u00e1s modellekkel<\/li>\n<li>Picatinny\/RIS szabv\u00e1ny\u00fa s\u00edn (70mm hossz\u00fa, 7 horony)<\/li>\n<li>Alum\u00ednium szerkezet Cerakote H-146 Grafitfekete bevonattal<\/li>\n<li>Megtartja az eredeti ny\u00edlt ir\u00e1nyz\u00e9k m\u0171k\u00f6d\u00e9s\u00e9t<\/li>\n<li>H\u00e1rom csavaros r\u00f6gz\u00edt\u00e9s<\/li>\n<li>34g s\u00faly\u00fa<\/li>\n<\/ul>\n<p>A PMK 2.0 alternat\u00edv\u00e1t k\u00edn\u00e1l a g\u00e1zcs\u0151fed\u00e9l s\u00ednekhez vagy integr\u00e1lt rendszerekhez. A k\u00f6z\u00e9pre igaz\u00edtott szerel\u00e9k megtartja a fegyver egyens\u00faly\u00e1t.<\/p>\n<\/div>\n","protected":false},"excerpt":{"rendered":"<p>H\u00e1ts\u00f3 ir\u00e1nyz\u00e9k tart\u00f3 AK optik\u00e1khoz. Picatinny s\u00edn, tart\u00f3s alum\u00ednium, Cerakote bevonat.<\/p>\n","protected":false},"featured_media":241485,"template":"","meta":{"_acf_changed":false},"product_brand":[11316],"product_cat":[12901,12967,12916],"product_tag":[],"class_list":{"0":"post-282232","1":"product","2":"type-product","3":"status-publish","4":"has-post-thumbnail","6":"product_brand-ftcs","7":"product_cat-ak-tuning","8":"product_cat-puska","9":"product_cat-puska-tuning","11":"first","12":"instock","13":"taxable","14":"shipping-taxable","15":"purchasable","16":"product-type-simple"},"acf":[],"_links":{"self":[{"href":"https:\/\/staging.nbg.eu\/hu\/wp-json\/wp\/v2\/product\/282232","targetHints":{"allow":["GET"]}}],"collection":[{"href":"https:\/\/staging.nbg.eu\/hu\/wp-json\/wp\/v2\/product"}],"about":[{"href":"https:\/\/staging.nbg.eu\/hu\/wp-json\/wp\/v2\/types\/product"}],"wp:featuredmedia":[{"embeddable":true,"href":"https:\/\/staging.nbg.eu\/hu\/wp-json\/wp\/v2\/media\/241485"}],"wp:attachment":[{"href":"https:\/\/staging.nbg.eu\/hu\/wp-json\/wp\/v2\/media?parent=282232"}],"wp:term":[{"taxonomy":"product_brand","embeddable":true,"href":"https:\/\/staging.nbg.eu\/hu\/wp-json\/wp\/v2\/product_brand?post=282232"},{"taxonomy":"product_cat","embeddable":true,"href":"https:\/\/staging.nbg.eu\/hu\/wp-json\/wp\/v2\/product_cat?post=282232"},{"taxonomy":"product_tag","embeddable":true,"href":"https:\/\/staging.nbg.eu\/hu\/wp-json\/wp\/v2\/product_tag?post=282232"}],"curies":[{"name":"wp","href":"https:\/\/api.w.org\/{rel}","templated":true}]}}