{"id":279238,"date":"2025-03-03T19:53:03","date_gmt":"2025-03-21T12:32:58","guid":{"rendered":"https:\/\/staging.nbg.eu\/product\/daa-x-ray-aluminum-pouch\/"},"modified":"2025-03-21T12:35:20","modified_gmt":"2025-03-21T12:35:20","slug":"daa-x-ray-aluminium-tok","status":"publish","type":"product","link":"https:\/\/staging.nbg.eu\/hu\/termek\/daa-x-ray-aluminium-tok\/","title":{"rendered":"DAA X-Ray alum\u00ednium tok"},"content":{"rendered":"<h2>DAA X-Ray Alum\u00ednium T\u00e1rtart\u00f3<\/h2>\n<p>A DAA X-Ray Alum\u00ednium T\u00e1rtart\u00f3 a Xi \u00e9s XIP modellek tov\u00e1bbfejleszt\u00e9se. Jellemz\u0151i:<\/p>\n<ul>\n<li>Optimaliz\u00e1lt fels\u0151 perem a k\u00f6nnyebb t\u00e1rbehelyez\u00e9shez<\/li>\n<li>Kieg\u00e9sz\u00edt\u0151 csavar a v\u00e9letlen kiold\u00e1s megakad\u00e1lyoz\u00e1s\u00e1ra<\/li>\n<li>Megn\u00f6velt 13 mm-es g\u00f6mbcsukl\u00f3 a jobb stabilit\u00e1s\u00e9rt<\/li>\n<li>\u00c1tl\u00e1tsz\u00f3 kialak\u00edt\u00e1s s\u00falycs\u00f6kkent\u0151 kiv\u00e1g\u00e1sokkal<\/li>\n<li>Nyolc r\u00f6gz\u00edt\u00e9si pont k\u00e9tkezes haszn\u00e1lathoz<\/li>\n<li>Alum\u00ednium g\u00f6mbcsukl\u00f3s \u00f6vakaszt\u00f3 \u00e1ll\u00edthat\u00f3 sz\u00f6gekkel<\/li>\n<li>H\u00e1rom t\u00e1vtart\u00f3 k\u00e9szlet k\u00fcl\u00f6nb\u00f6z\u0151 t\u00e1rakhoz<\/li>\n<li>\u00c1ll\u00edthat\u00f3 magass\u00e1g\u00fa ac\u00e9l \u00fctk\u00f6z\u0151csap<\/li>\n<li>Szersz\u00e1m n\u00e9lk\u00fcl \u00e1ll\u00edthat\u00f3 feszess\u00e9g<\/li>\n<\/ul>\n<p>K\u00e9k, piros, fekete \u00e9s ez\u00fcst elox\u00e1lt kivitelben kaphat\u00f3.<\/p>\n","protected":false},"excerpt":{"rendered":"<p>DAA X-Ray alum\u00ednium tasak: Innovat\u00edv, k\u00f6nny\u0171, \u00e1tl\u00e1tsz\u00f3 kialak\u00edt\u00e1s versenyl\u00f6v\u0151k sz\u00e1m\u00e1ra.<\/p>\n","protected":false},"featured_media":236022,"template":"","meta":{"_acf_changed":false},"product_brand":[11267],"product_cat":[12934,12910,12925],"product_tag":[],"class_list":{"0":"post-279238","1":"product","2":"type-product","3":"status-publish","4":"has-post-thumbnail","6":"product_brand-doublealpha","7":"product_cat-felszereles","8":"product_cat-tartartok","9":"product_cat-tasakok","11":"first","12":"outofstock","13":"taxable","14":"shipping-taxable","15":"purchasable","16":"product-type-variable","17":"wvs-archive-product-wrapper"},"acf":[],"_links":{"self":[{"href":"https:\/\/staging.nbg.eu\/hu\/wp-json\/wp\/v2\/product\/279238","targetHints":{"allow":["GET"]}}],"collection":[{"href":"https:\/\/staging.nbg.eu\/hu\/wp-json\/wp\/v2\/product"}],"about":[{"href":"https:\/\/staging.nbg.eu\/hu\/wp-json\/wp\/v2\/types\/product"}],"wp:featuredmedia":[{"embeddable":true,"href":"https:\/\/staging.nbg.eu\/hu\/wp-json\/wp\/v2\/media\/236022"}],"wp:attachment":[{"href":"https:\/\/staging.nbg.eu\/hu\/wp-json\/wp\/v2\/media?parent=279238"}],"wp:term":[{"taxonomy":"product_brand","embeddable":true,"href":"https:\/\/staging.nbg.eu\/hu\/wp-json\/wp\/v2\/product_brand?post=279238"},{"taxonomy":"product_cat","embeddable":true,"href":"https:\/\/staging.nbg.eu\/hu\/wp-json\/wp\/v2\/product_cat?post=279238"},{"taxonomy":"product_tag","embeddable":true,"href":"https:\/\/staging.nbg.eu\/hu\/wp-json\/wp\/v2\/product_tag?post=279238"}],"curies":[{"name":"wp","href":"https:\/\/api.w.org\/{rel}","templated":true}]}}