{"id":278723,"date":"2025-03-02T06:06:39","date_gmt":"2025-03-21T10:59:14","guid":{"rendered":"https:\/\/staging.nbg.eu\/product\/144-area-419-billet-loading-block-clear-anodized\/"},"modified":"2025-03-21T11:01:41","modified_gmt":"2025-03-21T11:01:41","slug":"area-419-billet-toeltoblokk-tiszta-eloxalt","status":"publish","type":"product","link":"https:\/\/staging.nbg.eu\/hu\/termek\/area-419-billet-toeltoblokk-tiszta-eloxalt\/","title":{"rendered":"Area 419 &#8211; Billet t\u00f6lt\u0151blokk \u2013 tiszta elox\u00e1lt"},"content":{"rendered":"<h2>Area 419 T\u00f6lt\u0151blokk \u2013 Sz\u00edntelen elox\u00e1lt<\/h2>\n<p>Az Area 419 Elox\u00e1lt T\u00f6lt\u0151blokk jellemz\u0151i:<\/p>\n<ul>\n<li>50 hely 308, Magnum vagy Lapua csavarfejes l\u0151szerekhez<\/li>\n<li>6061-T6 alum\u00ednium szerkezet sz\u00edntelen elox\u00e1lt fel\u00fclettel<\/li>\n<li>M\u00e9retek: 9,5&#8243; x 4&#8243; x 5\/8&#8243;<\/li>\n<li>0,500&#8243; m\u00e9ly lyukak szoros h\u00fcvelyilleszked\u00e9ssel<\/li>\n<li>K\u00f6z\u00e9ps\u0151 m\u00e9lyed\u00e9sek a l\u0151porszemcs\u00e9khez<\/li>\n<li>Cs\u00fasz\u00e1sg\u00e1tl\u00f3 gumitalpak az alj\u00e1n<\/li>\n<\/ul>\n<p>El\u00e9rhet\u0151 lyuk\u00e1tm\u00e9r\u0151k: 223 (0,390&#8243;), ARC\/Grendel (0,452&#8243;), 308 (0,485&#8243;), 284 (0,515&#8243;), Magnum (0,560&#8243;), Lapua (0,600&#8243;) \u00e9s Cheytac (0,655&#8243;).<\/p>\n<p>S\u00faly: 1,4 font<\/p>\n<p>Ez egy tart\u00f3s, prec\u00edzi\u00f3s t\u00f6lt\u0151blokk az Area 419-t\u0151l.<\/p>\n","protected":false},"excerpt":{"rendered":"<p>Tart\u00f3s, elox\u00e1lt t\u00f6lt\u0151blokk 50 l\u0151szerhez. Prec\u00edzi\u00f3s megmunk\u00e1l\u00e1s\u00fa, cs\u00fasz\u00e1smentes.<\/p>\n","protected":false},"featured_media":233218,"template":"","meta":{"_acf_changed":false},"product_brand":[11039],"product_cat":[12963,12917],"product_tag":[],"class_list":{"0":"post-278723","1":"product","2":"type-product","3":"status-publish","4":"has-post-thumbnail","6":"product_brand-area-419","7":"product_cat-ujratoeltes","8":"product_cat-ujratoelto-kiegeszitok","10":"first","11":"instock","12":"taxable","13":"shipping-taxable","14":"purchasable","15":"product-type-variable","16":"wvs-archive-product-wrapper"},"acf":[],"_links":{"self":[{"href":"https:\/\/staging.nbg.eu\/hu\/wp-json\/wp\/v2\/product\/278723","targetHints":{"allow":["GET"]}}],"collection":[{"href":"https:\/\/staging.nbg.eu\/hu\/wp-json\/wp\/v2\/product"}],"about":[{"href":"https:\/\/staging.nbg.eu\/hu\/wp-json\/wp\/v2\/types\/product"}],"wp:featuredmedia":[{"embeddable":true,"href":"https:\/\/staging.nbg.eu\/hu\/wp-json\/wp\/v2\/media\/233218"}],"wp:attachment":[{"href":"https:\/\/staging.nbg.eu\/hu\/wp-json\/wp\/v2\/media?parent=278723"}],"wp:term":[{"taxonomy":"product_brand","embeddable":true,"href":"https:\/\/staging.nbg.eu\/hu\/wp-json\/wp\/v2\/product_brand?post=278723"},{"taxonomy":"product_cat","embeddable":true,"href":"https:\/\/staging.nbg.eu\/hu\/wp-json\/wp\/v2\/product_cat?post=278723"},{"taxonomy":"product_tag","embeddable":true,"href":"https:\/\/staging.nbg.eu\/hu\/wp-json\/wp\/v2\/product_tag?post=278723"}],"curies":[{"name":"wp","href":"https:\/\/api.w.org\/{rel}","templated":true}]}}