{"id":278193,"date":"2025-03-07T10:00:31","date_gmt":"2025-03-21T09:43:40","guid":{"rendered":"https:\/\/staging.nbg.eu\/product\/hornady-6mm-arc-80gr-eld-vt\/"},"modified":"2025-03-21T09:45:53","modified_gmt":"2025-03-21T09:45:53","slug":"hornady-6mm-arc-80gr-eld-vt","status":"publish","type":"product","link":"https:\/\/staging.nbg.eu\/hu\/termek\/hornady-6mm-arc-80gr-eld-vt\/","title":{"rendered":"Hornady &#8211; 6mm ARC 80gr. ELD-VT"},"content":{"rendered":"<div class=\"product-description\">\n<h2>Hornady &#8211; 6mm ARC 80gr. ELD-VT<\/h2>\n<p>A Hornady 6mm ARC 80gr. ELD-VT l\u0151szer pontoss\u00e1got \u00e9s teljes\u00edtm\u00e9nyt ny\u00fajt. Ez a t\u00f6lt\u00e9ny fejlett technol\u00f3gi\u00e1t \u00e9s gondos kidolgoz\u00e1st \u00f6tv\u00f6z, ami eredm\u00e9nyeket biztos\u00edt versenyl\u00f6v\u0151k \u00e9s k\u00e1rtev\u0151vad\u00e1szok sz\u00e1m\u00e1ra.<\/p>\n<h3>F\u0151 jellemz\u0151k:<\/h3>\n<ul>\n<li><strong>Min\u0151s\u00e9gi alkatr\u00e9szek:<\/strong> Pontosan t\u00f6ltve kiv\u00e1l\u00f3 min\u0151s\u00e9g\u0171 anyagokkal a versenyk\u00e9pes pontoss\u00e1g\u00e9rt.<\/li>\n<li><strong>Modern hajt\u00f3anyagok:<\/strong> Tiszt\u00e1n \u00e9g\u0151 \u00e9s h\u0151m\u00e9rs\u00e9klet-stabil az egyenletes teljes\u00edtm\u00e9ny\u00e9rt b\u00e1rmilyen id\u0151j\u00e1r\u00e1sban.<\/li>\n<li><strong>Sokoldal\u00fa:<\/strong> Alkalmas versenyl\u00f6v\u00e9szetre \u00e9s k\u00e1rtev\u0151vad\u00e1szatra.<\/li>\n<li><strong>Pontoss\u00e1g:<\/strong> K\u00fcl\u00f6nb\u00f6z\u0151 t\u00e1vols\u00e1gokra tervezve.<\/li>\n<\/ul>\n<p>A Hornady 6mm ARC 80gr. ELD-VT egyes\u00edti az innov\u00e1ci\u00f3t \u00e9s a pontoss\u00e1got.<\/p>\n<\/div>\n","protected":false},"excerpt":{"rendered":"<p>Prec\u00edzi\u00f3s 6 mm-es ARC l\u0151szer. Versenyszint\u0171 pontoss\u00e1g, minden h\u0151m\u00e9rs\u00e9kleten konzisztens teljes\u00edtm\u00e9ny.<\/p>\n","protected":false},"featured_media":246053,"template":"","meta":{"_acf_changed":false},"product_brand":[11447],"product_cat":[12942,12979],"product_tag":[],"class_list":{"0":"post-278193","1":"product","2":"type-product","3":"status-publish","4":"has-post-thumbnail","6":"product_brand-hornady","7":"product_cat-loszer","8":"product_cat-puska-loszer","10":"first","11":"instock","12":"taxable","13":"shipping-taxable","14":"purchasable","15":"product-type-simple"},"acf":[],"_links":{"self":[{"href":"https:\/\/staging.nbg.eu\/hu\/wp-json\/wp\/v2\/product\/278193","targetHints":{"allow":["GET"]}}],"collection":[{"href":"https:\/\/staging.nbg.eu\/hu\/wp-json\/wp\/v2\/product"}],"about":[{"href":"https:\/\/staging.nbg.eu\/hu\/wp-json\/wp\/v2\/types\/product"}],"wp:featuredmedia":[{"embeddable":true,"href":"https:\/\/staging.nbg.eu\/hu\/wp-json\/wp\/v2\/media\/246053"}],"wp:attachment":[{"href":"https:\/\/staging.nbg.eu\/hu\/wp-json\/wp\/v2\/media?parent=278193"}],"wp:term":[{"taxonomy":"product_brand","embeddable":true,"href":"https:\/\/staging.nbg.eu\/hu\/wp-json\/wp\/v2\/product_brand?post=278193"},{"taxonomy":"product_cat","embeddable":true,"href":"https:\/\/staging.nbg.eu\/hu\/wp-json\/wp\/v2\/product_cat?post=278193"},{"taxonomy":"product_tag","embeddable":true,"href":"https:\/\/staging.nbg.eu\/hu\/wp-json\/wp\/v2\/product_tag?post=278193"}],"curies":[{"name":"wp","href":"https:\/\/api.w.org\/{rel}","templated":true}]}}