{"id":278041,"date":"2025-03-07T09:56:26","date_gmt":"2025-03-21T07:56:57","guid":{"rendered":"https:\/\/staging.nbg.eu\/product\/hornady-6mm-arc-103-gr-eld%e2%80%91x-precision-hunter\/"},"modified":"2025-03-21T07:59:28","modified_gmt":"2025-03-21T07:59:28","slug":"hornady-6mm-arc-103-gr-eldx-precision-hunter","status":"publish","type":"product","link":"https:\/\/staging.nbg.eu\/hu\/termek\/hornady-6mm-arc-103-gr-eldx-precision-hunter\/","title":{"rendered":"Hornady &#8211; 6mm ARC 103 gr ELD\u2011X\u00ae Precision Hunter\u00ae"},"content":{"rendered":"<div class=\"product-description\">\n<h2>Hornady 6mm ARC 103 gr ELD\u2011X\u00ae Precision Hunter\u00ae<\/h2>\n<p>A 6mm ARC l\u0151szer a k\u00f6vetkez\u0151ket ny\u00fajtja:<\/p>\n<ul>\n<li>Pontoss\u00e1g \u00e9s nagy t\u00e1vols\u00e1g\u00fa teljes\u00edtm\u00e9ny<\/li>\n<li>Alkalmas vad\u00e1szatra, c\u00e9ll\u00f6v\u00e9szetre \u00e9s \u00f6nv\u00e9delemre<\/li>\n<li>AR-15 platformokra \u00e9s r\u00f6vid z\u00e1rszerkezet\u0171 pusk\u00e1kra optimaliz\u00e1lva<\/li>\n<li>Magas ballisztikai egy\u00fctthat\u00f3 a jobb v\u00e9gballisztik\u00e1\u00e9rt<\/li>\n<li>Kiegyens\u00falyozott t\u00f6lt\u00e9nyh\u00fcvely, kamra \u00e9s hajt\u00f3anyag kialak\u00edt\u00e1s<\/li>\n<li>Hossz\u00fa cs\u0151\u00e9lettartam<\/li>\n<\/ul>\n<p>A 6mm ARC alkalmazhat\u00f3 \u00f6nv\u00e9delemt\u0151l a nagy t\u00e1vols\u00e1g\u00fa vad\u00e1szatig. Kompatibilis t\u00f6bb fegyvergy\u00e1rt\u00f3val, p\u00e9ld\u00e1ul Barrett, Mossberg \u00e9s Wilson Combat.<\/p>\n<\/div>\n","protected":false},"excerpt":{"rendered":"<p>Sokoldal\u00fa 6mm ARC az AR-15-h\u00f6z: Hat\u00e9kony, magas ballisztikai egy\u00fctthat\u00f3j\u00fa l\u00f6ved\u00e9kek prec\u00edzi\u00f3s vad\u00e1szathoz.<\/p>\n","protected":false},"featured_media":246028,"template":"","meta":{"_acf_changed":false},"product_brand":[11447],"product_cat":[12942,12979],"product_tag":[],"class_list":{"0":"post-278041","1":"product","2":"type-product","3":"status-publish","4":"has-post-thumbnail","6":"product_brand-hornady","7":"product_cat-loszer","8":"product_cat-puska-loszer","10":"first","11":"instock","12":"taxable","13":"shipping-taxable","14":"purchasable","15":"product-type-simple"},"acf":[],"_links":{"self":[{"href":"https:\/\/staging.nbg.eu\/hu\/wp-json\/wp\/v2\/product\/278041","targetHints":{"allow":["GET"]}}],"collection":[{"href":"https:\/\/staging.nbg.eu\/hu\/wp-json\/wp\/v2\/product"}],"about":[{"href":"https:\/\/staging.nbg.eu\/hu\/wp-json\/wp\/v2\/types\/product"}],"wp:featuredmedia":[{"embeddable":true,"href":"https:\/\/staging.nbg.eu\/hu\/wp-json\/wp\/v2\/media\/246028"}],"wp:attachment":[{"href":"https:\/\/staging.nbg.eu\/hu\/wp-json\/wp\/v2\/media?parent=278041"}],"wp:term":[{"taxonomy":"product_brand","embeddable":true,"href":"https:\/\/staging.nbg.eu\/hu\/wp-json\/wp\/v2\/product_brand?post=278041"},{"taxonomy":"product_cat","embeddable":true,"href":"https:\/\/staging.nbg.eu\/hu\/wp-json\/wp\/v2\/product_cat?post=278041"},{"taxonomy":"product_tag","embeddable":true,"href":"https:\/\/staging.nbg.eu\/hu\/wp-json\/wp\/v2\/product_tag?post=278041"}],"curies":[{"name":"wp","href":"https:\/\/api.w.org\/{rel}","templated":true}]}}