{"id":277662,"date":"2025-03-07T07:46:42","date_gmt":"2025-03-07T07:46:42","guid":{"rendered":"https:\/\/staging.nbg.eu\/product\/gun-oil-go-juice-4-oz\/"},"modified":"2025-03-21T07:15:58","modified_gmt":"2025-03-21T07:15:58","slug":"gun-oil-go-juice-4oz","status":"publish","type":"product","link":"https:\/\/staging.nbg.eu\/hu\/termek\/gun-oil-go-juice-4oz\/","title":{"rendered":"Gun Oil Go Juice 4.oz"},"content":{"rendered":"<div class=\"product-description\">\n<h2>ALG Go-Juice\u00ae (GJ\u00ae) 120 ml-es \u00fcveg<\/h2>\n<p>Az ALG Go-Juice\u00ae egy bioszintetikus ken\u0151anyag l\u0151fegyverekhez. F\u0151bb jellemz\u0151i:<\/p>\n<ul>\n<li>\u00d6tsz\u00f6r cs\u00fasz\u00f3sabb, mint a katonai min\u0151s\u00e9g\u0171 CLP<\/li>\n<li>J\u00f3 korr\u00f3zi\u00f3v\u00e9delem<\/li>\n<li>Hossz\u00fa t\u00e1v\u00fa stabilit\u00e1s<\/li>\n<li>Nem m\u00e9rgez\u0151, b\u0151rbar\u00e1t \u00f6sszet\u00e9tel<\/li>\n<li>Alkalmas automata fegyverekhez \u00e9s rejtett hord\u00e1s\u00fa l\u0151fegyverekhez<\/li>\n<\/ul>\n<p>GMO olajn\u00f6v\u00e9nyekb\u0151l sz\u00e1rmazik. J\u00f3l teljes\u00edt a gyors\u00edtott \u00f6reged\u00e9si \u00e9s s\u00f3s permetteszteken. Ez a nem petr\u00f3leum alap\u00fa ken\u0151anyag seg\u00edt fenntartani a fegyver m\u0171k\u00f6d\u00e9s\u00e9t k\u00fcl\u00f6nb\u00f6z\u0151 k\u00f6r\u00fclm\u00e9nyek k\u00f6z\u00f6tt.<\/p>\n<\/div>\n","protected":false},"excerpt":{"rendered":"<p>&#8220;Ultramodern, nem m\u00e9rgez\u0151 bioszintetikus fegyverzsirad\u00e9k a cs\u00facsteljes\u00edtm\u00e9ny\u00e9rt.&#8221;<\/p>\n","protected":false},"featured_media":245935,"template":"","meta":{"_acf_changed":false},"product_brand":[11393],"product_cat":[12948,12936],"product_tag":[],"class_list":{"0":"post-277662","1":"product","2":"type-product","3":"status-publish","4":"has-post-thumbnail","6":"product_brand-geissele","7":"product_cat-fegyvertisztitas","8":"product_cat-kenoanyagok","10":"first","11":"instock","12":"taxable","13":"shipping-taxable","14":"purchasable","15":"product-type-simple"},"acf":[],"_links":{"self":[{"href":"https:\/\/staging.nbg.eu\/hu\/wp-json\/wp\/v2\/product\/277662","targetHints":{"allow":["GET"]}}],"collection":[{"href":"https:\/\/staging.nbg.eu\/hu\/wp-json\/wp\/v2\/product"}],"about":[{"href":"https:\/\/staging.nbg.eu\/hu\/wp-json\/wp\/v2\/types\/product"}],"wp:featuredmedia":[{"embeddable":true,"href":"https:\/\/staging.nbg.eu\/hu\/wp-json\/wp\/v2\/media\/245935"}],"wp:attachment":[{"href":"https:\/\/staging.nbg.eu\/hu\/wp-json\/wp\/v2\/media?parent=277662"}],"wp:term":[{"taxonomy":"product_brand","embeddable":true,"href":"https:\/\/staging.nbg.eu\/hu\/wp-json\/wp\/v2\/product_brand?post=277662"},{"taxonomy":"product_cat","embeddable":true,"href":"https:\/\/staging.nbg.eu\/hu\/wp-json\/wp\/v2\/product_cat?post=277662"},{"taxonomy":"product_tag","embeddable":true,"href":"https:\/\/staging.nbg.eu\/hu\/wp-json\/wp\/v2\/product_tag?post=277662"}],"curies":[{"name":"wp","href":"https:\/\/api.w.org\/{rel}","templated":true}]}}