{"id":276577,"date":"2025-03-03T19:46:03","date_gmt":"2025-03-03T19:46:03","guid":{"rendered":"https:\/\/staging.nbg.eu\/product\/daa-alpha-xip\/"},"modified":"2025-03-20T14:13:11","modified_gmt":"2025-03-20T14:13:11","slug":"daa-alpha-xip","status":"publish","type":"product","link":"https:\/\/staging.nbg.eu\/hu\/termek\/daa-alpha-xip\/","title":{"rendered":"DAA Alpha-XiP"},"content":{"rendered":"<h2>DAA Alpha-XiP m\u00e1gnes k\u00e9szlet<\/h2>\n<p>Fejlessze DAA Racer tokj\u00e1t vagy Alpha XiP-j\u00e9t ezzel a m\u00e1gnes k\u00e9szlettel. Csatoljon m\u00e1gnest a tokj\u00e1hoz a gyors \u00e9s biztons\u00e1gos r\u00f6gz\u00edt\u00e9shez.<\/p>\n<h3>A k\u00e9szlet tartalma:<\/h3>\n<ul>\n<li>DAA nagy m\u00e1gnes<\/li>\n<li>Rozsdamentes ac\u00e9l M5 10mm csavar<\/li>\n<li>S\u00e1rgar\u00e9z h\u0151be\u00fcltet\u0151 M5 anya (6mm hossz\u00fa)<\/li>\n<\/ul>\n<h3>Sz\u00fcks\u00e9ges eszk\u00f6z\u00f6k:<\/h3>\n<ul>\n<li>F\u00far\u00f3 6,3-6,5mm-es f\u00far\u00f3fejjel<\/li>\n<li>Forraszt\u00f3p\u00e1ka<\/li>\n<li>Reszel\u0151 \u00e9s csiszol\u00f3pap\u00edr<\/li>\n<\/ul>\n<p>K\u00f6vesse a l\u00e9p\u00e9senk\u00e9nti \u00f6sszeszerel\u00e9si utas\u00edt\u00e1sokat a tok testreszab\u00e1s\u00e1hoz. F\u00farjon pontos lyukat, helyezze be a h\u0151be\u00fcltet\u0151 any\u00e1t, \u00e9s r\u00f6gz\u00edtse a m\u00e1gnest. Ezzel a k\u00e9szlettel n\u00f6velheti tokja funkcionalit\u00e1s\u00e1t \u00e9s sokoldal\u00fas\u00e1g\u00e1t.<\/p>\n<p><strong>Megjegyz\u00e9s:<\/strong> Az \u00f6sszeszerel\u00e9s \u00f3vatos kezel\u00e9st \u00e9s t\u00fcrelmet ig\u00e9nyel. Mindig \u00fcgyeljen a biztons\u00e1gra a telep\u00edt\u00e9s sor\u00e1n.<\/p>\n","protected":false},"excerpt":{"rendered":"<p>DAA Alpha-XiP: Testreszabhat\u00f3 m\u00e1gneses t\u00e1rol\u00f3 r\u00f6gz\u00edt\u0151 k\u00e9szlet<\/p>\n","protected":false},"featured_media":235857,"template":"","meta":{"_acf_changed":false},"product_brand":[11267],"product_cat":[12934,12925],"product_tag":[],"class_list":{"0":"post-276577","1":"product","2":"type-product","3":"status-publish","4":"has-post-thumbnail","6":"product_brand-doublealpha","7":"product_cat-felszereles","8":"product_cat-tasakok","10":"first","11":"instock","12":"taxable","13":"shipping-taxable","14":"purchasable","15":"product-type-simple"},"acf":[],"_links":{"self":[{"href":"https:\/\/staging.nbg.eu\/hu\/wp-json\/wp\/v2\/product\/276577","targetHints":{"allow":["GET"]}}],"collection":[{"href":"https:\/\/staging.nbg.eu\/hu\/wp-json\/wp\/v2\/product"}],"about":[{"href":"https:\/\/staging.nbg.eu\/hu\/wp-json\/wp\/v2\/types\/product"}],"wp:featuredmedia":[{"embeddable":true,"href":"https:\/\/staging.nbg.eu\/hu\/wp-json\/wp\/v2\/media\/235857"}],"wp:attachment":[{"href":"https:\/\/staging.nbg.eu\/hu\/wp-json\/wp\/v2\/media?parent=276577"}],"wp:term":[{"taxonomy":"product_brand","embeddable":true,"href":"https:\/\/staging.nbg.eu\/hu\/wp-json\/wp\/v2\/product_brand?post=276577"},{"taxonomy":"product_cat","embeddable":true,"href":"https:\/\/staging.nbg.eu\/hu\/wp-json\/wp\/v2\/product_cat?post=276577"},{"taxonomy":"product_tag","embeddable":true,"href":"https:\/\/staging.nbg.eu\/hu\/wp-json\/wp\/v2\/product_tag?post=276577"}],"curies":[{"name":"wp","href":"https:\/\/api.w.org\/{rel}","templated":true}]}}