{"id":276208,"date":"2025-03-07T07:40:34","date_gmt":"2025-03-20T13:40:42","guid":{"rendered":"https:\/\/staging.nbg.eu\/product\/silicone-gel-pads-for-3m-peltor\/"},"modified":"2025-03-20T13:42:42","modified_gmt":"2025-03-20T13:42:42","slug":"szilikon-gel-parnak-3m-peltor-hoz","status":"publish","type":"product","link":"https:\/\/staging.nbg.eu\/hu\/termek\/szilikon-gel-parnak-3m-peltor-hoz\/","title":{"rendered":"Szilikon G\u00e9l P\u00e1rn\u00e1k 3M Peltor-hoz"},"content":{"rendered":"<div class=\"product-description\">\n<h2>Szilikon g\u00e9l p\u00e1rn\u00e1k 3M Peltor-hoz<\/h2>\n<p>Cser\u00e9lje le 3M Peltor hall\u00e1sv\u00e9d\u0151j\u00e9t ezekkel a szilikon g\u00e9l f\u00fclp\u00e1rn\u00e1kkal. Ezek a p\u00e1rn\u00e1k kompatibilisek k\u00fcl\u00f6nb\u00f6z\u0151 Peltor modellekkel, bele\u00e9rtve a Sportac, WS Sportac, Protac III \u00e9s X4A passz\u00edv modelleket.<\/p>\n<ul>\n<li>Egyszer\u0171 felszerel\u00e9s: Csak be kell pattintani, nem sz\u00fcks\u00e9ges m\u00f3dos\u00edt\u00e1s<\/li>\n<li>K\u00e9nyelmes: A g\u00e9l p\u00e1rn\u00e1k alkalmazkodnak a fej form\u00e1j\u00e1hoz<\/li>\n<li>Jobb szigetel\u00e9s: Szoros szigetel\u00e9st biztos\u00edt a szem\u00fcvegsz\u00e1rak k\u00f6r\u00fcl<\/li>\n<li>Tart\u00f3s szerkezet: Ultrahangos hegeszt\u00e9ssel k\u00e9sz\u00fcl<\/li>\n<li>Sokoldal\u00fa kompatibilit\u00e1s: A legt\u00f6bb Peltor hall\u00e1sv\u00e9d\u0151 modellhez illeszkedik<\/li>\n<\/ul>\n<p>Ezek a szilikon g\u00e9l p\u00e1rn\u00e1k alkalmasak hossz\u00fa ideig tart\u00f3 visel\u00e9sre \u00e9s hall\u00e1sv\u00e9delemre.<\/p>\n<\/div>\n","protected":false},"excerpt":{"rendered":"<p>K\u00e9nyelmes, k\u00f6nnyen felszerelhet\u0151 g\u00e9l bet\u00e9tek 3M Peltor hall\u00e1sv\u00e9d\u0151kh\u00f6z.<\/p>\n","protected":false},"featured_media":245727,"template":"","meta":{"_acf_changed":false},"product_brand":[11018],"product_cat":[12934,12929],"product_tag":[],"class_list":{"0":"post-276208","1":"product","2":"type-product","3":"status-publish","4":"has-post-thumbnail","6":"product_brand-3m","7":"product_cat-felszereles","8":"product_cat-hallasvedelem","10":"first","11":"instock","12":"taxable","13":"shipping-taxable","14":"purchasable","15":"product-type-simple"},"acf":[],"_links":{"self":[{"href":"https:\/\/staging.nbg.eu\/hu\/wp-json\/wp\/v2\/product\/276208","targetHints":{"allow":["GET"]}}],"collection":[{"href":"https:\/\/staging.nbg.eu\/hu\/wp-json\/wp\/v2\/product"}],"about":[{"href":"https:\/\/staging.nbg.eu\/hu\/wp-json\/wp\/v2\/types\/product"}],"wp:featuredmedia":[{"embeddable":true,"href":"https:\/\/staging.nbg.eu\/hu\/wp-json\/wp\/v2\/media\/245727"}],"wp:attachment":[{"href":"https:\/\/staging.nbg.eu\/hu\/wp-json\/wp\/v2\/media?parent=276208"}],"wp:term":[{"taxonomy":"product_brand","embeddable":true,"href":"https:\/\/staging.nbg.eu\/hu\/wp-json\/wp\/v2\/product_brand?post=276208"},{"taxonomy":"product_cat","embeddable":true,"href":"https:\/\/staging.nbg.eu\/hu\/wp-json\/wp\/v2\/product_cat?post=276208"},{"taxonomy":"product_tag","embeddable":true,"href":"https:\/\/staging.nbg.eu\/hu\/wp-json\/wp\/v2\/product_tag?post=276208"}],"curies":[{"name":"wp","href":"https:\/\/api.w.org\/{rel}","templated":true}]}}