{"id":276086,"date":"2025-03-02T17:08:39","date_gmt":"2025-03-02T17:08:39","guid":{"rendered":"https:\/\/staging.nbg.eu\/product\/bore-tech-decimator-suppressor-cleaner\/"},"modified":"2025-03-20T13:31:36","modified_gmt":"2025-03-20T13:31:36","slug":"bore-tech-decimator-hangtompito-tisztito","status":"publish","type":"product","link":"https:\/\/staging.nbg.eu\/hu\/termek\/bore-tech-decimator-hangtompito-tisztito\/","title":{"rendered":"Bore Tech Decimator Hangtomp\u00edt\u00f3 Tiszt\u00edt\u00f3"},"content":{"rendered":"<div class=\"product-description\">\n<h2>Bore Tech Decimator hangtomp\u00edt\u00f3 tiszt\u00edt\u00f3<\/h2>\n<p>A Bore Tech Decimator hangtomp\u00edt\u00f3 tiszt\u00edt\u00f3 egy k\u00e9tr\u00e9szes formula, amely rimfire \u00e9s centerfire hangtomp\u00edt\u00f3kban l\u00e9v\u0151 szennyez\u0151d\u00e9sek elt\u00e1vol\u00edt\u00e1s\u00e1ra szolg\u00e1l.<\/p>\n<ul>\n<li>Biztons\u00e1gos hangtomp\u00edt\u00f3khoz<\/li>\n<li>Nem vesz\u00e9lyes \u00e9s amm\u00f3niamentes<\/li>\n<li>Szagtalan \u00e9s biol\u00f3giailag leboml\u00f3<\/li>\n<li>Biztons\u00e1gos alum\u00edniumhoz, rozsdamentes ac\u00e9lhoz, tit\u00e1nhoz \u00e9s k\u00fcl\u00f6nb\u00f6z\u0151 \u00f6tv\u00f6zetekhez<\/li>\n<\/ul>\n<p>Az A r\u00e9sz a sz\u00e9n\/\u00f3lom lerak\u00f3d\u00e1sokat c\u00e9lozza, m\u00edg a B r\u00e9sz a r\u00e9z szennyez\u0151d\u00e9sekre \u00f6sszpontos\u00edt. A Decimator hangtomp\u00edt\u00f3 tiszt\u00edt\u00f3 rendszerrel egy\u00fctt haszn\u00e1lva alkalmas hangtomp\u00edt\u00f3k, cs\u0151sz\u00e1jf\u00e9kek, QD szerel\u00e9kek \u00e9s l\u00e1ngrejt\u0151k karbantart\u00e1s\u00e1ra.<\/p>\n<p>A Bore Tech Decimator hangtomp\u00edt\u00f3 tiszt\u00edt\u00f3 seg\u00edt fenntartani a hangtomp\u00edt\u00f3k teljes\u00edtm\u00e9ny\u00e9t.<\/p>\n<\/div>\n","protected":false},"excerpt":{"rendered":"<p>Hat\u00e9kony, biztons\u00e1gos hangtomp\u00edt\u00f3 tiszt\u00edt\u00f3szer sz\u00e9ls\u0151s\u00e9ges szennyez\u0151d\u00e9sek elt\u00e1vol\u00edt\u00e1s\u00e1ra.<\/p>\n","protected":false},"featured_media":235249,"template":"","meta":{"_acf_changed":false},"product_brand":[],"product_cat":[12948,12983],"product_tag":[],"class_list":{"0":"post-276086","1":"product","2":"type-product","3":"status-publish","4":"has-post-thumbnail","6":"product_cat-fegyvertisztitas","7":"product_cat-kategorizalatlan","9":"first","10":"instock","11":"taxable","12":"shipping-taxable","13":"purchasable","14":"product-type-simple"},"acf":[],"_links":{"self":[{"href":"https:\/\/staging.nbg.eu\/hu\/wp-json\/wp\/v2\/product\/276086","targetHints":{"allow":["GET"]}}],"collection":[{"href":"https:\/\/staging.nbg.eu\/hu\/wp-json\/wp\/v2\/product"}],"about":[{"href":"https:\/\/staging.nbg.eu\/hu\/wp-json\/wp\/v2\/types\/product"}],"wp:featuredmedia":[{"embeddable":true,"href":"https:\/\/staging.nbg.eu\/hu\/wp-json\/wp\/v2\/media\/235249"}],"wp:attachment":[{"href":"https:\/\/staging.nbg.eu\/hu\/wp-json\/wp\/v2\/media?parent=276086"}],"wp:term":[{"taxonomy":"product_brand","embeddable":true,"href":"https:\/\/staging.nbg.eu\/hu\/wp-json\/wp\/v2\/product_brand?post=276086"},{"taxonomy":"product_cat","embeddable":true,"href":"https:\/\/staging.nbg.eu\/hu\/wp-json\/wp\/v2\/product_cat?post=276086"},{"taxonomy":"product_tag","embeddable":true,"href":"https:\/\/staging.nbg.eu\/hu\/wp-json\/wp\/v2\/product_tag?post=276086"}],"curies":[{"name":"wp","href":"https:\/\/api.w.org\/{rel}","templated":true}]}}