{"id":274977,"date":"2025-03-03T19:13:19","date_gmt":"2025-03-20T10:48:44","guid":{"rendered":"https:\/\/staging.nbg.eu\/product\/bore-tech-patch-guide\/"},"modified":"2025-03-20T10:51:01","modified_gmt":"2025-03-20T10:51:01","slug":"bore-tech-folt-vezeto","status":"publish","type":"product","link":"https:\/\/staging.nbg.eu\/hu\/termek\/bore-tech-folt-vezeto\/","title":{"rendered":"Bore Tech Folt Vezet\u0151"},"content":{"rendered":"<h2>Bore Tech AR-15\/AR-10 Tiszt\u00edt\u00f3folt Vezet\u0151<\/h2>\n<p>A Bore Tech Tiszt\u00edt\u00f3folt Vezet\u0151 egy szabadalmaztatott, k\u00e9z n\u00e9lk\u00fcli folt r\u00f6gz\u00edt\u0151 rendszer, amely cs\u00f6kkenti a rendetlens\u00e9get \u00e9s egyszer\u0171s\u00edti a tiszt\u00edt\u00e1si folyamatot.<\/p>\n<ul>\n<li>Prec\u00edzi\u00f3s CNC mart alum\u00ednium alkatr\u00e9szek<\/li>\n<li>Elox\u00e1lt fel\u00fclet a tart\u00f3ss\u00e1g\u00e9rt<\/li>\n<li>A tiszt\u00edt\u00f3p\u00e1lc\u00e1t a puska cs\u00f6v\u00e9hez igaz\u00edtja<\/li>\n<li>Megakad\u00e1lyozza a reteszel\u0151 f\u00fclek \u00e9s a kamra sz\u00e9leinek s\u00e9r\u00fcl\u00e9s\u00e9t<\/li>\n<li>Cser\u00e9lhet\u0151, old\u00f3szer\u00e1ll\u00f3 el\u00fcls\u0151 adapterek<\/li>\n<li>K\u00fcl\u00f6nb\u00f6z\u0151 AR-15 \u00e9s AR-10 kaliberekhez el\u00e9rhet\u0151<\/li>\n<\/ul>\n<p>Egyszer\u0171s\u00edti a tiszt\u00edt\u00e1st \u00e9s v\u00e9di a pusk\u00e1t \u00e9s a tiszt\u00edt\u00f3p\u00e1lc\u00e1t. A Bore Tech Tiszt\u00edt\u00f3folt Vezet\u0151 egy fontos eszk\u00f6z a fegyvertulajdonosok sz\u00e1m\u00e1ra. Az Egyes\u00fclt \u00c1llamokban gy\u00e1rtva.<\/p>\n<p><strong>V\u00e1lassza a Bore Tech-et.<\/strong><\/p>\n","protected":false},"excerpt":{"rendered":"<p>K\u00f6nny\u0171, rendetlen AR-15\/AR-10 tiszt\u00edt\u00e1s k\u00e9zmentes tiszt\u00edt\u00f3folt r\u00f6gz\u00edt\u00e9ssel.<\/p>\n","protected":false},"featured_media":235528,"template":"","meta":{"_acf_changed":false},"product_brand":[11153],"product_cat":[12948,12932],"product_tag":[],"class_list":{"0":"post-274977","1":"product","2":"type-product","3":"status-publish","4":"has-post-thumbnail","6":"product_brand-boretech","7":"product_cat-fegyvertisztitas","8":"product_cat-foltok-es-folttoeltok","9":"pa_model-ar-10-hu","10":"pa_model-ar-15-hu","12":"first","13":"instock","14":"taxable","15":"shipping-taxable","16":"purchasable","17":"product-type-variable","18":"wvs-archive-product-wrapper"},"acf":[],"_links":{"self":[{"href":"https:\/\/staging.nbg.eu\/hu\/wp-json\/wp\/v2\/product\/274977","targetHints":{"allow":["GET"]}}],"collection":[{"href":"https:\/\/staging.nbg.eu\/hu\/wp-json\/wp\/v2\/product"}],"about":[{"href":"https:\/\/staging.nbg.eu\/hu\/wp-json\/wp\/v2\/types\/product"}],"wp:featuredmedia":[{"embeddable":true,"href":"https:\/\/staging.nbg.eu\/hu\/wp-json\/wp\/v2\/media\/235528"}],"wp:attachment":[{"href":"https:\/\/staging.nbg.eu\/hu\/wp-json\/wp\/v2\/media?parent=274977"}],"wp:term":[{"taxonomy":"product_brand","embeddable":true,"href":"https:\/\/staging.nbg.eu\/hu\/wp-json\/wp\/v2\/product_brand?post=274977"},{"taxonomy":"product_cat","embeddable":true,"href":"https:\/\/staging.nbg.eu\/hu\/wp-json\/wp\/v2\/product_cat?post=274977"},{"taxonomy":"product_tag","embeddable":true,"href":"https:\/\/staging.nbg.eu\/hu\/wp-json\/wp\/v2\/product_tag?post=274977"}],"curies":[{"name":"wp","href":"https:\/\/api.w.org\/{rel}","templated":true}]}}