{"id":274797,"date":"2025-03-03T19:50:37","date_gmt":"2025-03-03T19:50:37","guid":{"rendered":"https:\/\/staging.nbg.eu\/product\/daa-dry-fire-target-set-metric-uspsa\/"},"modified":"2025-03-20T10:17:54","modified_gmt":"2025-03-20T10:17:54","slug":"daa-szarazloeveszet-celtabla-szett-metric-uspsa","status":"publish","type":"product","link":"https:\/\/staging.nbg.eu\/hu\/termek\/daa-szarazloeveszet-celtabla-szett-metric-uspsa\/","title":{"rendered":"DAA Sz\u00e1razl\u00f6v\u00e9szet C\u00e9lt\u00e1bla Szett (Metric &#8211; USPSA)"},"content":{"rendered":"<div class=\"product-description\">\n<h2>DAA Sz\u00e1raz T\u00fczel\u00e9si C\u00e9lpont K\u00e9szlet (Metrikus &#8211; USPSA)<\/h2>\n<p>Ez a k\u00e9szlet 17 kicsiny\u00edtett USPSA metrikus c\u00e9lpontot tartalmaz, belt\u00e9ri gyakorl\u00e1shoz.<\/p>\n<ul>\n<li>3 mm-es falemezb\u0151l l\u00e9zerv\u00e1g\u00e1ssal k\u00e9sz\u00fclt<\/li>\n<li>15, 20 \u00e9s 30 m\u00e9teres c\u00e9lpontokat szimul\u00e1l 2,5-3 m\u00e9teres t\u00e1vols\u00e1gb\u00f3l<\/li>\n<li>H\u00e1rom m\u00e9ret: 32% (24cm), 20% (15cm) \u00e9s 12% (9cm) a teljes m\u00e9ret\u0171 c\u00e9lpontokhoz k\u00e9pest<\/li>\n<li>R\u00e9szleges c\u00e9lpontokat is tartalmaz<\/li>\n<li>Felakaszt\u00e1shoz lyukakkal ell\u00e1tva<\/li>\n<\/ul>\n<p>A k\u00e9szlet seg\u00edt a sz\u00e1raz t\u00fczel\u00e9si gyakorl\u00e1sban \u00e9s az els\u00fct\u0151billenty\u0171-kezel\u00e9s fejleszt\u00e9s\u00e9ben. Otthoni haszn\u00e1latra alkalmas.<\/p>\n<\/div>\n","protected":false},"excerpt":{"rendered":"<p>\u00c9leth\u0171, m\u00e9retar\u00e1nyos USPSA c\u00e9lpontok hat\u00e9kony otthoni sz\u00e1razgyakorl\u00e1shoz.<\/p>\n","protected":false},"featured_media":235974,"template":"","meta":{"_acf_changed":false},"product_brand":[11267],"product_cat":[12965,12940],"product_tag":[],"class_list":{"0":"post-274797","1":"product","2":"type-product","3":"status-publish","4":"has-post-thumbnail","6":"product_brand-doublealpha","7":"product_cat-celpontok","8":"product_cat-papir-celok","10":"first","11":"outofstock","12":"taxable","13":"shipping-taxable","14":"purchasable","15":"product-type-simple"},"acf":[],"_links":{"self":[{"href":"https:\/\/staging.nbg.eu\/hu\/wp-json\/wp\/v2\/product\/274797","targetHints":{"allow":["GET"]}}],"collection":[{"href":"https:\/\/staging.nbg.eu\/hu\/wp-json\/wp\/v2\/product"}],"about":[{"href":"https:\/\/staging.nbg.eu\/hu\/wp-json\/wp\/v2\/types\/product"}],"wp:featuredmedia":[{"embeddable":true,"href":"https:\/\/staging.nbg.eu\/hu\/wp-json\/wp\/v2\/media\/235974"}],"wp:attachment":[{"href":"https:\/\/staging.nbg.eu\/hu\/wp-json\/wp\/v2\/media?parent=274797"}],"wp:term":[{"taxonomy":"product_brand","embeddable":true,"href":"https:\/\/staging.nbg.eu\/hu\/wp-json\/wp\/v2\/product_brand?post=274797"},{"taxonomy":"product_cat","embeddable":true,"href":"https:\/\/staging.nbg.eu\/hu\/wp-json\/wp\/v2\/product_cat?post=274797"},{"taxonomy":"product_tag","embeddable":true,"href":"https:\/\/staging.nbg.eu\/hu\/wp-json\/wp\/v2\/product_tag?post=274797"}],"curies":[{"name":"wp","href":"https:\/\/api.w.org\/{rel}","templated":true}]}}