{"id":274661,"date":"2025-03-06T20:28:07","date_gmt":"2025-03-20T10:00:28","guid":{"rendered":"https:\/\/staging.nbg.eu\/product\/3m-peltor-protac-iii-slim-headset\/"},"modified":"2025-03-20T10:03:04","modified_gmt":"2025-03-20T10:03:04","slug":"3m-peltor-protac-iii-slim-fejhallgato","status":"publish","type":"product","link":"https:\/\/staging.nbg.eu\/hu\/termek\/3m-peltor-protac-iii-slim-fejhallgato\/","title":{"rendered":"3M PELTOR ProTac III Slim Fejhallgat\u00f3"},"content":{"rendered":"<div class=\"product-description\">\n<h2>3M\u2122 PELTOR\u2122 ProTac III Slim fejhallgat\u00f3<\/h2>\n<p>A ProTac III Slim fejhallgat\u00f3 hall\u00e1sv\u00e9delmet biztos\u00edt. Ez a fejhallgat\u00f3 a k\u00f6vetkez\u0151ket k\u00edn\u00e1lja:<\/p>\n<ul>\n<li>23 dB zajcs\u00f6kkent\u00e9si \u00e9rt\u00e9k (NRR)<\/li>\n<li>K\u00f6rnyezeti mikrofonok szintf\u00fcgg\u0151 hall\u00e1sv\u00e9delemhez<\/li>\n<li>K\u00f6rnyezeti hangok hallgat\u00e1s\u00e1nak lehet\u0151s\u00e9ge a helyzetfelismer\u00e9shez<\/li>\n<li>Hanger\u0151korl\u00e1toz\u00f3 technol\u00f3gia, amely 82 dBA-ra korl\u00e1tozza a hangsz\u00f3r\u00f3 hangerej\u00e9t<\/li>\n<li>3,5 mm-es csak hallgat\u00e1sra alkalmas sztere\u00f3 bemenet k\u00fcls\u0151 eszk\u00f6z\u00f6kh\u00f6z (mobiltelefonok, k\u00e9tir\u00e1ny\u00fa r\u00e1di\u00f3k, iPod-ok)<\/li>\n<\/ul>\n<p>Jellemz\u0151k:<\/p>\n<ul>\n<li>Fekete kivitel<\/li>\n<li>Fejp\u00e1nt felf\u00fcggeszt\u00e9s<\/li>\n<li>Vezet\u00e9kes csatlakoz\u00e1s<\/li>\n<\/ul>\n<p>Olyan szakemberek sz\u00e1m\u00e1ra, akiknek kommunik\u00e1ci\u00f3s k\u00e9pess\u00e9gekre van sz\u00fcks\u00e9g\u00fck a hall\u00e1sv\u00e9delem megtart\u00e1sa mellett.<\/p>\n<\/div>\n","protected":false},"excerpt":{"rendered":"<p>Intelligens hall\u00e1sv\u00e9delem k\u00f6rnyezeti hangok \u00e9rz\u00e9kel\u00e9s\u00e9vel \u00e9s eszk\u00f6zcsatlakoz\u00e1si lehet\u0151s\u00e9ggel.<\/p>\n","protected":false},"featured_media":245679,"template":"","meta":{"_acf_changed":false},"product_brand":[11018],"product_cat":[12934,12929],"product_tag":[],"class_list":{"0":"post-274661","1":"product","2":"type-product","3":"status-publish","4":"has-post-thumbnail","6":"product_brand-3m","7":"product_cat-felszereles","8":"product_cat-hallasvedelem","10":"first","11":"instock","12":"taxable","13":"shipping-taxable","14":"purchasable","15":"product-type-simple"},"acf":[],"_links":{"self":[{"href":"https:\/\/staging.nbg.eu\/hu\/wp-json\/wp\/v2\/product\/274661","targetHints":{"allow":["GET"]}}],"collection":[{"href":"https:\/\/staging.nbg.eu\/hu\/wp-json\/wp\/v2\/product"}],"about":[{"href":"https:\/\/staging.nbg.eu\/hu\/wp-json\/wp\/v2\/types\/product"}],"wp:featuredmedia":[{"embeddable":true,"href":"https:\/\/staging.nbg.eu\/hu\/wp-json\/wp\/v2\/media\/245679"}],"wp:attachment":[{"href":"https:\/\/staging.nbg.eu\/hu\/wp-json\/wp\/v2\/media?parent=274661"}],"wp:term":[{"taxonomy":"product_brand","embeddable":true,"href":"https:\/\/staging.nbg.eu\/hu\/wp-json\/wp\/v2\/product_brand?post=274661"},{"taxonomy":"product_cat","embeddable":true,"href":"https:\/\/staging.nbg.eu\/hu\/wp-json\/wp\/v2\/product_cat?post=274661"},{"taxonomy":"product_tag","embeddable":true,"href":"https:\/\/staging.nbg.eu\/hu\/wp-json\/wp\/v2\/product_tag?post=274661"}],"curies":[{"name":"wp","href":"https:\/\/api.w.org\/{rel}","templated":true}]}}