{"id":274527,"date":"2025-03-03T19:48:45","date_gmt":"2025-03-03T19:48:45","guid":{"rendered":"https:\/\/staging.nbg.eu\/product\/daa-dry-fire-target-set-classic-ipsc\/"},"modified":"2025-03-20T09:17:13","modified_gmt":"2025-03-20T09:17:13","slug":"daa-szarazloeveszet-celtabla-szett-classic-ipsc","status":"publish","type":"product","link":"https:\/\/staging.nbg.eu\/hu\/termek\/daa-szarazloeveszet-celtabla-szett-classic-ipsc\/","title":{"rendered":"DAA Sz\u00e1razl\u00f6v\u00e9szet C\u00e9lt\u00e1bla Szett (Classic-IPSC)"},"content":{"rendered":"<h2>DAA Sz\u00e1razl\u00f6v\u00e9szet C\u00e9lpont K\u00e9szlet (Klasszikus-IPSC)<\/h2>\n<p>Gyakorolja a l\u00f6v\u00e9szetet ezzel a Sz\u00e1razl\u00f6v\u00e9szet C\u00e9lpont K\u00e9szlettel, amely 20 m\u00e9retar\u00e1nyos IPSC Klasszikus c\u00e9lpontot tartalmaz. Belt\u00e9ri gyakorl\u00e1sra alkalmas, ezek a l\u00e9zerv\u00e1gott fa c\u00e9lpontok val\u00f3s t\u00e1vols\u00e1gokat \u00e9s c\u00e9lk\u00e9peket szimul\u00e1lnak.<\/p>\n<ul>\n<li>3mm vastag fa lapok tart\u00f3ss\u00e1g\u00e9rt \u00e9s val\u00f3s sz\u00edn\u00e9rt<\/li>\n<li>M\u00e9retek: 32% (18,5cm), 20% (11,5cm) \u00e9s 12% (6,8cm) a teljes m\u00e9ret\u0171 c\u00e9lpontokhoz k\u00e9pest<\/li>\n<li>Tartalmaz 3 kis popper c\u00e9lpontot \u00e9s r\u00e9szleges c\u00e9lpontokat<\/li>\n<li>Akaszt\u00f3lyukak a k\u00f6nny\u0171 fel\u00e1ll\u00edt\u00e1shoz<\/li>\n<\/ul>\n<p>Fejlessze l\u00f6v\u00e9sztechnik\u00e1j\u00e1t l\u0151szer k\u00f6lts\u00e9gek \u00e9s l\u0151t\u00e9ri id\u0151 n\u00e9lk\u00fcl. Gyakoroljon saj\u00e1t felszerel\u00e9s\u00e9vel \u00e9s fejlessze a kritikus tudatalatti k\u00e9szs\u00e9geket. Helyezze a c\u00e9lpontokat 2,5-3 m\u00e9ter t\u00e1vols\u00e1gra, hogy 15, 20 \u00e9s 30 m\u00e9teres t\u00e1vols\u00e1gokat szimul\u00e1ljon. T\u00f6k\u00e9letes\u00edtse c\u00e9lk\u00e9p\u00e9t \u00e9s els\u00fct\u00e9s-kontrollj\u00e1t otthona k\u00e9nyelm\u00e9ben.<\/p>\n<p>Fejlessze sz\u00e1razl\u00f6v\u00e9szet gyakorlat\u00e1t a DAA Sz\u00e1razl\u00f6v\u00e9szet C\u00e9lpont K\u00e9szlettel.<\/p>\n","protected":false},"excerpt":{"rendered":"<p>Val\u00f3s\u00e1gh\u0171, m\u00e9retar\u00e1nyos IPSC c\u00e9lpontok hat\u00e9kony sz\u00e1razl\u00f6v\u00e9szeti gyakorl\u00e1shoz otthon.<\/p>\n","protected":false},"featured_media":235927,"template":"","meta":{"_acf_changed":false},"product_brand":[11267],"product_cat":[12965,12940],"product_tag":[],"class_list":{"0":"post-274527","1":"product","2":"type-product","3":"status-publish","4":"has-post-thumbnail","6":"product_brand-doublealpha","7":"product_cat-celpontok","8":"product_cat-papir-celok","10":"first","11":"outofstock","12":"taxable","13":"shipping-taxable","14":"purchasable","15":"product-type-simple"},"acf":[],"_links":{"self":[{"href":"https:\/\/staging.nbg.eu\/hu\/wp-json\/wp\/v2\/product\/274527","targetHints":{"allow":["GET"]}}],"collection":[{"href":"https:\/\/staging.nbg.eu\/hu\/wp-json\/wp\/v2\/product"}],"about":[{"href":"https:\/\/staging.nbg.eu\/hu\/wp-json\/wp\/v2\/types\/product"}],"wp:featuredmedia":[{"embeddable":true,"href":"https:\/\/staging.nbg.eu\/hu\/wp-json\/wp\/v2\/media\/235927"}],"wp:attachment":[{"href":"https:\/\/staging.nbg.eu\/hu\/wp-json\/wp\/v2\/media?parent=274527"}],"wp:term":[{"taxonomy":"product_brand","embeddable":true,"href":"https:\/\/staging.nbg.eu\/hu\/wp-json\/wp\/v2\/product_brand?post=274527"},{"taxonomy":"product_cat","embeddable":true,"href":"https:\/\/staging.nbg.eu\/hu\/wp-json\/wp\/v2\/product_cat?post=274527"},{"taxonomy":"product_tag","embeddable":true,"href":"https:\/\/staging.nbg.eu\/hu\/wp-json\/wp\/v2\/product_tag?post=274527"}],"curies":[{"name":"wp","href":"https:\/\/api.w.org\/{rel}","templated":true}]}}