{"id":242316,"date":"2025-03-06T16:42:42","date_gmt":"2025-03-06T16:42:42","guid":{"rendered":"https:\/\/staging.nbg.eu\/product\/garmin-xero-c1-pro-chronograph\/"},"modified":"2025-03-06T17:07:49","modified_gmt":"2025-03-06T17:07:49","slug":"garmin-xero-c1-pro-kronograf","status":"publish","type":"product","link":"https:\/\/staging.nbg.eu\/hu\/termek\/garmin-xero-c1-pro-kronograf\/","title":{"rendered":"# Garmin &#8211; Xero\u00ae C1 Pro Kronogr\u00e1f"},"content":{"rendered":"<div class=\"product-description\">\n<h2>Garmin Xero\u00ae C1 Pro Kronogr\u00e1f<\/h2>\n<p>A Garmin Xero\u00ae C1 Pro Kronogr\u00e1f egy eszk\u00f6z a prec\u00edzi\u00f3s ballisztikai sz\u00e1m\u00edt\u00e1sokhoz. Haszn\u00e1lhat\u00f3 k\u00e9zi t\u00f6lt\u00e9s\u0171 l\u0151szerek finomhangol\u00e1s\u00e1hoz vagy ny\u00edlvessz\u0151k k\u00e9sz\u00edt\u00e9s\u00e9hez, \u00e9s sebess\u00e9gadatokat szolg\u00e1ltat.<\/p>\n<h2>F\u0151 jellemz\u0151k:<\/h2>\n<ul>\n<li>M\u00e9ri a l\u00f6ved\u00e9kek sebess\u00e9g\u00e9t 100 fps-t\u0151l 5000 fps-ig<\/li>\n<li>Egyszer\u0171, gombokkal m\u0171k\u00f6dtethet\u0151 kialak\u00edt\u00e1s<\/li>\n<li>P\u00e1ros\u00edthat\u00f3 a ShotView\u2122 okostelefon alkalmaz\u00e1ssal adatok k\u00f6vet\u00e9s\u00e9hez \u00e9s elemz\u00e9s\u00e9hez<\/li>\n<li>IPX7 v\u00edz\u00e1ll\u00f3s\u00e1gi besorol\u00e1s<\/li>\n<li>Kompakt kialak\u00edt\u00e1s, gyorsan fel\u00e1ll\u00edthat\u00f3<\/li>\n<li>Akkumul\u00e1tor \u00e9lettartama: 2000 l\u00f6v\u00e9s vagy 6 \u00f3ra haszn\u00e1lat<\/li>\n<\/ul>\n<h2>Teljes\u00edtm\u00e9ny:<\/h2>\n<p>A Xero C1 Pro \u00e9rz\u00e9kel\u0151je megb\u00edzhat\u00f3 l\u00f6v\u00e9s\u00e9rz\u00e9kel\u00e9st biztos\u00edt. Haszn\u00e1lhat\u00f3 goly\u00f3khoz, nyilakhoz, s\u00f6r\u00e9tekhez, airsoft BB-khez, pelletekhez \u00e9s paintball goly\u00f3khoz. A h\u00e1tt\u00e9rvil\u00e1g\u00edtott kijelz\u0151 belt\u00e9ri \u00e9s k\u00fclt\u00e9ri haszn\u00e1latot is lehet\u0151v\u00e9 tesz.<\/p>\n<h2>Intelligens funkci\u00f3k:<\/h2>\n<p>A ShotView\u2122 alkalmaz\u00e1ssal szinkroniz\u00e1lva adatokat lehet k\u00f6vetni. Az alkalmaz\u00e1s lehet\u0151v\u00e9 teszi a l\u00f6v\u00e9sek nyomon k\u00f6vet\u00e9s\u00e9t, az elt\u00e9r\u00e9sek m\u00e9r\u00e9s\u00e9t, jegyzetek hozz\u00e1ad\u00e1s\u00e1t \u00e9s a teljes\u00edtm\u00e9ny elemz\u00e9s\u00e9t.<\/p>\n<h2>L\u0151t\u00e9rre tervezve:<\/h2>\n<p>IPX7 v\u00edz\u00e1ll\u00f3s\u00e1gi besorol\u00e1ssal \u00e9s tart\u00f3s kialak\u00edt\u00e1ssal rendelkezik. Kompatibilis hangtomp\u00edt\u00f3val \u00e9s cs\u0151sz\u00e1jf\u00e9kkel vagy kompenz\u00e1torral felszerelt fegyverekkel.<\/p>\n<h2>Pontoss\u00e1g:<\/h2>\n<p>A Xero C1 Pro nem ig\u00e9nyel r\u00f6gz\u00edt\u00e9st a fegyverhez, \u00edgy meg\u0151rzi a bel\u00f6v\u00e9st \u00e9s a cs\u0151 harmonik\u00e1j\u00e1t. Ez a kialak\u00edt\u00e1s biztos\u00edtja a m\u00e9r\u00e9sek pontoss\u00e1g\u00e1t a fegyver teljes\u00edtm\u00e9ny\u00e9nek befoly\u00e1sol\u00e1sa n\u00e9lk\u00fcl.<\/p>\n<p>A Garmin Xero\u00ae C1 Pro Kronogr\u00e1f egy eszk\u00f6z a l\u00f6v\u00e9szet pontoss\u00e1g\u00e1nak jav\u00edt\u00e1s\u00e1hoz.<\/p>\n<\/div>\n","protected":false},"excerpt":{"rendered":"<p>Prec\u00edz kronogr\u00e1f l\u00f6ved\u00e9kek sebess\u00e9g\u00e9nek m\u00e9r\u00e9s\u00e9re. Kompakt, tart\u00f3s \u00e9s alkalmaz\u00e1s-kompatibilis \u2013 T\u00f6k\u00e9letes l\u00f6v\u00e9szek \u00e9s \u00edj\u00e1szok sz\u00e1m\u00e1ra.<\/p>\n","protected":false},"featured_media":241969,"template":"","meta":{"_acf_changed":false},"product_brand":[],"product_cat":[12934,12970,12963,12917],"product_tag":[],"class_list":{"0":"post-242316","1":"product","2":"type-product","3":"status-publish","4":"has-post-thumbnail","6":"product_cat-felszereles","7":"product_cat-szerszamok","8":"product_cat-ujratoeltes","9":"product_cat-ujratoelto-kiegeszitok","11":"first","12":"instock","13":"taxable","14":"shipping-taxable","15":"purchasable","16":"product-type-simple"},"acf":[],"_links":{"self":[{"href":"https:\/\/staging.nbg.eu\/hu\/wp-json\/wp\/v2\/product\/242316","targetHints":{"allow":["GET"]}}],"collection":[{"href":"https:\/\/staging.nbg.eu\/hu\/wp-json\/wp\/v2\/product"}],"about":[{"href":"https:\/\/staging.nbg.eu\/hu\/wp-json\/wp\/v2\/types\/product"}],"wp:featuredmedia":[{"embeddable":true,"href":"https:\/\/staging.nbg.eu\/hu\/wp-json\/wp\/v2\/media\/241969"}],"wp:attachment":[{"href":"https:\/\/staging.nbg.eu\/hu\/wp-json\/wp\/v2\/media?parent=242316"}],"wp:term":[{"taxonomy":"product_brand","embeddable":true,"href":"https:\/\/staging.nbg.eu\/hu\/wp-json\/wp\/v2\/product_brand?post=242316"},{"taxonomy":"product_cat","embeddable":true,"href":"https:\/\/staging.nbg.eu\/hu\/wp-json\/wp\/v2\/product_cat?post=242316"},{"taxonomy":"product_tag","embeddable":true,"href":"https:\/\/staging.nbg.eu\/hu\/wp-json\/wp\/v2\/product_tag?post=242316"}],"curies":[{"name":"wp","href":"https:\/\/api.w.org\/{rel}","templated":true}]}}