{"id":22553,"date":"2024-08-19T17:28:32","date_gmt":"2024-08-19T17:28:32","guid":{"rendered":"https:\/\/staging.nbg.eu\/product\/termek-2\/"},"modified":"2024-09-09T15:08:13","modified_gmt":"2024-09-09T15:08:13","slug":"slide-stop-rugo-csap-kmr","status":"publish","type":"product","link":"https:\/\/staging.nbg.eu\/hu\/termek\/slide-stop-rugo-csap-kmr\/","title":{"rendered":"Slide Stop Rug\u00f3 Csap KMR"},"content":{"rendered":"<p>KMR prec\u00edzi\u00f3s sz\u00e1nemel\u0151 rug\u00f3s csap: Tart\u00f3s, pontos illeszked\u00e9s.<\/p>\n","protected":false},"excerpt":{"rendered":"<p>L\u00e9tfontoss\u00e1g\u00fa KMR pisztoly alkatr\u00e9sz, prec\u00edzi\u00f3s gy\u00e1rt\u00e1s.<\/p>\n","protected":false},"featured_media":60771,"template":"","meta":{"_acf_changed":false},"product_brand":[],"product_cat":[12919],"product_tag":[],"class_list":{"0":"post-22553","1":"product","2":"type-product","3":"status-publish","4":"has-post-thumbnail","6":"product_cat-kmr-alkatreszek","8":"first","9":"instock","10":"taxable","11":"shipping-taxable","12":"product-type-simple"},"acf":[],"_links":{"self":[{"href":"https:\/\/staging.nbg.eu\/hu\/wp-json\/wp\/v2\/product\/22553","targetHints":{"allow":["GET"]}}],"collection":[{"href":"https:\/\/staging.nbg.eu\/hu\/wp-json\/wp\/v2\/product"}],"about":[{"href":"https:\/\/staging.nbg.eu\/hu\/wp-json\/wp\/v2\/types\/product"}],"wp:featuredmedia":[{"embeddable":true,"href":"https:\/\/staging.nbg.eu\/hu\/wp-json\/wp\/v2\/media\/60771"}],"wp:attachment":[{"href":"https:\/\/staging.nbg.eu\/hu\/wp-json\/wp\/v2\/media?parent=22553"}],"wp:term":[{"taxonomy":"product_brand","embeddable":true,"href":"https:\/\/staging.nbg.eu\/hu\/wp-json\/wp\/v2\/product_brand?post=22553"},{"taxonomy":"product_cat","embeddable":true,"href":"https:\/\/staging.nbg.eu\/hu\/wp-json\/wp\/v2\/product_cat?post=22553"},{"taxonomy":"product_tag","embeddable":true,"href":"https:\/\/staging.nbg.eu\/hu\/wp-json\/wp\/v2\/product_tag?post=22553"}],"curies":[{"name":"wp","href":"https:\/\/api.w.org\/{rel}","templated":true}]}}