{"id":214316,"date":"2024-01-13T11:03:57","date_gmt":"2024-01-13T11:03:57","guid":{"rendered":"https:\/\/staging.nbg.eu\/product\/surefire-m640v-pro-scout-light-pro-infrared\/"},"modified":"2025-02-19T16:46:16","modified_gmt":"2025-02-19T16:46:16","slug":"surefire-m640v-pro-scout-light-pro-infravoeroes","status":"publish","type":"product","link":"https:\/\/staging.nbg.eu\/hu\/termek\/surefire-m640v-pro-scout-light-pro-infravoeroes\/","title":{"rendered":"SureFire M640V-PRO (SCOUT LIGHT PRO INFRAV\u00d6R\u00d6S)"},"content":{"rendered":"<div class=\"product-description\">\n<h2>SureFire M640V-PRO SCOUT LIGHT PRO INFRAV\u00d6R\u00d6S<\/h2>\n<p>Az M640V-PRO jellemz\u0151i:<\/p>\n<ul>\n<li>Hibrid f\u00e9nysug\u00e1r minta hossz\u00fa t\u00e1v\u00fa azonos\u00edt\u00e1shoz \u00e9s helyzetfelismer\u00e9shez<\/li>\n<li>\u00daj alacsony profil\u00fa r\u00f6gz\u00edt\u00e9s az optim\u00e1lis elhelyez\u00e9shez \u00e9s kompatibilit\u00e1shoz s\u00ednre szerelt kieg\u00e9sz\u00edt\u0151kkel<\/li>\n<li>T\u00f6bbf\u00e9le r\u00f6gz\u00edt\u00e9si lehet\u0151s\u00e9g Picatinny vagy M-Lok s\u00ednekhez<\/li>\n<li>Kett\u0151s spektrum k\u00e9pess\u00e9g: 350 lumen feh\u00e9r f\u00e9ny \/ 120 mW IR kimenet<\/li>\n<li>Egyszer\u0171 spektrumv\u00e1laszt\u00e1s a foglalat elforgat\u00e1s\u00e1val<\/li>\n<li>Szabadalmaztatott TIR lencse messzire \u00e9r\u0151 f\u00e9nysug\u00e1rhoz b\u0151s\u00e9ges k\u00f6rnyezeti f\u00e9nnyel<\/li>\n<li>Egyszer\u0171 nyom\u00f3gombos h\u00e1ts\u00f3 sapka aktiv\u00e1l\u00e1s<\/li>\n<li>Tart\u00f3s rep\u00fcl\u0151g\u00e9pipari alum\u00ednium konstrukci\u00f3 katonai specifik\u00e1ci\u00f3j\u00fa kem\u00e9nyan\u00f3diz\u00e1lt bevonattal<\/li>\n<li>O-gy\u0171r\u0171s t\u00f6m\u00edt\u00e9s minden id\u0151j\u00e1r\u00e1si k\u00f6r\u00fclm\u00e9nyhez val\u00f3 megb\u00edzhat\u00f3s\u00e1g\u00e9rt<\/li>\n<\/ul>\n<p>Ez a strapab\u00edr\u00f3, sokoldal\u00fa fegyverl\u00e1mpa alkalmas taktikai helyzetekhez.<\/p>\n<\/div>\n","protected":false},"excerpt":{"rendered":"<p>Sokoldal\u00fa IR fegyverl\u00e1mpa hibrid f\u00e9nysug\u00e1rral \u00e9s alacsony profil\u00fa r\u00f6gz\u00edt\u00e9ssel.<\/p>\n","protected":false},"featured_media":214317,"template":"","meta":{"_acf_changed":false},"product_brand":[11863],"product_cat":[12958,12967],"product_tag":[],"class_list":{"0":"post-214316","1":"product","2":"type-product","3":"status-publish","4":"has-post-thumbnail","6":"product_brand-surefire","7":"product_cat-lampak","8":"product_cat-puska","10":"first","11":"instock","12":"taxable","13":"shipping-taxable","14":"purchasable","15":"product-type-simple"},"acf":[],"_links":{"self":[{"href":"https:\/\/staging.nbg.eu\/hu\/wp-json\/wp\/v2\/product\/214316","targetHints":{"allow":["GET"]}}],"collection":[{"href":"https:\/\/staging.nbg.eu\/hu\/wp-json\/wp\/v2\/product"}],"about":[{"href":"https:\/\/staging.nbg.eu\/hu\/wp-json\/wp\/v2\/types\/product"}],"wp:featuredmedia":[{"embeddable":true,"href":"https:\/\/staging.nbg.eu\/hu\/wp-json\/wp\/v2\/media\/214317"}],"wp:attachment":[{"href":"https:\/\/staging.nbg.eu\/hu\/wp-json\/wp\/v2\/media?parent=214316"}],"wp:term":[{"taxonomy":"product_brand","embeddable":true,"href":"https:\/\/staging.nbg.eu\/hu\/wp-json\/wp\/v2\/product_brand?post=214316"},{"taxonomy":"product_cat","embeddable":true,"href":"https:\/\/staging.nbg.eu\/hu\/wp-json\/wp\/v2\/product_cat?post=214316"},{"taxonomy":"product_tag","embeddable":true,"href":"https:\/\/staging.nbg.eu\/hu\/wp-json\/wp\/v2\/product_tag?post=214316"}],"curies":[{"name":"wp","href":"https:\/\/api.w.org\/{rel}","templated":true}]}}